{"id":924,"date":"2020-03-17T10:50:30","date_gmt":"2020-03-17T09:50:30","guid":{"rendered":"https:\/\/www.francecricket.com\/?page_id=924"},"modified":"2025-07-17T03:27:55","modified_gmt":"2025-07-17T02:27:55","slug":"test-orga","status":"publish","type":"page","link":"https:\/\/www.francecricket.com\/?page_id=924","title":{"rendered":"Organigramme"},"content":{"rendered":"<div id=\"pl-924\"  class=\"panel-layout\" ><div id=\"pg-924-0\"  class=\"panel-grid panel-no-style\" ><div id=\"pgc-924-0-0\"  class=\"panel-grid-cell\" ><div id=\"panel-924-0-0-0\" class=\"so-panel widget widget_siteorigin-panels-builder panel-first-child panel-last-child\" data-index=\"0\" ><div id=\"pl-w68785fabc652f\"  class=\"panel-layout\" ><div id=\"pg-w68785fabc652f-0\"  class=\"panel-grid panel-no-style\" ><div id=\"pgc-w68785fabc652f-0-0\"  class=\"panel-grid-cell\" ><div id=\"panel-w68785fabc652f-0-0-0\" class=\"so-panel widget widget_themegrill_flash_heading tg-widget section-title-wrapper panel-first-child panel-last-child\" data-index=\"0\" ><\/div><\/div><\/div><div id=\"pg-w68785fabc652f-1\"  class=\"panel-grid panel-no-style\" ><div id=\"pgc-w68785fabc652f-1-0\"  class=\"panel-grid-cell panel-grid-cell-empty\" ><\/div><div id=\"pgc-w68785fabc652f-1-1\"  class=\"panel-grid-cell panel-grid-cell-empty\" ><\/div><div id=\"pgc-w68785fabc652f-1-2\"  class=\"panel-grid-cell\" ><div id=\"panel-w68785fabc652f-1-2-0\" class=\"so-panel widget widget_themegrill_flash_team tg-widget tg-single-team panel-first-child panel-last-child\" data-index=\"1\" ><div class=\"tg-team-widget tg-team-layout-3\">\n\t<div class=\"team-wrapper\">\n\t\t\t\t<div class=\"team-img\">\n\t\t\t\t\t\t<img decoding=\"async\" src=\"https:\/\/www.francecricket.com\/wp-content\/uploads\/PrebouBalane.png\" alt=\"Prebou Balane\"\/>\n\t\t<\/div>\n\t\t\t\t<div class=\"team-content-wrapper\">\n\t\t\t<div class=\"team-desc-wrapper\">\n\t\t\t\t<h3 class=\"team-title\">Prebou Balane<\/h3>\n\t\t\t\t<div class=\"team-designation\">Pr\u00e9sident<\/div>\n\t\t\t\t<div class=\"team-content\"><\/div>\n\t\t\t\t\t\t\t<\/div>\n\t\t<\/div>\n\t<\/div>\n<\/div>\n<\/div><\/div><div id=\"pgc-w68785fabc652f-1-3\"  class=\"panel-grid-cell panel-grid-cell-empty panel-grid-cell-mobile-last\" ><\/div><div id=\"pgc-w68785fabc652f-1-4\"  class=\"panel-grid-cell panel-grid-cell-empty\" ><\/div><\/div><div id=\"pg-w68785fabc652f-2\"  class=\"panel-grid panel-no-style\" ><div id=\"pgc-w68785fabc652f-2-0\"  class=\"panel-grid-cell\" ><div id=\"panel-w68785fabc652f-2-0-0\" class=\"so-panel widget widget_themegrill_flash_heading tg-widget section-title-wrapper panel-first-child panel-last-child\" data-index=\"2\" ><\/div><\/div><\/div><div id=\"pg-w68785fabc652f-3\"  class=\"panel-grid panel-no-style\" ><div id=\"pgc-w68785fabc652f-3-0\"  class=\"panel-grid-cell\" ><div id=\"panel-w68785fabc652f-3-0-0\" class=\"so-panel widget widget_themegrill_flash_heading tg-widget section-title-wrapper panel-first-child panel-last-child\" data-index=\"3\" >\t<h3 class=\"section-title\">Membre du Bureau Directeur<\/h3>\n<\/div><\/div><\/div><div id=\"pg-w68785fabc652f-4\"  class=\"panel-grid panel-no-style\" ><div id=\"pgc-w68785fabc652f-4-0\"  class=\"panel-grid-cell\" ><div id=\"panel-w68785fabc652f-4-0-0\" class=\"so-panel widget widget_themegrill_flash_team tg-widget tg-single-team panel-first-child panel-last-child\" data-index=\"4\" ><div class=\"tg-team-widget tg-team-layout-3\">\n\t<div class=\"team-wrapper\">\n\t\t\t\t<div class=\"team-img\">\n\t\t\t\t\t\t<img decoding=\"async\" src=\"https:\/\/www.francecricket.com\/wp-content\/uploads\/Palani.png\" alt=\"Gurumurthy Palani\"\/>\n\t\t<\/div>\n\t\t\t\t<div class=\"team-content-wrapper\">\n\t\t\t<div class=\"team-desc-wrapper\">\n\t\t\t\t<h3 class=\"team-title\">Gurumurthy Palani<\/h3>\n\t\t\t\t<div class=\"team-designation\">Vice-Pr\u00e9sident<\/div>\n\t\t\t\t<div class=\"team-content\"><\/div>\n\t\t\t\t\t\t\t<\/div>\n\t\t<\/div>\n\t<\/div>\n<\/div>\n<\/div><\/div><div id=\"pgc-w68785fabc652f-4-1\"  class=\"panel-grid-cell\" ><div id=\"panel-w68785fabc652f-4-1-0\" class=\"so-panel widget widget_themegrill_flash_team tg-widget tg-single-team panel-first-child panel-last-child\" data-index=\"5\" ><div class=\"tg-team-widget tg-team-layout-3\">\n\t<div class=\"team-wrapper\">\n\t\t\t\t<div class=\"team-img\">\n\t\t\t\t\t\t<img decoding=\"async\" src=\"https:\/\/www.francecricket.com\/wp-content\/uploads\/patricia.png\" alt=\"Patricia Cl\u00e9ment\"\/>\n\t\t<\/div>\n\t\t\t\t<div class=\"team-content-wrapper\">\n\t\t\t<div class=\"team-desc-wrapper\">\n\t\t\t\t<h3 class=\"team-title\">Patricia Cl\u00e9ment<\/h3>\n\t\t\t\t<div class=\"team-designation\">Secr\u00e9taire G\u00e9n\u00e9ral<\/div>\n\t\t\t\t<div class=\"team-content\"><\/div>\n\t\t\t\t\t\t\t<\/div>\n\t\t<\/div>\n\t<\/div>\n<\/div>\n<\/div><\/div><div id=\"pgc-w68785fabc652f-4-2\"  class=\"panel-grid-cell\" ><div id=\"panel-w68785fabc652f-4-2-0\" class=\"so-panel widget widget_themegrill_flash_team tg-widget tg-single-team panel-first-child panel-last-child\" data-index=\"6\" ><div class=\"tg-team-widget tg-team-layout-3\">\n\t<div class=\"team-wrapper\">\n\t\t\t\t<div class=\"team-img\">\n\t\t\t\t\t\t<img decoding=\"async\" src=\"https:\/\/www.francecricket.com\/wp-content\/uploads\/Nanon.png\" alt=\"Nanon Le Breton\"\/>\n\t\t<\/div>\n\t\t\t\t<div class=\"team-content-wrapper\">\n\t\t\t<div class=\"team-desc-wrapper\">\n\t\t\t\t<h3 class=\"team-title\">Nanon Le Breton<\/h3>\n\t\t\t\t<div class=\"team-designation\">Secr\u00e9taire Adjointe<\/div>\n\t\t\t\t<div class=\"team-content\"><\/div>\n\t\t\t\t\t\t\t<\/div>\n\t\t<\/div>\n\t<\/div>\n<\/div>\n<\/div><\/div><div id=\"pgc-w68785fabc652f-4-3\"  class=\"panel-grid-cell\" ><div id=\"panel-w68785fabc652f-4-3-0\" class=\"so-panel widget widget_themegrill_flash_team tg-widget tg-single-team panel-first-child panel-last-child\" data-index=\"7\" ><div class=\"tg-team-widget tg-team-layout-3\">\n\t<div class=\"team-wrapper\">\n\t\t\t\t<div class=\"team-img\">\n\t\t\t\t\t\t<img decoding=\"async\" src=\"https:\/\/www.francecricket.com\/wp-content\/uploads\/Pretheve.png\" alt=\"Prethevechand Thiyagarajan\"\/>\n\t\t<\/div>\n\t\t\t\t<div class=\"team-content-wrapper\">\n\t\t\t<div class=\"team-desc-wrapper\">\n\t\t\t\t<h3 class=\"team-title\">Prethevechand Thiyagarajan<\/h3>\n\t\t\t\t<div class=\"team-designation\">Tr\u00e9sorier G\u00e9n\u00e9ral<\/div>\n\t\t\t\t<div class=\"team-content\"><\/div>\n\t\t\t\t\t\t\t<\/div>\n\t\t<\/div>\n\t<\/div>\n<\/div>\n<\/div><\/div><div id=\"pgc-w68785fabc652f-4-4\"  class=\"panel-grid-cell\" ><div id=\"panel-w68785fabc652f-4-4-0\" class=\"so-panel widget widget_themegrill_flash_team tg-widget tg-single-team panel-first-child panel-last-child\" data-index=\"8\" ><div class=\"tg-team-widget tg-team-layout-3\">\n\t<div class=\"team-wrapper\">\n\t\t\t\t<div class=\"team-img\">\n\t\t\t\t\t\t<img decoding=\"async\" src=\"https:\/\/www.francecricket.com\/wp-content\/uploads\/Preethi.png\" alt=\"Preethy Navaneetharaju\"\/>\n\t\t<\/div>\n\t\t\t\t<div class=\"team-content-wrapper\">\n\t\t\t<div class=\"team-desc-wrapper\">\n\t\t\t\t<h3 class=\"team-title\">Preethy Navaneetharaju<\/h3>\n\t\t\t\t<div class=\"team-designation\">Tr\u00e9sori\u00e8re Adjointe<\/div>\n\t\t\t\t<div class=\"team-content\"><\/div>\n\t\t\t\t\t\t\t<\/div>\n\t\t<\/div>\n\t<\/div>\n<\/div>\n<\/div><\/div><\/div><div id=\"pg-w68785fabc652f-5\"  class=\"panel-grid panel-no-style\" ><div id=\"pgc-w68785fabc652f-5-0\"  class=\"panel-grid-cell\" ><div id=\"panel-w68785fabc652f-5-0-0\" class=\"so-panel widget widget_themegrill_flash_heading tg-widget section-title-wrapper panel-first-child panel-last-child\" data-index=\"9\" ><\/div><\/div><\/div><div id=\"pg-w68785fabc652f-6\"  class=\"panel-grid panel-no-style\" ><div id=\"pgc-w68785fabc652f-6-0\"  class=\"panel-grid-cell\" ><div id=\"panel-w68785fabc652f-6-0-0\" class=\"so-panel widget widget_themegrill_flash_heading tg-widget section-title-wrapper panel-first-child panel-last-child\" data-index=\"10\" >\t<h3 class=\"section-title\">Membre du Comit\u00e9 Directeur<\/h3>\n<\/div><\/div><\/div><div id=\"pg-w68785fabc652f-7\"  class=\"panel-grid panel-no-style\" ><div id=\"pgc-w68785fabc652f-7-0\"  class=\"panel-grid-cell panel-grid-cell-empty\" ><\/div><div id=\"pgc-w68785fabc652f-7-1\"  class=\"panel-grid-cell\" ><div id=\"panel-w68785fabc652f-7-1-0\" class=\"so-panel widget widget_themegrill_flash_team tg-widget tg-single-team panel-first-child panel-last-child\" data-index=\"11\" ><div class=\"tg-team-widget tg-team-layout-3\">\n\t<div class=\"team-wrapper\">\n\t\t\t\t<div class=\"team-img\">\n\t\t\t\t\t\t<img decoding=\"async\" src=\"https:\/\/www.francecricket.com\/wp-content\/uploads\/Asif.png\" alt=\"Asif Zahir\"\/>\n\t\t<\/div>\n\t\t\t\t<div class=\"team-content-wrapper\">\n\t\t\t<div class=\"team-desc-wrapper\">\n\t\t\t\t<h3 class=\"team-title\">Asif Zahir<\/h3>\n\t\t\t\t<div class=\"team-designation\">Membre du CD<\/div>\n\t\t\t\t<div class=\"team-content\"><\/div>\n\t\t\t\t\t\t\t<\/div>\n\t\t<\/div>\n\t<\/div>\n<\/div>\n<\/div><\/div><div id=\"pgc-w68785fabc652f-7-2\"  class=\"panel-grid-cell\" ><div id=\"panel-w68785fabc652f-7-2-0\" class=\"so-panel widget widget_themegrill_flash_team tg-widget tg-single-team panel-first-child panel-last-child\" data-index=\"12\" ><div class=\"tg-team-widget tg-team-layout-3\">\n\t<div class=\"team-wrapper\">\n\t\t\t\t<div class=\"team-img\">\n\t\t\t\t\t\t<img decoding=\"async\" src=\"https:\/\/www.francecricket.com\/wp-content\/uploads\/Clemence.png\" alt=\"Cl\u00e9mence Vetel\"\/>\n\t\t<\/div>\n\t\t\t\t<div class=\"team-content-wrapper\">\n\t\t\t<div class=\"team-desc-wrapper\">\n\t\t\t\t<h3 class=\"team-title\">Cl\u00e9mence Vetel<\/h3>\n\t\t\t\t<div class=\"team-designation\">Membre du CD<\/div>\n\t\t\t\t<div class=\"team-content\"><\/div>\n\t\t\t\t\t\t\t<\/div>\n\t\t<\/div>\n\t<\/div>\n<\/div>\n<\/div><\/div><div id=\"pgc-w68785fabc652f-7-3\"  class=\"panel-grid-cell\" ><div id=\"panel-w68785fabc652f-7-3-0\" class=\"so-panel widget widget_themegrill_flash_team tg-widget tg-single-team panel-first-child panel-last-child\" data-index=\"13\" ><div class=\"tg-team-widget tg-team-layout-3\">\n\t<div class=\"team-wrapper\">\n\t\t\t\t<div class=\"team-img\">\n\t\t\t\t\t\t<img decoding=\"async\" src=\"https:\/\/www.francecricket.com\/wp-content\/uploads\/deva.png\" alt=\"Deva Amirdalingame\"\/>\n\t\t<\/div>\n\t\t\t\t<div class=\"team-content-wrapper\">\n\t\t\t<div class=\"team-desc-wrapper\">\n\t\t\t\t<h3 class=\"team-title\">Deva Amirdalingame<\/h3>\n\t\t\t\t<div class=\"team-designation\">Membre du CD<\/div>\n\t\t\t\t<div class=\"team-content\"><\/div>\n\t\t\t\t\t\t\t<\/div>\n\t\t<\/div>\n\t<\/div>\n<\/div>\n<\/div><\/div><div id=\"pgc-w68785fabc652f-7-4\"  class=\"panel-grid-cell panel-grid-cell-mobile-last\" ><div id=\"panel-w68785fabc652f-7-4-0\" class=\"so-panel widget widget_themegrill_flash_team tg-widget tg-single-team panel-first-child panel-last-child\" data-index=\"14\" ><div class=\"tg-team-widget tg-team-layout-3\">\n\t<div class=\"team-wrapper\">\n\t\t\t\t<div class=\"team-img\">\n\t\t\t\t\t\t<img decoding=\"async\" src=\"https:\/\/www.francecricket.com\/wp-content\/uploads\/Fatema.png\" alt=\"Fatema Khatun\"\/>\n\t\t<\/div>\n\t\t\t\t<div class=\"team-content-wrapper\">\n\t\t\t<div class=\"team-desc-wrapper\">\n\t\t\t\t<h3 class=\"team-title\">Fatema Khatun<\/h3>\n\t\t\t\t<div class=\"team-designation\">Membre du CD<\/div>\n\t\t\t\t<div class=\"team-content\"><\/div>\n\t\t\t\t\t\t\t<\/div>\n\t\t<\/div>\n\t<\/div>\n<\/div>\n<\/div><\/div><div id=\"pgc-w68785fabc652f-7-5\"  class=\"panel-grid-cell panel-grid-cell-empty\" ><\/div><\/div><div id=\"pg-w68785fabc652f-8\"  class=\"panel-grid panel-no-style\" ><div id=\"pgc-w68785fabc652f-8-0\"  class=\"panel-grid-cell panel-grid-cell-empty\" ><\/div><div id=\"pgc-w68785fabc652f-8-1\"  class=\"panel-grid-cell\" ><div id=\"panel-w68785fabc652f-8-1-0\" class=\"so-panel widget widget_themegrill_flash_team tg-widget tg-single-team panel-first-child panel-last-child\" data-index=\"15\" ><div class=\"tg-team-widget tg-team-layout-3\">\n\t<div class=\"team-wrapper\">\n\t\t\t\t<div class=\"team-img\">\n\t\t\t\t\t\t<img decoding=\"async\" src=\"https:\/\/www.francecricket.com\/wp-content\/uploads\/Jubaid.png\" alt=\"Jubaid Ahamed\"\/>\n\t\t<\/div>\n\t\t\t\t<div class=\"team-content-wrapper\">\n\t\t\t<div class=\"team-desc-wrapper\">\n\t\t\t\t<h3 class=\"team-title\">Jubaid Ahamed<\/h3>\n\t\t\t\t<div class=\"team-designation\">Membre du CD<\/div>\n\t\t\t\t<div class=\"team-content\"><\/div>\n\t\t\t\t\t\t\t<\/div>\n\t\t<\/div>\n\t<\/div>\n<\/div>\n<\/div><\/div><div id=\"pgc-w68785fabc652f-8-2\"  class=\"panel-grid-cell\" ><div id=\"panel-w68785fabc652f-8-2-0\" class=\"so-panel widget widget_themegrill_flash_team tg-widget tg-single-team panel-first-child panel-last-child\" data-index=\"16\" ><div class=\"tg-team-widget tg-team-layout-3\">\n\t<div class=\"team-wrapper\">\n\t\t\t\t<div class=\"team-img\">\n\t\t\t\t\t\t<img decoding=\"async\" src=\"https:\/\/www.francecricket.com\/wp-content\/uploads\/Parvati.png\" alt=\"Lushai Parvati\"\/>\n\t\t<\/div>\n\t\t\t\t<div class=\"team-content-wrapper\">\n\t\t\t<div class=\"team-desc-wrapper\">\n\t\t\t\t<h3 class=\"team-title\">Lushai Parvati<\/h3>\n\t\t\t\t<div class=\"team-designation\">Membre du CD<\/div>\n\t\t\t\t<div class=\"team-content\"><\/div>\n\t\t\t\t\t\t\t<\/div>\n\t\t<\/div>\n\t<\/div>\n<\/div>\n<\/div><\/div><div id=\"pgc-w68785fabc652f-8-3\"  class=\"panel-grid-cell\" ><div id=\"panel-w68785fabc652f-8-3-0\" class=\"so-panel widget widget_themegrill_flash_team tg-widget tg-single-team panel-first-child panel-last-child\" data-index=\"17\" ><div class=\"tg-team-widget tg-team-layout-3\">\n\t<div class=\"team-wrapper\">\n\t\t\t\t<div class=\"team-img\">\n\t\t\t\t\t\t<img decoding=\"async\" src=\"https:\/\/www.francecricket.com\/wp-content\/uploads\/saravanan-1.jpg\" alt=\"Michel Saravanan\"\/>\n\t\t<\/div>\n\t\t\t\t<div class=\"team-content-wrapper\">\n\t\t\t<div class=\"team-desc-wrapper\">\n\t\t\t\t<h3 class=\"team-title\">Michel Saravanan<\/h3>\n\t\t\t\t<div class=\"team-designation\">Membre du CD<\/div>\n\t\t\t\t<div class=\"team-content\"><\/div>\n\t\t\t\t\t\t\t<\/div>\n\t\t<\/div>\n\t<\/div>\n<\/div>\n<\/div><\/div><div id=\"pgc-w68785fabc652f-8-4\"  class=\"panel-grid-cell panel-grid-cell-mobile-last\" ><div id=\"panel-w68785fabc652f-8-4-0\" class=\"so-panel widget widget_themegrill_flash_team tg-widget tg-single-team panel-first-child panel-last-child\" data-index=\"18\" ><div class=\"tg-team-widget tg-team-layout-3\">\n\t<div class=\"team-wrapper\">\n\t\t\t\t<div class=\"team-img\">\n\t\t\t\t\t\t<img decoding=\"async\" src=\"https:\/\/www.francecricket.com\/wp-content\/uploads\/pooja.png\" alt=\"Pooja Balane\"\/>\n\t\t<\/div>\n\t\t\t\t<div class=\"team-content-wrapper\">\n\t\t\t<div class=\"team-desc-wrapper\">\n\t\t\t\t<h3 class=\"team-title\">Pooja Balane<\/h3>\n\t\t\t\t<div class=\"team-designation\">Membre du CD<\/div>\n\t\t\t\t<div class=\"team-content\"><\/div>\n\t\t\t\t\t\t\t<\/div>\n\t\t<\/div>\n\t<\/div>\n<\/div>\n<\/div><\/div><div id=\"pgc-w68785fabc652f-8-5\"  class=\"panel-grid-cell panel-grid-cell-empty\" ><\/div><\/div><div id=\"pg-w68785fabc652f-9\"  class=\"panel-grid panel-no-style\" ><div id=\"pgc-w68785fabc652f-9-0\"  class=\"panel-grid-cell panel-grid-cell-empty\" ><\/div><div id=\"pgc-w68785fabc652f-9-1\"  class=\"panel-grid-cell\" ><div id=\"panel-w68785fabc652f-9-1-0\" class=\"so-panel widget widget_themegrill_flash_team tg-widget tg-single-team panel-first-child panel-last-child\" data-index=\"19\" ><div class=\"tg-team-widget tg-team-layout-3\">\n\t<div class=\"team-wrapper\">\n\t\t\t\t<div class=\"team-img\">\n\t\t\t\t\t\t<img decoding=\"async\" src=\"https:\/\/www.francecricket.com\/wp-content\/uploads\/Roselyn.png\" alt=\"Roselyn Gomes\"\/>\n\t\t<\/div>\n\t\t\t\t<div class=\"team-content-wrapper\">\n\t\t\t<div class=\"team-desc-wrapper\">\n\t\t\t\t<h3 class=\"team-title\">Roselyn Gomes<\/h3>\n\t\t\t\t<div class=\"team-designation\">Membre du CD<\/div>\n\t\t\t\t<div class=\"team-content\"><\/div>\n\t\t\t\t\t\t\t<\/div>\n\t\t<\/div>\n\t<\/div>\n<\/div>\n<\/div><\/div><div id=\"pgc-w68785fabc652f-9-2\"  class=\"panel-grid-cell\" ><div id=\"panel-w68785fabc652f-9-2-0\" class=\"so-panel widget widget_themegrill_flash_team tg-widget tg-single-team panel-first-child panel-last-child\" data-index=\"20\" ><div class=\"tg-team-widget tg-team-layout-3\">\n\t<div class=\"team-wrapper\">\n\t\t\t\t<div class=\"team-img\">\n\t\t\t\t\t\t<img decoding=\"async\" src=\"https:\/\/www.francecricket.com\/wp-content\/uploads\/Sonia.png\" alt=\"Sonia Zaman\"\/>\n\t\t<\/div>\n\t\t\t\t<div class=\"team-content-wrapper\">\n\t\t\t<div class=\"team-desc-wrapper\">\n\t\t\t\t<h3 class=\"team-title\">Sonia Zaman<\/h3>\n\t\t\t\t<div class=\"team-designation\">Membre du CD<\/div>\n\t\t\t\t<div class=\"team-content\"><\/div>\n\t\t\t\t\t\t\t<\/div>\n\t\t<\/div>\n\t<\/div>\n<\/div>\n<\/div><\/div><div id=\"pgc-w68785fabc652f-9-3\"  class=\"panel-grid-cell\" ><div id=\"panel-w68785fabc652f-9-3-0\" class=\"so-panel widget widget_themegrill_flash_team tg-widget tg-single-team panel-first-child panel-last-child\" data-index=\"21\" ><div class=\"tg-team-widget tg-team-layout-3\">\n\t<div class=\"team-wrapper\">\n\t\t\t\t<div class=\"team-img\">\n\t\t\t\t\t\t<img decoding=\"async\" src=\"https:\/\/www.francecricket.com\/wp-content\/uploads\/Photo-Sumon-Hoque.png\" alt=\"Sumon Hoque\"\/>\n\t\t<\/div>\n\t\t\t\t<div class=\"team-content-wrapper\">\n\t\t\t<div class=\"team-desc-wrapper\">\n\t\t\t\t<h3 class=\"team-title\">Sumon Hoque<\/h3>\n\t\t\t\t<div class=\"team-designation\">Membre du CD<\/div>\n\t\t\t\t<div class=\"team-content\"><\/div>\n\t\t\t\t\t\t\t<\/div>\n\t\t<\/div>\n\t<\/div>\n<\/div>\n<\/div><\/div><div id=\"pgc-w68785fabc652f-9-4\"  class=\"panel-grid-cell panel-grid-cell-mobile-last\" ><div id=\"panel-w68785fabc652f-9-4-0\" class=\"so-panel widget widget_themegrill_flash_team tg-widget tg-single-team panel-first-child panel-last-child\" data-index=\"22\" ><div class=\"tg-team-widget tg-team-layout-3\">\n\t<div class=\"team-wrapper\">\n\t\t\t\t<div class=\"team-img\">\n\t\t\t\t\t\t<img decoding=\"async\" src=\"https:\/\/www.francecricket.com\/wp-content\/uploads\/none.jpg\" alt=\"M\u00e9decin Poste vacant\"\/>\n\t\t<\/div>\n\t\t\t\t<div class=\"team-content-wrapper\">\n\t\t\t<div class=\"team-desc-wrapper\">\n\t\t\t\t<h3 class=\"team-title\">M\u00e9decin Poste vacant<\/h3>\n\t\t\t\t<div class=\"team-designation\">Membre du CD<\/div>\n\t\t\t\t<div class=\"team-content\"><\/div>\n\t\t\t\t\t\t\t<\/div>\n\t\t<\/div>\n\t<\/div>\n<\/div>\n<\/div><\/div><div id=\"pgc-w68785fabc652f-9-5\"  class=\"panel-grid-cell panel-grid-cell-empty\" ><\/div><\/div><div id=\"pg-w68785fabc652f-10\"  class=\"panel-grid panel-no-style\" ><div id=\"pgc-w68785fabc652f-10-0\"  class=\"panel-grid-cell\" ><div id=\"panel-w68785fabc652f-10-0-0\" class=\"so-panel widget widget_themegrill_flash_heading tg-widget section-title-wrapper panel-first-child panel-last-child\" data-index=\"23\" ><\/div><\/div><\/div><div id=\"pg-w68785fabc652f-11\"  class=\"panel-grid panel-no-style\" ><div id=\"pgc-w68785fabc652f-11-0\"  class=\"panel-grid-cell\" ><div id=\"panel-w68785fabc652f-11-0-0\" class=\"so-panel widget widget_themegrill_flash_heading tg-widget section-title-wrapper panel-first-child panel-last-child\" data-index=\"24\" >\t<h3 class=\"section-title\">Personnel<\/h3>\n<\/div><\/div><\/div><div id=\"pg-w68785fabc652f-12\"  class=\"panel-grid panel-no-style\" ><div id=\"pgc-w68785fabc652f-12-0\"  class=\"panel-grid-cell panel-grid-cell-empty\" ><\/div><div id=\"pgc-w68785fabc652f-12-1\"  class=\"panel-grid-cell\" ><div id=\"panel-w68785fabc652f-12-1-0\" class=\"so-panel widget widget_themegrill_flash_team tg-widget tg-single-team panel-first-child panel-last-child\" data-index=\"25\" ><div class=\"tg-team-widget tg-team-layout-3\">\n\t<div class=\"team-wrapper\">\n\t\t\t\t<div class=\"team-img\">\n\t\t\t\t\t\t<img decoding=\"async\" src=\"https:\/\/www.francecricket.com\/wp-content\/uploads\/Saravana.png\" alt=\"Saravana Durairaj\"\/>\n\t\t<\/div>\n\t\t\t\t<div class=\"team-content-wrapper\">\n\t\t\t<div class=\"team-desc-wrapper\">\n\t\t\t\t<h3 class=\"team-title\">Saravana Durairaj<\/h3>\n\t\t\t\t<div class=\"team-designation\">Directeur G\u00e9n\u00e9ral<\/div>\n\t\t\t\t<div class=\"team-content\"><\/div>\n\t\t\t\t\t\t\t<\/div>\n\t\t<\/div>\n\t<\/div>\n<\/div>\n<\/div><\/div><div id=\"pgc-w68785fabc652f-12-2\"  class=\"panel-grid-cell\" ><div id=\"panel-w68785fabc652f-12-2-0\" class=\"so-panel widget widget_themegrill_flash_team tg-widget tg-single-team panel-first-child panel-last-child\" data-index=\"26\" ><div class=\"tg-team-widget tg-team-layout-3\">\n\t<div class=\"team-wrapper\">\n\t\t\t\t<div class=\"team-img\">\n\t\t\t\t\t\t<img decoding=\"async\" src=\"https:\/\/www.francecricket.com\/wp-content\/uploads\/Lise-1.png\" alt=\"Lise Matanga\"\/>\n\t\t<\/div>\n\t\t\t\t<div class=\"team-content-wrapper\">\n\t\t\t<div class=\"team-desc-wrapper\">\n\t\t\t\t<h3 class=\"team-title\">Lise Matanga<\/h3>\n\t\t\t\t<div class=\"team-designation\">Responsable Administrative &amp; Financi\u00e8re<\/div>\n\t\t\t\t<div class=\"team-content\"><\/div>\n\t\t\t\t\t\t\t<\/div>\n\t\t<\/div>\n\t<\/div>\n<\/div>\n<\/div><\/div><div id=\"pgc-w68785fabc652f-12-3\"  class=\"panel-grid-cell panel-grid-cell-mobile-last\" ><div id=\"panel-w68785fabc652f-12-3-0\" class=\"so-panel widget widget_themegrill_flash_team tg-widget tg-single-team panel-first-child panel-last-child\" data-index=\"27\" ><div class=\"tg-team-widget tg-team-layout-3\">\n\t<div class=\"team-wrapper\">\n\t\t\t\t<div class=\"team-img\">\n\t\t\t\t\t\t<img decoding=\"async\" src=\"https:\/\/www.francecricket.com\/wp-content\/uploads\/Sendhil-1.png\" alt=\"Sendhil Tambidoure\"\/>\n\t\t<\/div>\n\t\t\t\t<div class=\"team-content-wrapper\">\n\t\t\t<div class=\"team-desc-wrapper\">\n\t\t\t\t<h3 class=\"team-title\">Sendhil Tambidoure<\/h3>\n\t\t\t\t<div class=\"team-designation\">Responsable du d\u00e9veloppement<\/div>\n\t\t\t\t<div class=\"team-content\"><\/div>\n\t\t\t\t\t\t\t<\/div>\n\t\t<\/div>\n\t<\/div>\n<\/div>\n<\/div><\/div><div id=\"pgc-w68785fabc652f-12-4\"  class=\"panel-grid-cell panel-grid-cell-empty\" ><\/div><\/div><\/div><\/div><\/div><\/div><\/div>","protected":false},"excerpt":{"rendered":"<p>Prebou Balane Pr\u00e9sident Membre du Bureau Directeur Gurumurthy Palani Vice-Pr\u00e9sident Patricia Cl\u00e9ment Secr\u00e9taire G\u00e9n\u00e9ral Nanon Le Breton Secr\u00e9taire Adjointe Prethevechand [&hellip;]<\/p>\n","protected":false},"author":1,"featured_media":0,"parent":1587,"menu_order":0,"comment_status":"closed","ping_status":"closed","template":"page-templates\/full-width.php","meta":{"cybocfi_hide_featured_image":"","footnotes":""},"tags":[],"class_list":["post-924","page","type-page","status-publish","hentry"],"_links":{"self":[{"href":"https:\/\/www.francecricket.com\/index.php?rest_route=\/wp\/v2\/pages\/924","targetHints":{"allow":["GET"]}}],"collection":[{"href":"https:\/\/www.francecricket.com\/index.php?rest_route=\/wp\/v2\/pages"}],"about":[{"href":"https:\/\/www.francecricket.com\/index.php?rest_route=\/wp\/v2\/types\/page"}],"author":[{"embeddable":true,"href":"https:\/\/www.francecricket.com\/index.php?rest_route=\/wp\/v2\/users\/1"}],"replies":[{"embeddable":true,"href":"https:\/\/www.francecricket.com\/index.php?rest_route=%2Fwp%2Fv2%2Fcomments&post=924"}],"version-history":[{"count":30,"href":"https:\/\/www.francecricket.com\/index.php?rest_route=\/wp\/v2\/pages\/924\/revisions"}],"predecessor-version":[{"id":7218,"href":"https:\/\/www.francecricket.com\/index.php?rest_route=\/wp\/v2\/pages\/924\/revisions\/7218"}],"up":[{"embeddable":true,"href":"https:\/\/www.francecricket.com\/index.php?rest_route=\/wp\/v2\/pages\/1587"}],"wp:attachment":[{"href":"https:\/\/www.francecricket.com\/index.php?rest_route=%2Fwp%2Fv2%2Fmedia&parent=924"}],"wp:term":[{"taxonomy":"post_tag","embeddable":true,"href":"https:\/\/www.francecricket.com\/index.php?rest_route=%2Fwp%2Fv2%2Ftags&post=924"}],"curies":[{"name":"wp","href":"https:\/\/api.w.org\/{rel}","templated":true}]}}