{"id":6856,"date":"2024-11-22T16:31:10","date_gmt":"2024-11-22T15:31:10","guid":{"rendered":"https:\/\/www.francecricket.com\/?page_id=6856"},"modified":"2024-11-22T16:31:10","modified_gmt":"2024-11-22T15:31:10","slug":"facturation","status":"publish","type":"page","link":"https:\/\/www.francecricket.com\/?page_id=6856","title":{"rendered":"Facturation"},"content":{"rendered":"<div class=\"forminator-ui forminator-custom-form forminator-custom-form-6857 forminator-design--material  forminator_ajax\" data-forminator-render=\"0\" data-form=\"forminator-module-6857\" data-uid=\"69dddc586e270\"><br\/><\/div><form\r\n\t\t\t\tid=\"forminator-module-6857\"\r\n\t\t\t\tclass=\"forminator-ui forminator-custom-form forminator-custom-form-6857 forminator-design--material  forminator_ajax\"\r\n\t\t\t\tmethod=\"post\"\r\n\t\t\t\tdata-forminator-render=\"0\"\r\n\t\t\t\tdata-form-id=\"6857\"\r\n\t\t\t\tenctype=\"multipart\/form-data\" data-color-option=\"default\" data-design=\"material\" data-grid=\"open\" style=\"display: none;\"\r\n\t\t\t\tdata-uid=\"69dddc586e270\"\r\n\t\t\t><div role=\"alert\" aria-live=\"polite\" class=\"forminator-response-message forminator-error\" aria-hidden=\"true\"><\/div><div class=\"forminator-row\"><div id=\"name-1\" class=\"forminator-field-name forminator-col forminator-col-4 \"><div class=\"forminator-field\"><label for=\"forminator-field-name-1_69dddc586e270\" id=\"forminator-field-name-1_69dddc586e270-label\" class=\"forminator-label\">\u00c9tablissement <span class=\"forminator-required\">*<\/span><\/label><input type=\"text\" name=\"name-1\" value=\"\" placeholder=\"Par exemple\u00a0: Microsoft\" id=\"forminator-field-name-1_69dddc586e270\" class=\"forminator-input forminator-name--field\" aria-required=\"true\" autocomplete=\"name\" \/><\/div><\/div><div id=\"email-1\" class=\"forminator-field-email forminator-col forminator-col-4 \"><div class=\"forminator-field\"><label for=\"forminator-field-email-1_69dddc586e270\" id=\"forminator-field-email-1_69dddc586e270-label\" class=\"forminator-label\">Email <span class=\"forminator-required\">*<\/span><\/label><input type=\"email\" name=\"email-1\" value=\"\" placeholder=\"\" id=\"forminator-field-email-1_69dddc586e270\" class=\"forminator-input forminator-email--field\" data-required=\"true\" aria-required=\"true\" autocomplete=\"email\" \/><\/div><\/div><div id=\"phone-1\" class=\"forminator-field-phone forminator-col forminator-col-4 \"><div class=\"forminator-field\"><label for=\"forminator-field-phone-1_69dddc586e270\" id=\"forminator-field-phone-1_69dddc586e270-label\" class=\"forminator-label\">T\u00e9l\u00e9phone <span class=\"forminator-required\">*<\/span><\/label><input type=\"text\" name=\"phone-1\" value=\"\" placeholder=\"Par exemple\u00a0: +336 02 03 05 06\" id=\"forminator-field-phone-1_69dddc586e270\" class=\"forminator-input forminator-field--phone\" data-required=\"1\" aria-required=\"true\" autocomplete=\"off\" data-national_mode=\"enabled\" data-country=\"fr\" data-validation=\"standard\" \/><\/div><\/div><\/div><div class=\"forminator-row\"><div id=\"date-1\" class=\"forminator-field-date forminator-col forminator-col-3 \"><div class=\"forminator-field\"><div class=\"forminator-input-with-icon\"><span class=\"forminator-icon-calendar\" aria-hidden=\"true\"><\/span><input autocomplete=\"off\" type=\"text\" size=\"1\" name=\"date-1\" value=\"14-04-2026\" placeholder=\"Choisissez une date\" id=\"forminator-field-date-1-picker_69dddc586e270\" class=\"forminator-input forminator-datepicker\" data-required=\"1\" data-format=\"dd-mm-yy\" data-restrict-type=\"\" data-restrict=\"\" data-start-year=\"1926\" data-end-year=\"2126\" data-past-dates=\"enable\" data-start-of-week=\"1\" data-start-date=\"\" data-end-date=\"\" data-start-field=\"\" data-end-field=\"\" data-start-offset=\"\" data-end-offset=\"\" data-disable-date=\"\" data-disable-range=\"\" \/><\/div><\/div><\/div><div id=\"text-1\" class=\"forminator-field-text forminator-col forminator-col-3 \"><div class=\"forminator-field\"><input type=\"text\" name=\"text-1\" value=\"\" placeholder=\"Num\u00e9ro de facture\" id=\"forminator-field-text-1_69dddc586e270\" class=\"forminator-input forminator-name--field\" data-required=\"1\" \/><\/div><\/div><div id=\"currency-1\" class=\"forminator-field-currency forminator-col forminator-col-3 \"><div class=\"forminator-field\"><div class=\"forminator-input-with-suffix\"><input name=\"currency-1\" value=\"00,00\" placeholder=\"Montant\" id=\"forminator-field-currency-1_69dddc586e270\" class=\"forminator-input forminator-currency\" data-required=\"1\" aria-required=\"1\" data-decimals=\"2\" data-inputmask=\"&#039;groupSeparator&#039;: &#039;&#039;, &#039;radixPoint&#039;: &#039;.&#039;, &#039;digits&#039;: &#039;2&#039;\" data-hidden-behavior=\"zero\" type=\"number\" step=\"any\" \/><span class=\"forminator-suffix\">EUR<\/span><\/div><\/div><\/div><div id=\"upload-1\" class=\"forminator-field-upload forminator-col forminator-col-3 \"><div class=\"forminator-field\"><div class=\"forminator-file-upload \" data-element=\"upload-1_69dddc586e270\"><input type=\"file\" name=\"upload-1\" id=\"forminator-field-upload-1_69dddc586e270\" class=\"forminator-input-file-required do-validate\" accept=\".avif,.heif,.heics,.heifs,.jpg,.jpeg,.jpe,.docx,.doc,.pdf,.png,.bmp\" tabindex=\"-1\"><button id=\"forminator-field-upload-1_69dddc586e270_button\" class=\"forminator-button forminator-button-upload\" data-id=\"forminator-field-upload-1_69dddc586e270\">Choisissez un fichier<\/button><span data-empty-text=\"Aucun fichier s\u00e9lectionn\u00e9\">Aucun fichier s\u00e9lectionn\u00e9<\/span><button class=\"forminator-button-delete\" style=\"display: none;\"><i class=\"forminator-icon-close\" aria-hidden=\"true\"><\/i><span class=\"forminator-screen-reader-only\">Supprimer le fichier t\u00e9l\u00e9vers\u00e9<\/span><\/button><\/div><\/div><\/div><\/div><div class=\"forminator-row\"><div id=\"textarea-1\" class=\"forminator-field-textarea forminator-col forminator-col-12 \"><div class=\"forminator-field\"><label for=\"forminator-field-textarea-1_69dddc586e270\" id=\"forminator-field-textarea-1_69dddc586e270-label\" class=\"forminator-label\">Commentaire <span class=\"forminator-required\">*<\/span><\/label><textarea name=\"textarea-1\" placeholder=\"Par exemple\u00a0: Texte indicatif pour le champ texte\nVous pouvez ajouter une nouvelle ligne\" id=\"forminator-field-textarea-1_69dddc586e270\" class=\"forminator-textarea\" rows=\"6\" style=\"min-height:140px;\" ><\/textarea><\/div><\/div><\/div><div class=\"forminator-row\" style=\"margin: 0;\"><div id=\"captcha-1\" class=\"forminator-field-captcha  forminator-col-12 \"><div class=\"forminator-captcha-left forminator-g-recaptcha recaptcha-invisible\" data-theme=\"light\" data-badge=\"bottomright\" data-sitekey=\"6LcPBoooAAAAAJW5q-XldDckoJzTcU7U6uz9zanU\" data-size=\"invisible\"><\/div> <\/div><\/div><input type=\"hidden\" name=\"referer_url\" value=\"\" \/><div class=\"forminator-row forminator-row-last\"><div class=\"forminator-col\"><div class=\"forminator-field\"><button class=\"forminator-button forminator-button-submit\"><span>Envoyer<\/span><span aria-hidden=\"true\"><\/span><\/button><\/div><\/div><\/div><input type=\"hidden\" id=\"forminator_nonce\" name=\"forminator_nonce\" value=\"2e93f744a5\" \/><input type=\"hidden\" name=\"_wp_http_referer\" value=\"\/index.php?rest_route=%2Fwp%2Fv2%2Fpages%2F6856\" \/><input type=\"hidden\" name=\"form_id\" value=\"6857\"><input type=\"hidden\" name=\"page_id\" value=\"6856\"><input type=\"hidden\" name=\"form_type\" value=\"default\"><input type=\"hidden\" name=\"current_url\" value=\"https:\/\/www.francecricket.com\/?page_id=6856\"><input type=\"hidden\" name=\"render_id\" value=\"0\"><input type=\"hidden\" name=\"action\" value=\"forminator_submit_form_custom-forms\"><\/form>\n","protected":false},"excerpt":{"rendered":"","protected":false},"author":2,"featured_media":0,"parent":2990,"menu_order":0,"comment_status":"closed","ping_status":"closed","template":"page-templates\/full-width.php","meta":{"cybocfi_hide_featured_image":"","footnotes":""},"tags":[],"class_list":["post-6856","page","type-page","status-publish","hentry"],"_links":{"self":[{"href":"https:\/\/www.francecricket.com\/index.php?rest_route=\/wp\/v2\/pages\/6856","targetHints":{"allow":["GET"]}}],"collection":[{"href":"https:\/\/www.francecricket.com\/index.php?rest_route=\/wp\/v2\/pages"}],"about":[{"href":"https:\/\/www.francecricket.com\/index.php?rest_route=\/wp\/v2\/types\/page"}],"author":[{"embeddable":true,"href":"https:\/\/www.francecricket.com\/index.php?rest_route=\/wp\/v2\/users\/2"}],"replies":[{"embeddable":true,"href":"https:\/\/www.francecricket.com\/index.php?rest_route=%2Fwp%2Fv2%2Fcomments&post=6856"}],"version-history":[{"count":1,"href":"https:\/\/www.francecricket.com\/index.php?rest_route=\/wp\/v2\/pages\/6856\/revisions"}],"predecessor-version":[{"id":6858,"href":"https:\/\/www.francecricket.com\/index.php?rest_route=\/wp\/v2\/pages\/6856\/revisions\/6858"}],"up":[{"embeddable":true,"href":"https:\/\/www.francecricket.com\/index.php?rest_route=\/wp\/v2\/pages\/2990"}],"wp:attachment":[{"href":"https:\/\/www.francecricket.com\/index.php?rest_route=%2Fwp%2Fv2%2Fmedia&parent=6856"}],"wp:term":[{"taxonomy":"post_tag","embeddable":true,"href":"https:\/\/www.francecricket.com\/index.php?rest_route=%2Fwp%2Fv2%2Ftags&post=6856"}],"curies":[{"name":"wp","href":"https:\/\/api.w.org\/{rel}","templated":true}]}}