{"id":6854,"date":"2024-11-20T16:22:32","date_gmt":"2024-11-20T15:22:32","guid":{"rendered":"https:\/\/www.francecricket.com\/?page_id=6854"},"modified":"2026-02-13T13:10:51","modified_gmt":"2026-02-13T12:10:51","slug":"note-de-frais","status":"publish","type":"page","link":"https:\/\/www.francecricket.com\/?page_id=6854","title":{"rendered":"Note de frais"},"content":{"rendered":"<div id=\"pl-6854\"  class=\"panel-layout\" ><div id=\"pg-6854-0\"  class=\"panel-grid panel-no-style\" ><div id=\"pgc-6854-0-0\"  class=\"panel-grid-cell\" ><div id=\"panel-6854-0-0-0\" class=\"widget_text so-panel widget widget_custom_html panel-first-child panel-last-child\" data-index=\"0\" ><div class=\"textwidget custom-html-widget\"><a href=\"\/include\/doc\/global\/Proc\u00e9dure_remboursement.pdf\">\n\t<div class=\"tg-service-widget tg-service-layout-2\">\n\t\t<div class=\"service-wrapper\">\n\t\t\t<div class=\"service-icon-title-wrapper clearfix\">\n\t\t\t\t<div class=\"service-icon-wrap\"><i class=\"fa fa-file-pdf\"><\/i><\/div>\n\t\t\t\t<h3 class=\"service-title-wrap\"><font color=\"#377ad3\">proc\u00e9dure pour remboursement<\/font><\/h3>\n\t\t\t<\/div>\n\t\t<\/div>\n\t<\/div>\n<\/a><\/div><\/div><\/div><div id=\"pgc-6854-0-1\"  class=\"panel-grid-cell\" ><div id=\"panel-6854-0-1-0\" class=\"widget_text so-panel widget widget_custom_html panel-first-child panel-last-child\" data-index=\"1\" ><div class=\"textwidget custom-html-widget\"><a href=\"\/include\/doc\/global\/Formulaire Note de Frais France Cricket.xlsx\">\n\t<div class=\"tg-service-widget tg-service-layout-2\">\n\t\t<div class=\"service-wrapper\">\n\t\t\t<div class=\"service-icon-title-wrapper clearfix\">\n\t\t\t\t<div class=\"service-icon-wrap\"><i class=\"fa fa-file-pdf\"><\/i><\/div>\n\t\t\t\t<h3 class=\"service-title-wrap\"><font color=\"#377ad3\">Fiche note de frais<\/font><\/h3>\n\t\t\t<\/div>\n\t\t<\/div>\n\t<\/div>\n<\/a><\/div><\/div><\/div><div id=\"pgc-6854-0-2\"  class=\"panel-grid-cell panel-grid-cell-mobile-last\" ><div id=\"panel-6854-0-2-0\" class=\"widget_text so-panel widget widget_custom_html panel-first-child panel-last-child\" data-index=\"2\" ><div class=\"textwidget custom-html-widget\"><a href=\"\/include\/doc\/global\/FRANCE CRICKET-Demande de Remboursement de frais kilom\u00e9trique.docx\">\n\t<div class=\"tg-service-widget tg-service-layout-2\">\n\t\t<div class=\"service-wrapper\">\n\t\t\t<div class=\"service-icon-title-wrapper clearfix\">\n\t\t\t\t<div class=\"service-icon-wrap\"><i class=\"fa fa-file-pdf\"><\/i><\/div>\n\t\t\t\t<h3 class=\"service-title-wrap\"><font color=\"#377ad3\">Demande de Remboursement de frais KM<\/font><\/h3>\n\t\t\t<\/div>\n\t\t<\/div>\n\t<\/div>\n<\/a><\/div><\/div><\/div><div id=\"pgc-6854-0-3\"  class=\"panel-grid-cell panel-grid-cell-empty\" ><\/div><\/div><div id=\"pg-6854-1\"  class=\"panel-grid panel-no-style\" ><div id=\"pgc-6854-1-0\"  class=\"panel-grid-cell\" ><div id=\"panel-6854-1-0-0\" class=\"so-panel widget widget_sow-editor panel-first-child panel-last-child\" data-index=\"3\" ><div\n\t\t\t\n\t\t\tclass=\"so-widget-sow-editor so-widget-sow-editor-base\"\n\t\t\t\n\t\t>\n<div class=\"siteorigin-widget-tinymce textwidget\">\n\t<div class=\"forminator-ui forminator-custom-form forminator-custom-form-6853 forminator-design--material  forminator_ajax\" data-forminator-render=\"0\" data-form=\"forminator-module-6853\" data-uid=\"6a044cd207bb0\"><br\/><\/div><form\r\n\t\t\t\tid=\"forminator-module-6853\"\r\n\t\t\t\tclass=\"forminator-ui forminator-custom-form forminator-custom-form-6853 forminator-design--material  forminator_ajax\"\r\n\t\t\t\tmethod=\"post\"\r\n\t\t\t\tdata-forminator-render=\"0\"\r\n\t\t\t\tdata-form-id=\"6853\"\r\n\t\t\t\tenctype=\"multipart\/form-data\" data-color-option=\"default\" data-design=\"material\" data-grid=\"open\" style=\"display: none;\"\r\n\t\t\t\tdata-uid=\"6a044cd207bb0\"\r\n\t\t\t><div role=\"alert\" aria-live=\"polite\" class=\"forminator-response-message forminator-error\" aria-hidden=\"true\"><\/div><div class=\"forminator-row\"><div id=\"name-1\" class=\"forminator-field-name forminator-col forminator-col-4 \"><div class=\"forminator-field\"><label for=\"forminator-field-name-1_6a044cd207bb0\" id=\"forminator-field-name-1_6a044cd207bb0-label\" class=\"forminator-label\">Nom et Pr\u00e9nom <span class=\"forminator-required\">*<\/span><\/label><input type=\"text\" name=\"name-1\" value=\"\" placeholder=\"Par exemple\u00a0: Jean Dupont\" id=\"forminator-field-name-1_6a044cd207bb0\" class=\"forminator-input forminator-name--field\" aria-required=\"true\" autocomplete=\"name\" \/><\/div><\/div><div id=\"email-1\" class=\"forminator-field-email forminator-col forminator-col-4 \"><div class=\"forminator-field\"><label for=\"forminator-field-email-1_6a044cd207bb0\" id=\"forminator-field-email-1_6a044cd207bb0-label\" class=\"forminator-label\">Email <span class=\"forminator-required\">*<\/span><\/label><input type=\"email\" name=\"email-1\" value=\"\" placeholder=\"\" id=\"forminator-field-email-1_6a044cd207bb0\" class=\"forminator-input forminator-email--field\" data-required=\"true\" aria-required=\"true\" autocomplete=\"email\" \/><\/div><\/div><div id=\"phone-1\" class=\"forminator-field-phone forminator-col forminator-col-4 \"><div class=\"forminator-field\"><label for=\"forminator-field-phone-1_6a044cd207bb0\" id=\"forminator-field-phone-1_6a044cd207bb0-label\" class=\"forminator-label\">T\u00e9l\u00e9phone <span class=\"forminator-required\">*<\/span><\/label><input type=\"text\" name=\"phone-1\" value=\"\" placeholder=\"Par exemple\u00a0: +336 02 03 05 06\" id=\"forminator-field-phone-1_6a044cd207bb0\" class=\"forminator-input forminator-field--phone\" data-required=\"1\" aria-required=\"true\" autocomplete=\"off\" data-national_mode=\"enabled\" data-country=\"fr\" data-validation=\"standard\" \/><\/div><\/div><\/div><div class=\"forminator-row\"><div id=\"date-1\" class=\"forminator-field-date forminator-col forminator-col-3 \"><div class=\"forminator-field\"><div class=\"forminator-input-with-icon\"><span class=\"forminator-icon-calendar\" aria-hidden=\"true\"><\/span><input autocomplete=\"off\" type=\"text\" size=\"1\" name=\"date-1\" value=\"13-05-2026\" placeholder=\"Choisissez une date\" id=\"forminator-field-date-1-picker_6a044cd207bb0\" class=\"forminator-input forminator-datepicker\" data-required=\"1\" data-format=\"dd-mm-yy\" data-restrict-type=\"\" data-restrict=\"\" data-start-year=\"1926\" data-end-year=\"2126\" data-past-dates=\"enable\" data-start-of-week=\"1\" data-start-date=\"\" data-end-date=\"\" data-start-field=\"\" data-end-field=\"\" data-start-offset=\"\" data-end-offset=\"\" data-disable-date=\"\" data-disable-range=\"\" \/><\/div><\/div><\/div><div id=\"select-1\" class=\"forminator-field-select forminator-col forminator-col-3 \"><div class=\"forminator-field\"><select  id=\"forminator-form-6853__field--select-1_6a044cd207bb0\" class=\"forminator-select--field forminator-select2 forminator-select2-multiple\" data-required=\"1\" name=\"select-1\" data-default-value=\"\" data-hidden-behavior=\"zero\" data-placeholder=\"Cat\u00e9gorie\" data-search=\"false\" data-search-placeholder=\"Cat\u00e9gorie\" data-checkbox=\"false\" data-allow-clear=\"false\" aria-labelledby=\"forminator-form-6853__field--select-1_6a044cd207bb0-label\"><option value=\"\"  >Cat\u00e9gorie<\/option><option value=\"one\"  data-calculation=\"0\">Transport<\/option><option value=\"two\"  data-calculation=\"0\">Restauration<\/option><option value=\"H\u00e9bergement\"  data-calculation=\"0\">H\u00e9bergement<\/option><option value=\"Autres\"  data-calculation=\"0\">Autres<\/option><\/select><\/div><\/div><div id=\"currency-1\" class=\"forminator-field-currency forminator-col forminator-col-3 \"><div class=\"forminator-field\"><div class=\"forminator-input-with-suffix\"><input name=\"currency-1\" value=\"00,00\" placeholder=\"Montant\" id=\"forminator-field-currency-1_6a044cd207bb0\" class=\"forminator-input forminator-currency\" data-required=\"1\" aria-required=\"1\" data-decimals=\"2\" data-inputmask=\"&#039;groupSeparator&#039;: &#039;&#039;, &#039;radixPoint&#039;: &#039;.&#039;, &#039;digits&#039;: &#039;2&#039;\" data-hidden-behavior=\"zero\" type=\"number\" step=\"any\" \/><span class=\"forminator-suffix\">EUR<\/span><\/div><\/div><\/div><div id=\"upload-1\" class=\"forminator-field-upload forminator-col forminator-col-3 \"><div class=\"forminator-field\"><div class=\"forminator-file-upload \" data-element=\"upload-1_6a044cd207bb0\"><input type=\"file\" name=\"upload-1\" id=\"forminator-field-upload-1_6a044cd207bb0\" class=\"forminator-input-file-required do-validate\" accept=\".avif,.heif,.heics,.heifs,.jpg,.jpeg,.jpe,.docx,.doc,.pdf,.png,.bmp\" tabindex=\"-1\"><button id=\"forminator-field-upload-1_6a044cd207bb0_button\" class=\"forminator-button forminator-button-upload\" data-id=\"forminator-field-upload-1_6a044cd207bb0\">Choisissez un fichier<\/button><span data-empty-text=\"Aucun fichier s\u00e9lectionn\u00e9\">Aucun fichier s\u00e9lectionn\u00e9<\/span><button class=\"forminator-button-delete\" style=\"display: none;\"><i class=\"forminator-icon-close\" aria-hidden=\"true\"><\/i><span class=\"forminator-screen-reader-only\">Supprimer le fichier t\u00e9l\u00e9vers\u00e9<\/span><\/button><\/div><\/div><\/div><\/div><div class=\"forminator-row\"><div id=\"textarea-1\" class=\"forminator-field-textarea forminator-col forminator-col-12 \"><div class=\"forminator-field\"><label for=\"forminator-field-textarea-1_6a044cd207bb0\" id=\"forminator-field-textarea-1_6a044cd207bb0-label\" class=\"forminator-label\">Commentaire <span class=\"forminator-required\">*<\/span><\/label><textarea name=\"textarea-1\" placeholder=\"Par exemple\u00a0: Texte indicatif pour le champ texte\nVous pouvez ajouter une nouvelle ligne\" id=\"forminator-field-textarea-1_6a044cd207bb0\" class=\"forminator-textarea\" rows=\"6\" style=\"--forminator-textarea-min-height:140px;\" ><\/textarea><\/div><\/div><\/div><div class=\"forminator-row\" style=\"margin: 0;\"><div id=\"captcha-1\" class=\"forminator-field-captcha  forminator-col-12 \"><div class=\"forminator-captcha-left forminator-g-recaptcha recaptcha-invisible\" data-theme=\"light\" data-badge=\"bottomright\" data-sitekey=\"6LcPBoooAAAAAJW5q-XldDckoJzTcU7U6uz9zanU\" data-size=\"invisible\"><\/div> <\/div><\/div><input type=\"hidden\" name=\"referer_url\" value=\"\" \/><div class=\"forminator-row forminator-row-last\"><div class=\"forminator-col\"><div class=\"forminator-field\"><button class=\"forminator-button forminator-button-submit\"><span>Envoyer<\/span><span aria-hidden=\"true\"><\/span><\/button><\/div><\/div><\/div><input type=\"hidden\" id=\"forminator_nonce\" name=\"forminator_nonce\" value=\"d9ab18f141\" \/><input type=\"hidden\" name=\"_wp_http_referer\" value=\"\/index.php?rest_route=%2Fwp%2Fv2%2Fpages%2F6854\" \/><input type=\"hidden\" name=\"form_id\" value=\"6853\"><input type=\"hidden\" name=\"page_id\" value=\"6854\"><input type=\"hidden\" name=\"form_type\" value=\"default\"><input type=\"hidden\" name=\"current_url\" value=\"https:\/\/www.francecricket.com\/?page_id=6854\"><input type=\"hidden\" name=\"render_id\" value=\"0\"><input type=\"hidden\" name=\"action\" value=\"forminator_submit_form_custom-forms\"><\/form>\n<\/div>\n<\/div><\/div><\/div><\/div><\/div>","protected":false},"excerpt":{"rendered":"<p>proc\u00e9dure pour remboursement Fiche note de frais Demande de Remboursement de frais KM Nom et Pr\u00e9nom *Email *T\u00e9l\u00e9phone *Cat\u00e9gorieTransportRestaurationH\u00e9bergementAutresEURChoisissez un [&hellip;]<\/p>\n","protected":false},"author":2,"featured_media":0,"parent":2990,"menu_order":0,"comment_status":"closed","ping_status":"closed","template":"page-templates\/full-width.php","meta":{"cybocfi_hide_featured_image":"","footnotes":""},"tags":[],"class_list":["post-6854","page","type-page","status-publish","hentry"],"_links":{"self":[{"href":"https:\/\/www.francecricket.com\/index.php?rest_route=\/wp\/v2\/pages\/6854","targetHints":{"allow":["GET"]}}],"collection":[{"href":"https:\/\/www.francecricket.com\/index.php?rest_route=\/wp\/v2\/pages"}],"about":[{"href":"https:\/\/www.francecricket.com\/index.php?rest_route=\/wp\/v2\/types\/page"}],"author":[{"embeddable":true,"href":"https:\/\/www.francecricket.com\/index.php?rest_route=\/wp\/v2\/users\/2"}],"replies":[{"embeddable":true,"href":"https:\/\/www.francecricket.com\/index.php?rest_route=%2Fwp%2Fv2%2Fcomments&post=6854"}],"version-history":[{"count":7,"href":"https:\/\/www.francecricket.com\/index.php?rest_route=\/wp\/v2\/pages\/6854\/revisions"}],"predecessor-version":[{"id":7471,"href":"https:\/\/www.francecricket.com\/index.php?rest_route=\/wp\/v2\/pages\/6854\/revisions\/7471"}],"up":[{"embeddable":true,"href":"https:\/\/www.francecricket.com\/index.php?rest_route=\/wp\/v2\/pages\/2990"}],"wp:attachment":[{"href":"https:\/\/www.francecricket.com\/index.php?rest_route=%2Fwp%2Fv2%2Fmedia&parent=6854"}],"wp:term":[{"taxonomy":"post_tag","embeddable":true,"href":"https:\/\/www.francecricket.com\/index.php?rest_route=%2Fwp%2Fv2%2Ftags&post=6854"}],"curies":[{"name":"wp","href":"https:\/\/api.w.org\/{rel}","templated":true}]}}