{"id":6255,"date":"2023-05-01T19:57:48","date_gmt":"2023-05-01T18:57:48","guid":{"rendered":"https:\/\/www.francecricket.com\/?page_id=6255"},"modified":"2025-12-05T14:38:29","modified_gmt":"2025-12-05T13:38:29","slug":"commission-dethique","status":"publish","type":"page","link":"https:\/\/www.francecricket.com\/?page_id=6255","title":{"rendered":"Comit\u00e9 \u00c9thique"},"content":{"rendered":"<p><strong>Pr\u00e9sident et responsable de l\u2019\u00e9thique :<\/strong> Patricia Cl\u00e9ment<\/p>\n<p><a href=\"https:\/\/www.francecricket.com\/include\/doc\/commission\/R\u00e8glements et attributions comit\u00e9 \u00e9thique.pdf\"><strong>R\u00e8glements et attributions de la commission<\/strong><\/a><\/p>\n<p><a href=\"https:\/\/www.francecricket.com\/include\/doc\/commission\/Projet 2026 Commission Ethique.pdf\">Projet 2026 Commission Ethique<\/a><\/p>\n<p>&nbsp;<\/p>\n","protected":false},"excerpt":{"rendered":"<p>Pr\u00e9sident et responsable de l\u2019\u00e9thique : Patricia Cl\u00e9ment R\u00e8glements et attributions de la commission Projet 2026 Commission Ethique &nbsp;<\/p>\n","protected":false},"author":1,"featured_media":0,"parent":1466,"menu_order":0,"comment_status":"closed","ping_status":"closed","template":"page-templates\/full-width.php","meta":{"cybocfi_hide_featured_image":"","footnotes":""},"tags":[],"class_list":["post-6255","page","type-page","status-publish","hentry"],"_links":{"self":[{"href":"https:\/\/www.francecricket.com\/index.php?rest_route=\/wp\/v2\/pages\/6255","targetHints":{"allow":["GET"]}}],"collection":[{"href":"https:\/\/www.francecricket.com\/index.php?rest_route=\/wp\/v2\/pages"}],"about":[{"href":"https:\/\/www.francecricket.com\/index.php?rest_route=\/wp\/v2\/types\/page"}],"author":[{"embeddable":true,"href":"https:\/\/www.francecricket.com\/index.php?rest_route=\/wp\/v2\/users\/1"}],"replies":[{"embeddable":true,"href":"https:\/\/www.francecricket.com\/index.php?rest_route=%2Fwp%2Fv2%2Fcomments&post=6255"}],"version-history":[{"count":4,"href":"https:\/\/www.francecricket.com\/index.php?rest_route=\/wp\/v2\/pages\/6255\/revisions"}],"predecessor-version":[{"id":7372,"href":"https:\/\/www.francecricket.com\/index.php?rest_route=\/wp\/v2\/pages\/6255\/revisions\/7372"}],"up":[{"embeddable":true,"href":"https:\/\/www.francecricket.com\/index.php?rest_route=\/wp\/v2\/pages\/1466"}],"wp:attachment":[{"href":"https:\/\/www.francecricket.com\/index.php?rest_route=%2Fwp%2Fv2%2Fmedia&parent=6255"}],"wp:term":[{"taxonomy":"post_tag","embeddable":true,"href":"https:\/\/www.francecricket.com\/index.php?rest_route=%2Fwp%2Fv2%2Ftags&post=6255"}],"curies":[{"name":"wp","href":"https:\/\/api.w.org\/{rel}","templated":true}]}}