{"id":6195,"date":"2023-05-01T18:31:18","date_gmt":"2023-05-01T17:31:18","guid":{"rendered":"https:\/\/www.francecricket.com\/?page_id=6195"},"modified":"2023-05-01T19:22:17","modified_gmt":"2023-05-01T18:22:17","slug":"commission-de-disciplines","status":"publish","type":"page","link":"https:\/\/www.francecricket.com\/?page_id=6195","title":{"rendered":"Commission de disciplines"},"content":{"rendered":"<p><strong>Pr\u00e9sident :<\/strong> Asif Zahir @ <a href=\"mailto:Asif.Zahir@francecricket.com\">Asif.Zahir@francecricket.com<\/a><\/p>\n<p><strong>R\u00f4le :<\/strong> <a href=\"https:\/\/www.francecricket.com\/include\/doc\/global\/FC-RI.pdf\">cf r\u00e8glement int\u00e9rieur<\/a><\/p>\n","protected":false},"excerpt":{"rendered":"<p>Pr\u00e9sident : Asif Zahir @ Asif.Zahir@francecricket.com R\u00f4le : cf r\u00e8glement int\u00e9rieur<\/p>\n","protected":false},"author":1,"featured_media":0,"parent":1466,"menu_order":0,"comment_status":"closed","ping_status":"closed","template":"page-templates\/full-width.php","meta":{"cybocfi_hide_featured_image":"","footnotes":""},"tags":[],"class_list":["post-6195","page","type-page","status-publish","hentry"],"_links":{"self":[{"href":"https:\/\/www.francecricket.com\/index.php?rest_route=\/wp\/v2\/pages\/6195","targetHints":{"allow":["GET"]}}],"collection":[{"href":"https:\/\/www.francecricket.com\/index.php?rest_route=\/wp\/v2\/pages"}],"about":[{"href":"https:\/\/www.francecricket.com\/index.php?rest_route=\/wp\/v2\/types\/page"}],"author":[{"embeddable":true,"href":"https:\/\/www.francecricket.com\/index.php?rest_route=\/wp\/v2\/users\/1"}],"replies":[{"embeddable":true,"href":"https:\/\/www.francecricket.com\/index.php?rest_route=%2Fwp%2Fv2%2Fcomments&post=6195"}],"version-history":[{"count":0,"href":"https:\/\/www.francecricket.com\/index.php?rest_route=\/wp\/v2\/pages\/6195\/revisions"}],"up":[{"embeddable":true,"href":"https:\/\/www.francecricket.com\/index.php?rest_route=\/wp\/v2\/pages\/1466"}],"wp:attachment":[{"href":"https:\/\/www.francecricket.com\/index.php?rest_route=%2Fwp%2Fv2%2Fmedia&parent=6195"}],"wp:term":[{"taxonomy":"post_tag","embeddable":true,"href":"https:\/\/www.francecricket.com\/index.php?rest_route=%2Fwp%2Fv2%2Ftags&post=6195"}],"curies":[{"name":"wp","href":"https:\/\/api.w.org\/{rel}","templated":true}]}}