{"id":584,"date":"2017-01-02T08:28:52","date_gmt":"2017-01-02T08:28:52","guid":{"rendered":"https:\/\/demo.themegrill.com\/flash-default-2\/?page_id=5"},"modified":"2026-02-26T16:11:44","modified_gmt":"2026-02-26T15:11:44","slug":"home","status":"publish","type":"page","link":"https:\/\/www.francecricket.com\/?page_id=584","title":{"rendered":"Accueil"},"content":{"rendered":"<div id=\"pl-584\"  class=\"panel-layout\" ><div id=\"pg-584-0\"  class=\"panel-grid panel-has-style\" ><div class=\"panel-row-style panel-row-style-for-584-0\" ><div id=\"pgc-584-0-0\"  class=\"panel-grid-cell\" ><div id=\"panel-584-0-0-0\" class=\"so-panel widget widget_themegrill_flash_heading tg-widget section-title-wrapper panel-first-child\" data-index=\"0\" >\t<h3 class=\"section-title\">Nos prochains \u00e9v\u00e9nements<\/h3>\n<\/div><div id=\"panel-584-0-0-1\" class=\"so-panel widget widget_pods_widget_list pods_widget_list panel-last-child\" data-index=\"1\"><\/div><\/div><\/div><\/div><div id=\"pg-584-1\"  class=\"panel-grid panel-has-style\" ><div class=\"panel-row-style panel-row-style-for-584-1\" ><div id=\"pgc-584-1-0\"  class=\"panel-grid-cell\" ><div id=\"panel-584-1-0-0\" class=\"so-panel widget widget_themegrill_flash_heading tg-widget section-title-wrapper panel-first-child panel-last-child\" data-index=\"2\" >\t<h3 class=\"section-title\">Nos chiffres<\/h3>\n<\/div><\/div><\/div><\/div><div id=\"pg-584-2\"  class=\"panel-grid panel-has-style\" ><div class=\"siteorigin-panels-stretch panel-row-style panel-row-style-for-584-2\" data-stretch-type=\"full\" ><div id=\"pgc-584-2-0\"  class=\"panel-grid-cell\" ><div id=\"panel-584-2-0-0\" class=\"so-panel widget widget_themegrill_flash_counter tg-widget tg-single-counter panel-first-child panel-last-child\" data-index=\"3\" ><div class=\"flash_inherit_color panel-widget-style panel-widget-style-for-584-2-0-0\" ><div class=\"fun-facts-section\">\n\t<div class=\"tg-fun-facts-widget tg-fun-facts-layout-1\">\n\t\t<div class=\"fun-facts-wrapper\">\n\t\t\t\t\t\t<span class=\"fun-facts-icon-wrap\"><i class=\"fa fa-home\"><\/i><\/span>\n\t\t\t\t\t\t\t\t\t<span class=\"counter-wrapper\"><span class=\"counter\">104<\/span><i class=\"fa fa-plus\"><\/i><\/span>\n\t\t\t\t\t\t\t\t\t<h3 class=\"fun-facts-title-wrap\">Clubs<\/h3>\n\t\t\t\t\t<\/div>\n\t<\/div>\n<\/div>\n<\/div><\/div><\/div><div id=\"pgc-584-2-1\"  class=\"panel-grid-cell\" ><div id=\"panel-584-2-1-0\" class=\"so-panel widget widget_themegrill_flash_counter tg-widget tg-single-counter panel-first-child panel-last-child\" data-index=\"4\" ><div class=\"flash_inherit_color panel-widget-style panel-widget-style-for-584-2-1-0\" ><div class=\"fun-facts-section\">\n\t<div class=\"tg-fun-facts-widget tg-fun-facts-layout-1\">\n\t\t<div class=\"fun-facts-wrapper\">\n\t\t\t\t\t\t<span class=\"fun-facts-icon-wrap\"><i class=\"fa fa-group\"><\/i><\/span>\n\t\t\t\t\t\t\t\t\t<span class=\"counter-wrapper\"><span class=\"counter\">4090<\/span><i class=\"fa fa-plus\"><\/i><\/span>\n\t\t\t\t\t\t\t\t\t<h3 class=\"fun-facts-title-wrap\">Licenci\u00e9s<\/h3>\n\t\t\t\t\t<\/div>\n\t<\/div>\n<\/div>\n<\/div><\/div><\/div><div id=\"pgc-584-2-2\"  class=\"panel-grid-cell\" ><div id=\"panel-584-2-2-0\" class=\"so-panel widget widget_themegrill_flash_counter tg-widget tg-single-counter panel-first-child panel-last-child\" data-index=\"5\" ><div class=\"flash_inherit_color panel-widget-style panel-widget-style-for-584-2-2-0\" ><div class=\"fun-facts-section\">\n\t<div class=\"tg-fun-facts-widget tg-fun-facts-layout-1\">\n\t\t<div class=\"fun-facts-wrapper\">\n\t\t\t\t\t\t<span class=\"fun-facts-icon-wrap\"><i class=\"fa fa-male\"><\/i><\/span>\n\t\t\t\t\t\t\t\t\t<span class=\"counter-wrapper\"><span class=\"counter\">2625<\/span><i class=\"fa fa-plus\"><\/i><\/span>\n\t\t\t\t\t\t\t\t\t<h3 class=\"fun-facts-title-wrap\">Homme<\/h3>\n\t\t\t\t\t<\/div>\n\t<\/div>\n<\/div>\n<\/div><\/div><\/div><div id=\"pgc-584-2-3\"  class=\"panel-grid-cell\" ><div id=\"panel-584-2-3-0\" class=\"so-panel widget widget_themegrill_flash_counter tg-widget tg-single-counter panel-first-child panel-last-child\" data-index=\"6\" ><div class=\"flash_inherit_color panel-widget-style panel-widget-style-for-584-2-3-0\" ><div class=\"fun-facts-section\">\n\t<div class=\"tg-fun-facts-widget tg-fun-facts-layout-1\">\n\t\t<div class=\"fun-facts-wrapper\">\n\t\t\t\t\t\t<span class=\"fun-facts-icon-wrap\"><i class=\"fa fa-female\"><\/i><\/span>\n\t\t\t\t\t\t\t\t\t<span class=\"counter-wrapper\"><span class=\"counter\">1465<\/span><i class=\"fa fa-plus\"><\/i><\/span>\n\t\t\t\t\t\t\t\t\t<h3 class=\"fun-facts-title-wrap\">Femme<\/h3>\n\t\t\t\t\t<\/div>\n\t<\/div>\n<\/div>\n<\/div><\/div><\/div><\/div><\/div><div id=\"pg-584-3\"  class=\"panel-grid panel-has-style\" ><div class=\"panel-row-style panel-row-style-for-584-3\" ><div id=\"pgc-584-3-0\"  class=\"panel-grid-cell\" ><div id=\"panel-584-3-0-0\" class=\"so-panel widget widget_themegrill_flash_heading tg-widget section-title-wrapper panel-first-child\" data-index=\"7\" >\t<h3 class=\"section-title\">Actualit\u00e9s<\/h3>\n<\/div><div id=\"panel-584-3-0-1\" class=\"widget_text so-panel widget widget_custom_html panel-last-child\" data-index=\"8\" ><div class=\"textwidget custom-html-widget\"><div  id=\"wpsr-fb-feed-7516\" class=\"wpsr-fb-feed-wrapper wpsr-feed-wrap wpsr_content wpsr-fb-feed-template1 wpsr-fb-timeline_feed   wpsr-fb-feed-template-7516  wpsr-has-equal-height \"   data-column=\"4\"><div class=\"wpsr-loader\">\n        <div class=\"wpsr-spinner-animation\"><\/div>\n    <\/div><div class=\"wpsr-container\">\n<div class=\"wpsr-fb-feed-wrapper-inner\"><div class=\"wpsr-row wpsr-fb-all-feed wpsr_feeds wpsr-column-gap-default\"><div class=\"wpsr-mb-30 wpsr-col-4 wpsr-col-sm-4 wpsr-col-xs-12\">\n            <div role=\"group\" class=\"wpsr-fb-feed-item wpsr-fb-post \" data-post_id=\"652173391497110_1370007275171954\" \n            data-user_name=\"652173391497110\"\n            data-image_size=\"full\">\n\n                                <div class=\"wpsr-fb-feed-inner\">\n                    <div class=\"wpsr-fb-feed-author\">\n            \n        <div class=\"wpsr-fb-feed-author-info\">\n            \n            \n                    <\/div>\n                <a target=\"_blank\" href=\"https:\/\/www.facebook.com\/1335136781992337\/posts\/1370007275171954\" class=\"wpsr-fb-feed-platform\">\n            <i class=\"icon-facebook-square\"><\/i>\n        <\/a>\n            <\/div><p class=\"wpsr-fb-feed-content wpsr_add_read_more wpsr_show_less_content\" data-num-words-trim=\"15\">\n    \ud83d\udd25 Troisi\u00e8me victoire ce matin face \u00e0 la Norv\u00e8ge, synonyme de qualification pour la finale contre le Portugal \ud83c\uddeb\ud83c\uddf7\ud83c\udfcf\n\nMalgr\u00e9 la d\u00e9faite en finale, ce tournoi reste tr\u00e8s positif et constitue une excellente pr\u00e9paration avant le rendez-vous de Chypre en mai.\n\nBravo \u00e0 tous les joueurs et aux staffs pour le travail accompli \ud83d\udcaa\n\nhttps:\/\/cricheroes.com\/scorecard\/23690651\/santarem-cup-2026\/norway-(m)-vs-france-xi\/summary\n\nhttps:\/\/cricheroes.com\/scorecard\/23807375\/santarem-cup-2026\/portugal-vs-france-cricket\/summary<\/p><div class=\"wpsr-fb-feed-playmode wpsr-fb-feed-content-wrapper\"\n    data-post_id=\"652173391497110_1370007275171954\"\n    data-user_name=\"652173391497110\"\n    data-image_size=\"full\"\n    data-feed_type=\"timeline_feed\"\n    data-index=\"0\"\n    data-playmode=\"facebook\"\n    data-template-id=\"7516\"\n    data-optimized_images=\"true\"\n    data-has_gdpr=\"false\">\n    <div class=\"wpsr-fb-feed-image \">\n        <a class=\"wpsr-feed-link\" target=\"_blank\" rel=\"nofollow\" href=\"https:\/\/www.facebook.com\/1335136781992337\/posts\/1370007275171954\">\n         \n          <span class=\"wpsr-fb-media-placeholder-icon\">\n                            <i class=\"icon-picture-o\"><\/i>Photo                                      <\/span>\n                    <\/a>\n    \n    \n    <\/div>\n                    <\/div> <!-- End of the wrapper div for the Facebook timeline feed media content -->\n                                    <\/div>\n                \n            <\/div>\n                <\/div>\n                <div class=\"wpsr-mb-30 wpsr-col-4 wpsr-col-sm-4 wpsr-col-xs-12\">\n            <div role=\"group\" class=\"wpsr-fb-feed-item wpsr-fb-post \" data-post_id=\"652173391497110_1369035608602454\" \n            data-user_name=\"652173391497110\"\n            data-image_size=\"full\">\n\n                                <div class=\"wpsr-fb-feed-inner\">\n                    <div class=\"wpsr-fb-feed-author\">\n            \n        <div class=\"wpsr-fb-feed-author-info\">\n            \n            \n                    <\/div>\n                <a target=\"_blank\" href=\"https:\/\/www.facebook.com\/1335136781992337\/posts\/1369035608602454\" class=\"wpsr-fb-feed-platform\">\n            <i class=\"icon-facebook-square\"><\/i>\n        <\/a>\n            <\/div><p class=\"wpsr-fb-feed-content wpsr_add_read_more wpsr_show_less_content\" data-num-words-trim=\"15\">\n    \ud83d\udd25 Deuxi\u00e8me victoire pour France Cricket au tournoi de Santar\u00e9m, cette fois face au Portugal \ud83c\uddeb\ud83c\uddf7\ud83c\udfcf\n\nDemain matin, France Cricket affrontera la Norv\u00e8ge avec un objectif clair : assurer sa place en finale.\n\nAllez France Cricket !\ud83d\udcaa\n\nhttps:\/\/cricheroes.com\/scorecard\/23690674\/santarem-cup-2026\/portugal-vs-france-xi\/summary<\/p><div class=\"wpsr-fb-feed-playmode wpsr-fb-feed-content-wrapper\"\n    data-post_id=\"652173391497110_1369035608602454\"\n    data-user_name=\"652173391497110\"\n    data-image_size=\"full\"\n    data-feed_type=\"timeline_feed\"\n    data-index=\"1\"\n    data-playmode=\"facebook\"\n    data-template-id=\"7516\"\n    data-optimized_images=\"true\"\n    data-has_gdpr=\"false\">\n    <div class=\"wpsr-fb-feed-image \">\n        <a class=\"wpsr-feed-link\" target=\"_blank\" rel=\"nofollow\" href=\"https:\/\/www.facebook.com\/1335136781992337\/posts\/1369035608602454\">\n         \n          <span class=\"wpsr-fb-media-placeholder-icon\">\n                            <i class=\"icon-picture-o\"><\/i>Photo                                      <\/span>\n                    <\/a>\n    \n    \n    <\/div>\n                    <\/div> <!-- End of the wrapper div for the Facebook timeline feed media content -->\n                                    <\/div>\n                \n            <\/div>\n                <\/div>\n                <div class=\"wpsr-mb-30 wpsr-col-4 wpsr-col-sm-4 wpsr-col-xs-12\">\n            <div role=\"group\" class=\"wpsr-fb-feed-item wpsr-fb-post \" data-post_id=\"652173391497110_1368326192006729\" \n            data-user_name=\"652173391497110\"\n            data-image_size=\"full\">\n\n                                <div class=\"wpsr-fb-feed-inner\">\n                    <div class=\"wpsr-fb-feed-author\">\n            \n        <div class=\"wpsr-fb-feed-author-info\">\n            \n            \n                    <\/div>\n                <a target=\"_blank\" href=\"https:\/\/www.facebook.com\/1335136781992337\/posts\/1368326192006729\" class=\"wpsr-fb-feed-platform\">\n            <i class=\"icon-facebook-square\"><\/i>\n        <\/a>\n            <\/div><p class=\"wpsr-fb-feed-content wpsr_add_read_more wpsr_show_less_content\" data-num-words-trim=\"15\">\n    France Cricket XI signe une belle victoire aujourd\u2019hui \u00e0 Santar\u00e9m face \u00e0 la Norv\u00e8ge.\n\nUne performance solide, avec du caract\u00e8re, de l\u2019engagement et un tr\u00e8s bel esprit collectif. Ce succ\u00e8s r\u00e9compense les efforts du groupe et confirme que l\u2019\u00e9quipe continue de progresser dans la bonne direction.\n\nBravo aux joueurs et au staff. Continuons sur cette dynamique positive. \n\nhttps:\/\/cricheroes.com\/scorecard\/23690659\/santarem-cup-2026\/france-xi-vs-norway-(m)\/summary<\/p><div class=\"wpsr-fb-feed-playmode wpsr-fb-feed-content-wrapper\"\n    data-post_id=\"652173391497110_1368326192006729\"\n    data-user_name=\"652173391497110\"\n    data-image_size=\"full\"\n    data-feed_type=\"timeline_feed\"\n    data-index=\"2\"\n    data-playmode=\"facebook\"\n    data-template-id=\"7516\"\n    data-optimized_images=\"true\"\n    data-has_gdpr=\"false\">\n    <div class=\"wpsr-fb-feed-image \">\n        <a class=\"wpsr-feed-link\" target=\"_blank\" rel=\"nofollow\" href=\"https:\/\/www.facebook.com\/1335136781992337\/posts\/1368326192006729\">\n         \n          <span class=\"wpsr-fb-media-placeholder-icon\">\n                            <i class=\"icon-picture-o\"><\/i>Photo                                      <\/span>\n                    <\/a>\n    \n    \n    <\/div>\n                    <\/div> <!-- End of the wrapper div for the Facebook timeline feed media content -->\n                                    <\/div>\n                \n            <\/div>\n                <\/div>\n                <\/div><div class=\"wpsr-fb-feed-footer wpsr-fb-feed-follow-button-group wpsr-row \"><\/div><\/div><\/div><\/div><\/div><\/div><\/div><\/div><\/div><\/div>","protected":false},"excerpt":{"rendered":"<p>Nos prochains \u00e9v\u00e9nements Nos chiffres 104 Clubs 4090 Licenci\u00e9s 2625 Homme 1465 Femme Actualit\u00e9s \ud83d\udd25 Troisi\u00e8me victoire ce matin face [&hellip;]<\/p>\n","protected":false},"author":1,"featured_media":0,"parent":0,"menu_order":0,"comment_status":"closed","ping_status":"closed","template":"page-templates\/full-width.php","meta":{"cybocfi_hide_featured_image":"","footnotes":""},"tags":[],"class_list":["post-584","page","type-page","status-publish","hentry"],"_links":{"self":[{"href":"https:\/\/www.francecricket.com\/index.php?rest_route=\/wp\/v2\/pages\/584","targetHints":{"allow":["GET"]}}],"collection":[{"href":"https:\/\/www.francecricket.com\/index.php?rest_route=\/wp\/v2\/pages"}],"about":[{"href":"https:\/\/www.francecricket.com\/index.php?rest_route=\/wp\/v2\/types\/page"}],"author":[{"embeddable":true,"href":"https:\/\/www.francecricket.com\/index.php?rest_route=\/wp\/v2\/users\/1"}],"replies":[{"embeddable":true,"href":"https:\/\/www.francecricket.com\/index.php?rest_route=%2Fwp%2Fv2%2Fcomments&post=584"}],"version-history":[{"count":24,"href":"https:\/\/www.francecricket.com\/index.php?rest_route=\/wp\/v2\/pages\/584\/revisions"}],"predecessor-version":[{"id":7519,"href":"https:\/\/www.francecricket.com\/index.php?rest_route=\/wp\/v2\/pages\/584\/revisions\/7519"}],"wp:attachment":[{"href":"https:\/\/www.francecricket.com\/index.php?rest_route=%2Fwp%2Fv2%2Fmedia&parent=584"}],"wp:term":[{"taxonomy":"post_tag","embeddable":true,"href":"https:\/\/www.francecricket.com\/index.php?rest_route=%2Fwp%2Fv2%2Ftags&post=584"}],"curies":[{"name":"wp","href":"https:\/\/api.w.org\/{rel}","templated":true}]}}