{"id":5015,"date":"2021-07-28T19:27:59","date_gmt":"2021-07-28T18:27:59","guid":{"rendered":"https:\/\/www.francecricket.com\/?page_id=5015"},"modified":"2021-07-28T19:59:58","modified_gmt":"2021-07-28T18:59:58","slug":"scolaire","status":"publish","type":"page","link":"https:\/\/www.francecricket.com\/?page_id=5015","title":{"rendered":"Scolaire"},"content":{"rendered":"<p><strong>Responsable :<\/strong> Mobashar Ashraf @ <a href=\"mailto:Mobashar.Ashraf@francecricket.com\">Mobashar.Ashraf@francecricket.com<\/a><\/p>\n<p><b>R\u00f4le : <a href=\"https:\/\/www.francecricket.com\/include\/doc\/global\/FC-RI.pdf\">cf r\u00e8glement int\u00e9rieur<\/a><\/b><\/p>\n","protected":false},"excerpt":{"rendered":"<p>Responsable : Mobashar Ashraf @ Mobashar.Ashraf@francecricket.com R\u00f4le : cf r\u00e8glement int\u00e9rieur<\/p>\n","protected":false},"author":1,"featured_media":0,"parent":4977,"menu_order":0,"comment_status":"closed","ping_status":"closed","template":"page-templates\/full-width.php","meta":{"cybocfi_hide_featured_image":"","footnotes":""},"tags":[],"class_list":["post-5015","page","type-page","status-publish","hentry"],"_links":{"self":[{"href":"https:\/\/www.francecricket.com\/index.php?rest_route=\/wp\/v2\/pages\/5015","targetHints":{"allow":["GET"]}}],"collection":[{"href":"https:\/\/www.francecricket.com\/index.php?rest_route=\/wp\/v2\/pages"}],"about":[{"href":"https:\/\/www.francecricket.com\/index.php?rest_route=\/wp\/v2\/types\/page"}],"author":[{"embeddable":true,"href":"https:\/\/www.francecricket.com\/index.php?rest_route=\/wp\/v2\/users\/1"}],"replies":[{"embeddable":true,"href":"https:\/\/www.francecricket.com\/index.php?rest_route=%2Fwp%2Fv2%2Fcomments&post=5015"}],"version-history":[{"count":0,"href":"https:\/\/www.francecricket.com\/index.php?rest_route=\/wp\/v2\/pages\/5015\/revisions"}],"up":[{"embeddable":true,"href":"https:\/\/www.francecricket.com\/index.php?rest_route=\/wp\/v2\/pages\/4977"}],"wp:attachment":[{"href":"https:\/\/www.francecricket.com\/index.php?rest_route=%2Fwp%2Fv2%2Fmedia&parent=5015"}],"wp:term":[{"taxonomy":"post_tag","embeddable":true,"href":"https:\/\/www.francecricket.com\/index.php?rest_route=%2Fwp%2Fv2%2Ftags&post=5015"}],"curies":[{"name":"wp","href":"https:\/\/api.w.org\/{rel}","templated":true}]}}