{"id":4977,"date":"2021-07-28T13:15:06","date_gmt":"2021-07-28T12:15:06","guid":{"rendered":"https:\/\/www.francecricket.com\/?page_id=4977"},"modified":"2025-12-05T14:36:39","modified_gmt":"2025-12-05T13:36:39","slug":"commission-developpement","status":"publish","type":"page","link":"https:\/\/www.francecricket.com\/?page_id=4977","title":{"rendered":"Commission d\u00e9veloppement"},"content":{"rendered":"<p><strong>Pr\u00e9sident :<\/strong> Roselyn Gomez @ <a href=\"mailto:Roselyn.Gomez@francecricket.com\">Roselyn.Gomez@francecricket.com<\/a><\/p>\n<p><strong>Secr\u00e9taire :<\/strong> Lushai Parvati @ <a href=\"mailto:Lushai.Parvati@francecricket.com\">Lushai.Parvati@francecricket.com<\/a><\/p>\n<p><strong>R\u00f4le :<\/strong> <a href=\"https:\/\/www.francecricket.com\/include\/doc\/global\/FC-RI.pdf\">cf r\u00e8glement int\u00e9rieur<\/a><\/p>\n<p><a href=\"https:\/\/www.francecricket.com\/include\/doc\/commission\/Projet 2026 Commission Developpement.pdf\">Projet 2026 Commission Developpement<\/a><\/p>\n","protected":false},"excerpt":{"rendered":"<p>Pr\u00e9sident : Roselyn Gomez @ Roselyn.Gomez@francecricket.com Secr\u00e9taire : Lushai Parvati @ Lushai.Parvati@francecricket.com R\u00f4le : cf r\u00e8glement int\u00e9rieur Projet 2026 Commission [&hellip;]<\/p>\n","protected":false},"author":1,"featured_media":0,"parent":1466,"menu_order":0,"comment_status":"closed","ping_status":"closed","template":"page-templates\/full-width.php","meta":{"cybocfi_hide_featured_image":"","footnotes":""},"tags":[],"class_list":["post-4977","page","type-page","status-publish","hentry"],"_links":{"self":[{"href":"https:\/\/www.francecricket.com\/index.php?rest_route=\/wp\/v2\/pages\/4977","targetHints":{"allow":["GET"]}}],"collection":[{"href":"https:\/\/www.francecricket.com\/index.php?rest_route=\/wp\/v2\/pages"}],"about":[{"href":"https:\/\/www.francecricket.com\/index.php?rest_route=\/wp\/v2\/types\/page"}],"author":[{"embeddable":true,"href":"https:\/\/www.francecricket.com\/index.php?rest_route=\/wp\/v2\/users\/1"}],"replies":[{"embeddable":true,"href":"https:\/\/www.francecricket.com\/index.php?rest_route=%2Fwp%2Fv2%2Fcomments&post=4977"}],"version-history":[{"count":8,"href":"https:\/\/www.francecricket.com\/index.php?rest_route=\/wp\/v2\/pages\/4977\/revisions"}],"predecessor-version":[{"id":7370,"href":"https:\/\/www.francecricket.com\/index.php?rest_route=\/wp\/v2\/pages\/4977\/revisions\/7370"}],"up":[{"embeddable":true,"href":"https:\/\/www.francecricket.com\/index.php?rest_route=\/wp\/v2\/pages\/1466"}],"wp:attachment":[{"href":"https:\/\/www.francecricket.com\/index.php?rest_route=%2Fwp%2Fv2%2Fmedia&parent=4977"}],"wp:term":[{"taxonomy":"post_tag","embeddable":true,"href":"https:\/\/www.francecricket.com\/index.php?rest_route=%2Fwp%2Fv2%2Ftags&post=4977"}],"curies":[{"name":"wp","href":"https:\/\/api.w.org\/{rel}","templated":true}]}}