{"id":3041,"date":"2020-05-07T13:30:47","date_gmt":"2020-05-07T12:30:47","guid":{"rendered":"https:\/\/www.francecricket.com\/?page_id=3041"},"modified":"2026-03-27T11:21:27","modified_gmt":"2026-03-27T10:21:27","slug":"test","status":"publish","type":"page","link":"https:\/\/www.francecricket.com\/","title":{"rendered":"FirstPage"},"content":{"rendered":"<div id=\"pl-3041\"  class=\"panel-layout\" ><div id=\"pg-3041-0\"  class=\"panel-grid panel-has-style\" ><div class=\"panel-row-style panel-row-style-for-3041-0\" ><div id=\"pgc-3041-0-0\"  class=\"panel-grid-cell\" ><div id=\"panel-3041-0-0-0\" class=\"widget_text so-panel widget widget_custom_html panel-first-child panel-last-child\" data-index=\"0\" ><div class=\"textwidget custom-html-widget\"><div class=\"divFCLogo\" style=\"text-align:center\">\n\t<img decoding=\"async\" src=\"wp-content\/uploads\/FC_Logo.png\" width=\"125px\">\n<\/div><\/div><\/div><\/div><\/div><\/div><div id=\"pg-3041-1\"  class=\"panel-grid panel-has-style\" ><div class=\"panel-row-style panel-row-style-for-3041-1\" ><div id=\"pgc-3041-1-0\"  class=\"panel-grid-cell\" ><div id=\"panel-3041-1-0-0\" class=\"widget_text so-panel widget widget_custom_html panel-first-child panel-last-child\" data-index=\"1\" ><div class=\"textwidget custom-html-widget\"><div style=\"text-align:center\">\n\t<div class=\"divMenu\">\n\t\t<a class=\"info\" href=\"?page_id=1580\">\n\t\t\t<div class=\"hovereffect\">\n\t\t\t\t<img decoding=\"async\" class=\"imgMenu\" src=\"wp-content\/uploads\/decouvrir_le_cricket2.png\">\n\t\t\t\t<div class=\"overlay\"><h2>D\u00e9couvrir le cricket<\/h2><\/div>\n\t\t\t<\/div>\n\t\t<\/a>\n\t<\/div>\n\t<div class=\"divMenu\">\n\t\t<a class=\"info\" href=\"?page_id=584\">\n\t\t\t<div class=\"hovereffect\">\n\t\t\t\t<img decoding=\"async\" class=\"imgMenu\" src=\"wp-content\/uploads\/acceder_au_site.png\">\n\t\t\t\t<div class=\"overlay\"><h2>Acc\u00e8der au site<\/h2><\/div>\n\t\t\t<\/div>\n\t\t<\/a>\n\t<\/div>\n\t<div class=\"divMenu\">\n\t\t<a class=\"info\" href=\"?page_id=2990\">\n\t\t\t<div class=\"hovereffect\">\n\t\t\t\t<img decoding=\"async\" class=\"imgMenu\" src=\"wp-content\/uploads\/scolaire2.png\">\n\t\t\t\t<div class=\"overlay\"><h2>Scolaire<\/h2><\/div>\n\t\t\t<\/div>\n\t\t<\/a>\n\t<\/div>\n\t<div class=\"divMenu\">\n\t\t<a class=\"info\" href=\"?page_id=2059\">\n\t\t\t<div class=\"hovereffect\">\n\t\t\t\t<img decoding=\"async\" class=\"imgMenu\" src=\"wp-content\/uploads\/competition2.png\">\n\t\t\t\t<div class=\"overlay\"><h2>Comp\u00e9titions<\/h2><\/div>\n\t\t\t<\/div>\n\t\t<\/a>\n\t<\/div>\n\t<div class=\"divMenu\">\n\t\t<a class=\"info\" href=\"?page_id=1977\">\n\t\t\t<div class=\"hovereffect\">\n\t\t\t\t<img decoding=\"async\" class=\"imgMenu\" src=\"wp-content\/uploads\/equipes_de_france2.png\">\n\t\t\t\t<div class=\"overlay\"><h2>International Cricket Team<\/h2><\/div>\n\t\t\t<\/div>\n\t\t<\/a>\n\t<\/div>\n\t<div class=\"divMenu\">\n\t\t<a class=\"info\" href=\"?page_id=4109\">\n\t\t\t<div class=\"hovereffect\">\n\t\t\t\t<img decoding=\"async\" class=\"imgMenu\" src=\"wp-content\/uploads\/annuaire.png\">\n\t\t\t\t<div class=\"overlay\"><h2>Annuaire des clubs<\/h2><\/div>\n\t\t\t<\/div>\n\t\t<\/a>\n\t<\/div>\n<\/div><\/div><\/div><\/div><\/div><\/div><div id=\"pg-3041-2\"  class=\"panel-grid panel-has-style\" ><div class=\"panel-row-style panel-row-style-for-3041-2\" ><div id=\"pgc-3041-2-0\"  class=\"panel-grid-cell\" ><div id=\"panel-3041-2-0-0\" class=\"widget_text so-panel widget widget_custom_html panel-first-child panel-last-child\" data-index=\"2\" ><div class=\"textwidget custom-html-widget\"><br>\n<center>\n\t<div style=\"text-align:left;vertical-align:top;display:inline-block;padding-right:10px\">\n\t\t<h5 style=\"color:#364d9d\">PARTENAIRES INSTITUTIONNELS<\/h5>\n\t\t<a href=\"https:\/\/www.sports.gouv.fr\" target=\"_blank\"><img decoding=\"async\" src=\"include\/logoOrg\/gouvernement.png\" width=\"150px\"><\/a>\n\t\t<a href=\"https:\/\/www.icc-cricket.com\" target=\"_blank\"><img decoding=\"async\" src=\"include\/logoOrg\/icc.png\" width=\"100px\"><\/a>\n\t\t<a href=\"https:\/\/www.agencedusport.fr\" target=\"_blank\"><img decoding=\"async\" src=\"include\/logoOrg\/ans.png\" width=\"100px\"><\/a>\n\t\t<a href=\"https:\/\/www.franceolympique.com\/\" target=\"_blank\"><img decoding=\"async\" src=\"include\/logoOrg\/cnosf.png\" width=\"100px\"><\/a>\n\t<\/div>\n\t<div style=\"width:5px;border-left:2px solid #364d9d;height:120px;display:inline-block;padding-right:20px;\"><\/div>\n\t<div style=\"text-align:left;vertical-align:top;display:inline-block;;padding-right:20px;\">\n\t\t<h5 style=\"color:#364d9d\">FRANCE CRICKET<\/h5>\n\t\t4, Quai de la R\u00e9publique<br>\n\t\t94410 Saint-Maurice<br>\n\t\tcontact@francecricket.com<br>\n\t\t+33 9 54 34 18 93<br>\n\t\t<br>\n\t<\/div>\n\t<div style=\"width:5px;border-left:2px solid #364d9d;height:120px;display:inline-block;padding-right:20px;\"><\/div>\n\t<div style=\"text-align:left;vertical-align:top;display:inline-block;padding-right:20px;\">\n\t\t<h5 style=\"color:#364d9d\">SUIVEZ-NOUS SUR<\/h5>\n\t\t<a href=\"https:\/\/www.facebook.com\/francecricket\" target=\"_blank\"><img decoding=\"async\" src=\"wp-content\/uploads\/icon\/icon_color_facebook.png\" width='50px'><\/a>\n\t\t<a href=\"https:\/\/twitter.com\/francecricket\" target=\"_blank\"><img decoding=\"async\" src=\"wp-content\/uploads\/icon\/icon_color_twitter.png\" width='50px'><\/a>\n\t\t<a href=\"https:\/\/www.instagram.com\/france_cricket\" target=\"_blank\"><img decoding=\"async\" src=\"wp-content\/uploads\/icon\/icon_color_instagram.png\" width='50px'><\/a><br>\n\t<\/div>\n<\/center><\/div><\/div><\/div><\/div><\/div><\/div>","protected":false},"excerpt":{"rendered":"<p>D\u00e9couvrir le cricket Acc\u00e8der au site Scolaire Comp\u00e9titions International Cricket Team Annuaire des clubs PARTENAIRES INSTITUTIONNELS FRANCE CRICKET 4, Quai [&hellip;]<\/p>\n","protected":false},"author":1,"featured_media":0,"parent":0,"menu_order":0,"comment_status":"closed","ping_status":"closed","template":"page-cleanpage.php","meta":{"cybocfi_hide_featured_image":"","footnotes":""},"tags":[],"class_list":["post-3041","page","type-page","status-publish","hentry"],"_links":{"self":[{"href":"https:\/\/www.francecricket.com\/index.php?rest_route=\/wp\/v2\/pages\/3041","targetHints":{"allow":["GET"]}}],"collection":[{"href":"https:\/\/www.francecricket.com\/index.php?rest_route=\/wp\/v2\/pages"}],"about":[{"href":"https:\/\/www.francecricket.com\/index.php?rest_route=\/wp\/v2\/types\/page"}],"author":[{"embeddable":true,"href":"https:\/\/www.francecricket.com\/index.php?rest_route=\/wp\/v2\/users\/1"}],"replies":[{"embeddable":true,"href":"https:\/\/www.francecricket.com\/index.php?rest_route=%2Fwp%2Fv2%2Fcomments&post=3041"}],"version-history":[{"count":22,"href":"https:\/\/www.francecricket.com\/index.php?rest_route=\/wp\/v2\/pages\/3041\/revisions"}],"predecessor-version":[{"id":7567,"href":"https:\/\/www.francecricket.com\/index.php?rest_route=\/wp\/v2\/pages\/3041\/revisions\/7567"}],"wp:attachment":[{"href":"https:\/\/www.francecricket.com\/index.php?rest_route=%2Fwp%2Fv2%2Fmedia&parent=3041"}],"wp:term":[{"taxonomy":"post_tag","embeddable":true,"href":"https:\/\/www.francecricket.com\/index.php?rest_route=%2Fwp%2Fv2%2Ftags&post=3041"}],"curies":[{"name":"wp","href":"https:\/\/api.w.org\/{rel}","templated":true}]}}