{"id":2911,"date":"2020-04-28T13:46:08","date_gmt":"2020-04-28T12:46:08","guid":{"rendered":"https:\/\/www.francecricket.com\/?page_id=2911"},"modified":"2023-10-13T17:19:37","modified_gmt":"2023-10-13T16:19:37","slug":"inscription-formation-entraineur","status":"publish","type":"page","link":"https:\/\/www.francecricket.com\/?page_id=2911","title":{"rendered":"Inscription Formation Entra\u00eeneur"},"content":{"rendered":"<div class=\"forminator-ui forminator-custom-form forminator-custom-form-6559 forminator-design--material  forminator_ajax\" data-forminator-render=\"0\" data-form=\"forminator-module-6559\" data-uid=\"69ef7eef26ca6\"><br\/><\/div><form\r\n\t\t\t\tid=\"forminator-module-6559\"\r\n\t\t\t\tclass=\"forminator-ui forminator-custom-form forminator-custom-form-6559 forminator-design--material  forminator_ajax\"\r\n\t\t\t\tmethod=\"post\"\r\n\t\t\t\tdata-forminator-render=\"0\"\r\n\t\t\t\tdata-form-id=\"6559\"\r\n\t\t\t\tenctype=\"multipart\/form-data\" data-color-option=\"default\" data-design=\"material\" data-grid=\"open\" style=\"display: none;\"\r\n\t\t\t\tdata-uid=\"69ef7eef26ca6\"\r\n\t\t\t><div role=\"alert\" aria-live=\"polite\" class=\"forminator-response-message forminator-error\" aria-hidden=\"true\"><\/div><div class=\"forminator-row\"><div id=\"html-1\" class=\"forminator-field-html forminator-col forminator-col-12 \"><div class=\"forminator-field forminator-merge-tags\" data-field=\"html-1\"><p>Les dipl\u00f4mes f\u00e9d\u00e9raux sont con\u00e7us pour r\u00e9pondre aux besoins des clubs de disposer de cadres comp\u00e9tents et qualifi\u00e9s pour l\u2019encadrement, la s\u00e9curit\u00e9 et l\u2019animation de toutes les activit\u00e9s.<\/p>\n<p>Les frais d\u2019inscription s\u2019\u00e9l\u00e8vent \u00e0 :<br>-Entra\u00eeneur niveau 1 (2 jours) : 100\u20ac<br>-Entra\u00eeneur niveau 2 (4 jours) : 200\u20ac<\/p>\n<p>Les frais d\u2019inscription sont \u00e0 payer \u00e0 France Cricket par ch\u00e8que ou virement bancaire du club ou en esp\u00e8ces.<\/p>\n<div class=\"erf-container erf-contact erf-label-top erf-layout-one-column erf-style-rounded-corner\" id=\"erf_form_container_2910\">\n<div class=\"erf-form-html\" id=\"erf_form_2910\">\n<div class=\"rendered-form\">\n<div class=\"erf-header erf-element-width-12\">\n<h4 data-ref-id=\"ref-LDxYjYKV\" data-ref-label=\"ref-qr3wjOAD\" data-non-input=\"1\" class=\"\">Candidat<\/h4>\n<\/div>\n<\/div>\n<\/div>\n<\/div><\/div><\/div><\/div><div class=\"forminator-row\"><div id=\"name-1\" class=\"forminator-field-name forminator-col forminator-col-4 \"><div class=\"forminator-field\"><label for=\"forminator-field-name-1_69ef7eef26ca6\" id=\"forminator-field-name-1_69ef7eef26ca6-label\" class=\"forminator-label\">Nom et Pr\u00e9nom <span class=\"forminator-required\">*<\/span><\/label><input type=\"text\" name=\"name-1\" value=\"\" placeholder=\"Par exemple\u00a0: Jean Dupont\" id=\"forminator-field-name-1_69ef7eef26ca6\" class=\"forminator-input forminator-name--field\" aria-required=\"true\" autocomplete=\"name\" \/><\/div><\/div><div id=\"email-1\" class=\"forminator-field-email forminator-col forminator-col-4 \"><div class=\"forminator-field\"><label for=\"forminator-field-email-1_69ef7eef26ca6\" id=\"forminator-field-email-1_69ef7eef26ca6-label\" class=\"forminator-label\">Email <span class=\"forminator-required\">*<\/span><\/label><input type=\"email\" name=\"email-1\" value=\"\" placeholder=\"\" id=\"forminator-field-email-1_69ef7eef26ca6\" class=\"forminator-input forminator-email--field\" data-required=\"true\" aria-required=\"true\" autocomplete=\"email\" \/><\/div><\/div><div id=\"phone-1\" class=\"forminator-field-phone forminator-col forminator-col-4 \"><div class=\"forminator-field\"><label for=\"forminator-field-phone-1_69ef7eef26ca6\" id=\"forminator-field-phone-1_69ef7eef26ca6-label\" class=\"forminator-label\">T\u00e9l\u00e9phone <span class=\"forminator-required\">*<\/span><\/label><input type=\"text\" name=\"phone-1\" value=\"\" placeholder=\"Par exemple\u00a0: +1 02 03 05 06\" id=\"forminator-field-phone-1_69ef7eef26ca6\" class=\"forminator-input forminator-field--phone\" data-required=\"1\" aria-required=\"true\" autocomplete=\"off\" data-national_mode=\"enabled\" data-country=\"fr\" data-validation=\"standard\" \/><\/div><\/div><\/div><div class=\"forminator-row\"><div id=\"text-1\" class=\"forminator-field-text forminator-col forminator-col-6 \"><div class=\"forminator-field\"><label for=\"forminator-field-text-1_69ef7eef26ca6\" id=\"forminator-field-text-1_69ef7eef26ca6-label\" class=\"forminator-label\">N\u00b0 de licence <span class=\"forminator-required\">*<\/span><\/label><input type=\"text\" name=\"text-1\" value=\"\" placeholder=\"\" id=\"forminator-field-text-1_69ef7eef26ca6\" class=\"forminator-input forminator-name--field\" data-required=\"1\" \/><\/div><\/div><div id=\"text-2\" class=\"forminator-field-text forminator-col forminator-col-6 \"><div class=\"forminator-field\"><label for=\"forminator-field-text-2_69ef7eef26ca6\" id=\"forminator-field-text-2_69ef7eef26ca6-label\" class=\"forminator-label\">Nom du club <span class=\"forminator-required\">*<\/span><\/label><input type=\"text\" name=\"text-2\" value=\"\" placeholder=\"\" id=\"forminator-field-text-2_69ef7eef26ca6\" class=\"forminator-input forminator-name--field\" data-required=\"1\" \/><\/div><\/div><\/div><div class=\"forminator-row\"><div id=\"html-2\" class=\"forminator-field-html forminator-col forminator-col-12 \"><div class=\"forminator-field forminator-merge-tags\" data-field=\"html-2\"><div class=\"erf-header erf-element-width-12\">\n<h4 data-non-input=\"1\" data-ref-label=\"ref-EGBbk0o0\" data-ref-id=\"ref-TO4gcr0e\" class=\"\">Formation<\/h4>\n<\/div><\/div><\/div><\/div><div class=\"forminator-row\"><div id=\"html-4\" class=\"forminator-field-html forminator-col forminator-col-4 \"><div class=\"forminator-field forminator-merge-tags\" data-field=\"html-4\"><label class=\"forminator-label\">Entra\u00eeneur niveau 1<\/label><p>-Il n'y a pas de date de d\u00e9finie<\/p><\/div><\/div><div id=\"html-5\" class=\"forminator-field-html forminator-col forminator-col-4 \"><div class=\"forminator-field forminator-merge-tags\" data-field=\"html-5\"><label class=\"forminator-label\">Entra\u00eeneur niveau 2<\/label><p>-du 25\/04\/2020 au 25\/10\/2020<br>---&gt;Jour 1 = 25\/04\/2020 de 9h \u00e0 18h<br>---&gt;Jour 2 = 26\/04\/2020 de 9h \u00e0 18h<br>---&gt;Jour 3 = 24\/10\/2020 de 9h \u00e0 18h<br>---&gt;Jour 4 = 25\/10\/2020 de 9h \u00e0 18h<\/p><\/div><\/div><div id=\"select-1\" class=\"forminator-field-select forminator-col forminator-col-4 \"><div class=\"forminator-field\"><label for=\"forminator-form-6559__field--select-1_69ef7eef26ca6\" id=\"forminator-form-6559__field--select-1_69ef7eef26ca6-label\" class=\"forminator-label\">Date de la formation <span class=\"forminator-required\">*<\/span><\/label><select  id=\"forminator-form-6559__field--select-1_69ef7eef26ca6\" class=\"forminator-select--field forminator-select2 forminator-select2-multiple\" data-required=\"1\" name=\"select-1\" data-default-value=\"one\" data-hidden-behavior=\"zero\" data-placeholder=\"Merci de choisir une option\" data-search=\"false\" data-search-placeholder=\"Merci de choisir une option\" data-checkbox=\"false\" data-allow-clear=\"false\" aria-labelledby=\"forminator-form-6559__field--select-1_69ef7eef26ca6-label\"><option value=\"\"  >Merci de choisir une option<\/option><option value=\"one\" selected=\"selected\" data-calculation=\"0\">Niveau 2 -&gt; du 12\/02\/2023 au 13\/02\/2023<\/option><\/select><\/div><\/div><\/div><div class=\"forminator-row\"><div id=\"html-3\" class=\"forminator-field-html forminator-col forminator-col-12 \"><div class=\"forminator-field forminator-merge-tags\" data-field=\"html-3\"><div class=\"erf-header erf-element-width-12\">\n<h4 data-ref-id=\"ref-DbSDliHk\" data-ref-label=\"ref-FOE7OGgd\" data-non-input=\"1\" class=\"\">Justificatif \u00e0 joindre obligatoirement<\/h4>\n<\/div><\/div><\/div><\/div><div class=\"forminator-row\"><div id=\"upload-1\" class=\"forminator-field-upload forminator-col forminator-col-6 \"><div class=\"forminator-field\"><label for=\"forminator-field-upload-1_69ef7eef26ca6\" id=\"forminator-field-upload-1_69ef7eef26ca6-label\" class=\"forminator-label\">Pi\u00e8ce d&#039;identit\u00e9 <span class=\"forminator-required\">*<\/span><\/label><div class=\"forminator-file-upload \" data-element=\"upload-1_69ef7eef26ca6\"><input type=\"file\" name=\"upload-1\" id=\"forminator-field-upload-1_69ef7eef26ca6\" class=\"forminator-input-file-required do-validate\" accept=\".jpg,.jpeg,.jpe,.gif,.png,.bmp,.tiff,.tif,.webp,.ico,.heic,.asf,.asx,.wmv,.wmx,.wm,.avi,.divx,.flv,.mov,.qt,.mpeg,.mpg,.mpe,.mp4,.m4v,.ogv,.webm,.mkv,.3gp,.3gpp,.3g2,.3gp2,.txt,.asc,.c,.cc,.h,.srt,.csv,.tsv,.ics,.rtx,.vtt,.mp3,.m4a,.m4b,.aac,.ra,.ram,.wav,.ogg,.oga,.flac,.mid,.midi,.wma,.wax,.mka,.rtf,.pdf,.class,.tar,.zip,.gz,.gzip,.7z,.psd,.xcf,.doc,.pot,.pps,.ppt,.wri,.xla,.xls,.xlt,.xlw,.mdb,.mpp,.docx,.docm,.dotx,.dotm,.xlsx,.xlsm,.xlsb,.xltx,.xltm,.xlam,.pptx,.pptm,.ppsx,.ppsm,.potx,.potm,.ppam,.sldx,.sldm,.onetoc,.onetoc2,.onetmp,.onepkg,.oxps,.xps,.odt,.odp,.ods,.odg,.odc,.odb,.odf,.wp,.wpd,.key,.numbers,.pages\" tabindex=\"-1\"><button id=\"forminator-field-upload-1_69ef7eef26ca6_button\" class=\"forminator-button forminator-button-upload\" data-id=\"forminator-field-upload-1_69ef7eef26ca6\">Choisissez un fichier<\/button><span data-empty-text=\"Aucun fichier s\u00e9lectionn\u00e9\">Aucun fichier s\u00e9lectionn\u00e9<\/span><button class=\"forminator-button-delete\" style=\"display: none;\"><i class=\"forminator-icon-close\" aria-hidden=\"true\"><\/i><span class=\"forminator-screen-reader-only\">Supprimer le fichier t\u00e9l\u00e9vers\u00e9<\/span><\/button><\/div><\/div><\/div><div id=\"upload-2\" class=\"forminator-field-upload forminator-col forminator-col-6 \"><div class=\"forminator-field\"><label for=\"forminator-field-upload-2_69ef7eef26ca6\" id=\"forminator-field-upload-2_69ef7eef26ca6-label\" class=\"forminator-label\">Attestation de la licence France Cricket valide <span class=\"forminator-required\">*<\/span><\/label><div class=\"forminator-file-upload \" data-element=\"upload-2_69ef7eef26ca6\"><input type=\"file\" name=\"upload-2\" id=\"forminator-field-upload-2_69ef7eef26ca6\" class=\"forminator-input-file-required do-validate\" accept=\".jpg,.jpeg,.jpe,.gif,.png,.bmp,.tiff,.tif,.webp,.ico,.heic,.asf,.asx,.wmv,.wmx,.wm,.avi,.divx,.flv,.mov,.qt,.mpeg,.mpg,.mpe,.mp4,.m4v,.ogv,.webm,.mkv,.3gp,.3gpp,.3g2,.3gp2,.txt,.asc,.c,.cc,.h,.srt,.csv,.tsv,.ics,.rtx,.vtt,.mp3,.m4a,.m4b,.aac,.ra,.ram,.wav,.ogg,.oga,.flac,.mid,.midi,.wma,.wax,.mka,.rtf,.pdf,.class,.tar,.zip,.gz,.gzip,.7z,.psd,.xcf,.doc,.pot,.pps,.ppt,.wri,.xla,.xls,.xlt,.xlw,.mdb,.mpp,.docx,.docm,.dotx,.dotm,.xlsx,.xlsm,.xlsb,.xltx,.xltm,.xlam,.pptx,.pptm,.ppsx,.ppsm,.potx,.potm,.ppam,.sldx,.sldm,.onetoc,.onetoc2,.onetmp,.onepkg,.oxps,.xps,.odt,.odp,.ods,.odg,.odc,.odb,.odf,.wp,.wpd,.key,.numbers,.pages\" tabindex=\"-1\"><button id=\"forminator-field-upload-2_69ef7eef26ca6_button\" class=\"forminator-button forminator-button-upload\" data-id=\"forminator-field-upload-2_69ef7eef26ca6\">Choisissez un fichier<\/button><span data-empty-text=\"Aucun fichier s\u00e9lectionn\u00e9\">Aucun fichier s\u00e9lectionn\u00e9<\/span><button class=\"forminator-button-delete\" style=\"display: none;\"><i class=\"forminator-icon-close\" aria-hidden=\"true\"><\/i><span class=\"forminator-screen-reader-only\">Supprimer le fichier t\u00e9l\u00e9vers\u00e9<\/span><\/button><\/div><\/div><\/div><\/div><div class=\"forminator-row\"><div id=\"upload-3\" class=\"forminator-field-upload forminator-col forminator-col-6 \"><div class=\"forminator-field\"><label for=\"forminator-field-upload-3_69ef7eef26ca6\" id=\"forminator-field-upload-3_69ef7eef26ca6-label\" class=\"forminator-label\">Attestation des premiers secours (PSC1) - Validit\u00e9 -2 ans <span class=\"forminator-required\">*<\/span><\/label><div class=\"forminator-file-upload \" data-element=\"upload-3_69ef7eef26ca6\"><input type=\"file\" name=\"upload-3\" id=\"forminator-field-upload-3_69ef7eef26ca6\" class=\"forminator-input-file-required do-validate\" accept=\".jpg,.jpeg,.jpe,.gif,.png,.bmp,.tiff,.tif,.webp,.ico,.heic,.asf,.asx,.wmv,.wmx,.wm,.avi,.divx,.flv,.mov,.qt,.mpeg,.mpg,.mpe,.mp4,.m4v,.ogv,.webm,.mkv,.3gp,.3gpp,.3g2,.3gp2,.txt,.asc,.c,.cc,.h,.srt,.csv,.tsv,.ics,.rtx,.vtt,.mp3,.m4a,.m4b,.aac,.ra,.ram,.wav,.ogg,.oga,.flac,.mid,.midi,.wma,.wax,.mka,.rtf,.pdf,.class,.tar,.zip,.gz,.gzip,.7z,.psd,.xcf,.doc,.pot,.pps,.ppt,.wri,.xla,.xls,.xlt,.xlw,.mdb,.mpp,.docx,.docm,.dotx,.dotm,.xlsx,.xlsm,.xlsb,.xltx,.xltm,.xlam,.pptx,.pptm,.ppsx,.ppsm,.potx,.potm,.ppam,.sldx,.sldm,.onetoc,.onetoc2,.onetmp,.onepkg,.oxps,.xps,.odt,.odp,.ods,.odg,.odc,.odb,.odf,.wp,.wpd,.key,.numbers,.pages\" tabindex=\"-1\"><button id=\"forminator-field-upload-3_69ef7eef26ca6_button\" class=\"forminator-button forminator-button-upload\" data-id=\"forminator-field-upload-3_69ef7eef26ca6\">Choisissez un fichier<\/button><span data-empty-text=\"Aucun fichier s\u00e9lectionn\u00e9\">Aucun fichier s\u00e9lectionn\u00e9<\/span><button class=\"forminator-button-delete\" style=\"display: none;\"><i class=\"forminator-icon-close\" aria-hidden=\"true\"><\/i><span class=\"forminator-screen-reader-only\">Supprimer le fichier t\u00e9l\u00e9vers\u00e9<\/span><\/button><\/div><\/div><\/div><div id=\"upload-4\" class=\"forminator-field-upload forminator-col forminator-col-6 \"><div class=\"forminator-field\"><label for=\"forminator-field-upload-4_69ef7eef26ca6\" id=\"forminator-field-upload-4_69ef7eef26ca6-label\" class=\"forminator-label\">Extrait du casier judiciaire - Validit\u00e9 -6 mois <span class=\"forminator-required\">*<\/span><\/label><div class=\"forminator-file-upload \" data-element=\"upload-4_69ef7eef26ca6\"><input type=\"file\" name=\"upload-4\" id=\"forminator-field-upload-4_69ef7eef26ca6\" class=\"forminator-input-file-required do-validate\" accept=\".jpg,.jpeg,.jpe,.gif,.png,.bmp,.tiff,.tif,.webp,.ico,.heic,.asf,.asx,.wmv,.wmx,.wm,.avi,.divx,.flv,.mov,.qt,.mpeg,.mpg,.mpe,.mp4,.m4v,.ogv,.webm,.mkv,.3gp,.3gpp,.3g2,.3gp2,.txt,.asc,.c,.cc,.h,.srt,.csv,.tsv,.ics,.rtx,.vtt,.mp3,.m4a,.m4b,.aac,.ra,.ram,.wav,.ogg,.oga,.flac,.mid,.midi,.wma,.wax,.mka,.rtf,.pdf,.class,.tar,.zip,.gz,.gzip,.7z,.psd,.xcf,.doc,.pot,.pps,.ppt,.wri,.xla,.xls,.xlt,.xlw,.mdb,.mpp,.docx,.docm,.dotx,.dotm,.xlsx,.xlsm,.xlsb,.xltx,.xltm,.xlam,.pptx,.pptm,.ppsx,.ppsm,.potx,.potm,.ppam,.sldx,.sldm,.onetoc,.onetoc2,.onetmp,.onepkg,.oxps,.xps,.odt,.odp,.ods,.odg,.odc,.odb,.odf,.wp,.wpd,.key,.numbers,.pages\" tabindex=\"-1\"><button id=\"forminator-field-upload-4_69ef7eef26ca6_button\" class=\"forminator-button forminator-button-upload\" data-id=\"forminator-field-upload-4_69ef7eef26ca6\">Choisissez un fichier<\/button><span data-empty-text=\"Aucun fichier s\u00e9lectionn\u00e9\">Aucun fichier s\u00e9lectionn\u00e9<\/span><button class=\"forminator-button-delete\" style=\"display: none;\"><i class=\"forminator-icon-close\" aria-hidden=\"true\"><\/i><span class=\"forminator-screen-reader-only\">Supprimer le fichier t\u00e9l\u00e9vers\u00e9<\/span><\/button><\/div><\/div><\/div><\/div><div class=\"forminator-row\" style=\"margin: 0;\"><div id=\"captcha-1\" class=\"forminator-field-captcha  forminator-col-12 \"><div class=\"forminator-captcha-left forminator-g-recaptcha recaptcha-invisible\" data-theme=\"light\" data-badge=\"bottomright\" data-sitekey=\"6LcPBoooAAAAAJW5q-XldDckoJzTcU7U6uz9zanU\" data-size=\"invisible\"><\/div> <\/div><\/div><input type=\"hidden\" name=\"referer_url\" value=\"\" \/><div class=\"forminator-row forminator-row-last\"><div class=\"forminator-col\"><div class=\"forminator-field\"><button class=\"forminator-button forminator-button-submit\"><span>Envoyer<\/span><span aria-hidden=\"true\"><\/span><\/button><\/div><\/div><\/div><input type=\"hidden\" id=\"forminator_nonce\" name=\"forminator_nonce\" value=\"b8fe56f605\" \/><input type=\"hidden\" name=\"_wp_http_referer\" value=\"\/index.php?rest_route=%2Fwp%2Fv2%2Fpages%2F2911\" \/><input type=\"hidden\" name=\"form_id\" value=\"6559\"><input type=\"hidden\" name=\"page_id\" value=\"2911\"><input type=\"hidden\" name=\"form_type\" value=\"default\"><input type=\"hidden\" name=\"current_url\" value=\"https:\/\/www.francecricket.com\/?page_id=2911\"><input type=\"hidden\" name=\"render_id\" value=\"0\"><input type=\"hidden\" name=\"action\" value=\"forminator_submit_form_custom-forms\"><\/form>\n","protected":false},"excerpt":{"rendered":"","protected":false},"author":1,"featured_media":0,"parent":2919,"menu_order":0,"comment_status":"closed","ping_status":"closed","template":"page-templates\/full-width.php","meta":{"cybocfi_hide_featured_image":"","footnotes":""},"tags":[],"class_list":["post-2911","page","type-page","status-publish","hentry"],"_links":{"self":[{"href":"https:\/\/www.francecricket.com\/index.php?rest_route=\/wp\/v2\/pages\/2911","targetHints":{"allow":["GET"]}}],"collection":[{"href":"https:\/\/www.francecricket.com\/index.php?rest_route=\/wp\/v2\/pages"}],"about":[{"href":"https:\/\/www.francecricket.com\/index.php?rest_route=\/wp\/v2\/types\/page"}],"author":[{"embeddable":true,"href":"https:\/\/www.francecricket.com\/index.php?rest_route=\/wp\/v2\/users\/1"}],"replies":[{"embeddable":true,"href":"https:\/\/www.francecricket.com\/index.php?rest_route=%2Fwp%2Fv2%2Fcomments&post=2911"}],"version-history":[{"count":1,"href":"https:\/\/www.francecricket.com\/index.php?rest_route=\/wp\/v2\/pages\/2911\/revisions"}],"predecessor-version":[{"id":6561,"href":"https:\/\/www.francecricket.com\/index.php?rest_route=\/wp\/v2\/pages\/2911\/revisions\/6561"}],"up":[{"embeddable":true,"href":"https:\/\/www.francecricket.com\/index.php?rest_route=\/wp\/v2\/pages\/2919"}],"wp:attachment":[{"href":"https:\/\/www.francecricket.com\/index.php?rest_route=%2Fwp%2Fv2%2Fmedia&parent=2911"}],"wp:term":[{"taxonomy":"post_tag","embeddable":true,"href":"https:\/\/www.francecricket.com\/index.php?rest_route=%2Fwp%2Fv2%2Ftags&post=2911"}],"curies":[{"name":"wp","href":"https:\/\/api.w.org\/{rel}","templated":true}]}}