{"id":2644,"date":"2020-04-24T09:59:22","date_gmt":"2020-04-24T08:59:22","guid":{"rendered":"https:\/\/www.francecricket.com\/?page_id=2644"},"modified":"2023-10-13T17:56:07","modified_gmt":"2023-10-13T16:56:07","slug":"table","status":"publish","type":"page","link":"https:\/\/www.francecricket.com\/?page_id=2644","title":{"rendered":"Demande d&rsquo;homologation d&rsquo;un tournoi de cricket"},"content":{"rendered":"<div class=\"forminator-ui forminator-custom-form forminator-custom-form-6571 forminator-design--material  forminator_ajax\" data-forminator-render=\"0\" data-form=\"forminator-module-6571\" data-uid=\"69e49e4db2d76\"><\/div>\n<form\n\t\t\t\tid=\"forminator-module-6571\"\n\t\t\t\tclass=\"forminator-ui forminator-custom-form forminator-custom-form-6571 forminator-design--material  forminator_ajax\"\n\t\t\t\tmethod=\"post\"\n\t\t\t\tdata-forminator-render=\"0\"\n\t\t\t\tdata-form-id=\"6571\"\n\t\t\t\tenctype=\"multipart\/form-data\" data-color-option=\"default\" data-design=\"material\" data-grid=\"open\" style=\"display: none;\"\n\t\t\t\tdata-uid=\"69e49e4db2d76\"\n\t\t\t><\/p>\n<div role=\"alert\" aria-live=\"polite\" class=\"forminator-response-message forminator-error\" aria-hidden=\"true\"><\/div>\n<div class=\"forminator-row\">\n<div id=\"html-1\" class=\"forminator-field-html forminator-col forminator-col-12 \">\n<div class=\"forminator-field forminator-merge-tags\" data-field=\"html-1\">\n<p>La demande d\u2019homologation d\u2019un tournoi de cricket est \u00e0 faire par l\u2019organisateur.<br \/>La Commission Sportive \u00e9tudiera la demande et informera l\u2019organisateur de la d\u00e9cision prise.<\/p>\n<p><b>HARDBALL<\/b><br \/>-Faire la demande au moins 3 mois avant le d\u00e9but de la comp\u00e9tition.<br \/>-Faire homologuer par France Cricket, la balle qui sera utilis\u00e9e pour le tournoi.<br \/>-Chaque \u00e9quipe doit avoir 11 joueurs licenci\u00e9s cricket et jouer 4 matchs de comp\u00e9tition de 10 s\u00e9ries par \u00e9quipe.<\/p>\n<p><b>MODIFIED CRICKET<\/b><br \/>-Faire la demande au moins 1 mois avant le d\u00e9but de la comp\u00e9tition.<br \/>-Faire homologuer par France Cricket, la balle qui sera utilis\u00e9e pour le tournoi.<br \/>-Chaque \u00e9quipe doit avoir 6 joueurs licenci\u00e9s cricket et jouer 3 matchs de 5 s\u00e9ries par \u00e9quipe.<\/p>\n<h4 data-ref-id=\"ref-LDxYjYKV\" data-ref-label=\"ref-qr3wjOAD\" data-non-input=\"1\" class=\"\">Structure<\/h4>\n<\/div>\n<\/div>\n<\/div>\n<div class=\"forminator-row\">\n<div id=\"select-2\" class=\"forminator-field-select forminator-col forminator-col-6 \">\n<div class=\"forminator-field\"><label for=\"forminator-form-6571__field--select-2_69e49e4db2d76\" id=\"forminator-form-6571__field--select-2_69e49e4db2d76-label\" class=\"forminator-label\">Type <span class=\"forminator-required\">*<\/span><\/label><select  id=\"forminator-form-6571__field--select-2_69e49e4db2d76\" class=\"forminator-select--field forminator-select2 forminator-select2-multiple\" data-required=\"1\" name=\"select-2\" data-default-value=\"Ligue\" data-hidden-behavior=\"zero\" data-placeholder=\"Merci de choisir une option\" data-search=\"false\" data-search-placeholder=\"Merci de choisir une option\" data-checkbox=\"false\" data-allow-clear=\"false\" aria-labelledby=\"forminator-form-6571__field--select-2_69e49e4db2d76-label\"><option value=\"\"  >Merci de choisir une option<\/option><option value=\"one\"  data-calculation=\"0\">Ligue<\/option><option value=\"two\"  data-calculation=\"0\">D\u00e9partement<\/option><option value=\"Ligue\" selected=\"selected\" data-calculation=\"0\">Club<\/option><\/select><\/div>\n<\/div>\n<div id=\"text-3\" class=\"forminator-field-text forminator-col forminator-col-6 \">\n<div class=\"forminator-field\"><label for=\"forminator-field-text-3_69e49e4db2d76\" id=\"forminator-field-text-3_69e49e4db2d76-label\" class=\"forminator-label\">Nom de la structure <span class=\"forminator-required\">*<\/span><\/label><input type=\"text\" name=\"text-3\" value=\"\" placeholder=\"\" id=\"forminator-field-text-3_69e49e4db2d76\" class=\"forminator-input forminator-name--field\" data-required=\"1\" \/><\/div>\n<\/div>\n<\/div>\n<div class=\"forminator-row\">\n<div id=\"html-5\" class=\"forminator-field-html forminator-col forminator-col-12 \">\n<div class=\"forminator-field forminator-merge-tags\" data-field=\"html-5\">\n<h4 data-ref-id=\"ref-kPt8Lp7c\" data-ref-label=\"ref-hVOPEJIY\" data-non-input=\"1\" class=\"\">Responsable<\/h4>\n<\/div>\n<\/div>\n<\/div>\n<div class=\"forminator-row\">\n<div id=\"name-1\" class=\"forminator-field-name forminator-col forminator-col-4 \">\n<div class=\"forminator-field\"><label for=\"forminator-field-name-1_69e49e4db2d76\" id=\"forminator-field-name-1_69e49e4db2d76-label\" class=\"forminator-label\">Nom et Pr\u00e9nom <span class=\"forminator-required\">*<\/span><\/label><input type=\"text\" name=\"name-1\" value=\"\" placeholder=\"Par exemple\u00a0: Jean Dupont\" id=\"forminator-field-name-1_69e49e4db2d76\" class=\"forminator-input forminator-name--field\" aria-required=\"true\" autocomplete=\"name\" \/><\/div>\n<\/div>\n<div id=\"email-1\" class=\"forminator-field-email forminator-col forminator-col-4 \">\n<div class=\"forminator-field\"><label for=\"forminator-field-email-1_69e49e4db2d76\" id=\"forminator-field-email-1_69e49e4db2d76-label\" class=\"forminator-label\">Email <span class=\"forminator-required\">*<\/span><\/label><input type=\"email\" name=\"email-1\" value=\"\" placeholder=\"\" id=\"forminator-field-email-1_69e49e4db2d76\" class=\"forminator-input forminator-email--field\" data-required=\"true\" aria-required=\"true\" autocomplete=\"email\" \/><\/div>\n<\/div>\n<div id=\"phone-1\" class=\"forminator-field-phone forminator-col forminator-col-4 \">\n<div class=\"forminator-field\"><label for=\"forminator-field-phone-1_69e49e4db2d76\" id=\"forminator-field-phone-1_69e49e4db2d76-label\" class=\"forminator-label\">T\u00e9l\u00e9phone <span class=\"forminator-required\">*<\/span><\/label><input type=\"text\" name=\"phone-1\" value=\"\" placeholder=\"Par exemple\u00a0: +1 02 03 05 06\" id=\"forminator-field-phone-1_69e49e4db2d76\" class=\"forminator-input forminator-field--phone\" data-required=\"1\" aria-required=\"true\" autocomplete=\"off\" data-national_mode=\"enabled\" data-country=\"fr\" data-validation=\"standard\" \/><\/div>\n<\/div>\n<\/div>\n<div class=\"forminator-row\">\n<div id=\"html-6\" class=\"forminator-field-html forminator-col forminator-col-12 \">\n<div class=\"forminator-field forminator-merge-tags\" data-field=\"html-6\">\n<h4 data-ref-id=\"ref-TO4gcr0e\" data-ref-label=\"ref-EGBbk0o0\" data-non-input=\"1\" class=\"\">Tournoi<\/h4>\n<\/div>\n<\/div>\n<\/div>\n<div class=\"forminator-row\">\n<div id=\"text-1\" class=\"forminator-field-text forminator-col forminator-col-4 \">\n<div class=\"forminator-field\"><label for=\"forminator-field-text-1_69e49e4db2d76\" id=\"forminator-field-text-1_69e49e4db2d76-label\" class=\"forminator-label\">Lieu <span class=\"forminator-required\">*<\/span><\/label><input type=\"text\" name=\"text-1\" value=\"\" placeholder=\"\" id=\"forminator-field-text-1_69e49e4db2d76\" class=\"forminator-input forminator-name--field\" data-required=\"1\" \/><\/div>\n<\/div>\n<div id=\"date-1\" class=\"forminator-field-date forminator-col forminator-col-4 \">\n<div class=\"forminator-field\"><label for=\"forminator-field-date-1-picker_69e49e4db2d76\" id=\"forminator-field-date-1-picker_69e49e4db2d76-label\" class=\"forminator-label\">Date de d\u00e9but<\/label><\/p>\n<div class=\"forminator-input-with-icon\"><span class=\"forminator-icon-calendar\" aria-hidden=\"true\"><\/span><input autocomplete=\"off\" type=\"text\" size=\"1\" name=\"date-1\" value=\"\" placeholder=\"Choisissez une date\" id=\"forminator-field-date-1-picker_69e49e4db2d76\" class=\"forminator-input forminator-datepicker\" data-required=\"\" data-format=\"dd-mm-yy\" data-restrict-type=\"\" data-restrict=\"\" data-start-year=\"1926\" data-end-year=\"2126\" data-past-dates=\"enable\" data-start-of-week=\"1\" data-start-date=\"\" data-end-date=\"\" data-start-field=\"\" data-end-field=\"\" data-start-offset=\"\" data-end-offset=\"\" data-disable-date=\"\" data-disable-range=\"\" \/><\/div>\n<\/div>\n<\/div>\n<div id=\"date-2\" class=\"forminator-field-date forminator-col forminator-col-4 \">\n<div class=\"forminator-field\"><label for=\"forminator-field-date-2-picker_69e49e4db2d76\" id=\"forminator-field-date-2-picker_69e49e4db2d76-label\" class=\"forminator-label\">Date de fin<\/label><\/p>\n<div class=\"forminator-input-with-icon\"><span class=\"forminator-icon-calendar\" aria-hidden=\"true\"><\/span><input autocomplete=\"off\" type=\"text\" size=\"1\" name=\"date-2\" value=\"\" placeholder=\"Choisissez une date\" id=\"forminator-field-date-2-picker_69e49e4db2d76\" class=\"forminator-input forminator-datepicker\" data-required=\"\" data-format=\"dd-mm-yy\" data-restrict-type=\"\" data-restrict=\"\" data-start-year=\"1926\" data-end-year=\"2126\" data-past-dates=\"enable\" data-start-of-week=\"1\" data-start-date=\"\" data-end-date=\"\" data-start-field=\"\" data-end-field=\"\" data-start-offset=\"\" data-end-offset=\"\" data-disable-date=\"\" data-disable-range=\"\" \/><\/div>\n<\/div>\n<\/div>\n<\/div>\n<div class=\"forminator-row\">\n<div id=\"html-3\" class=\"forminator-field-html forminator-col forminator-col-12 \">\n<div class=\"forminator-field forminator-merge-tags\" data-field=\"html-3\">\n<div class=\"erf-header erf-element-width-12\">\n<h4 data-ref-id=\"ref-DbSDliHk\" data-ref-label=\"ref-FOE7OGgd\" data-non-input=\"1\" class=\"\">Justificatif \u00e0 joindre obligatoirement<\/h4>\n<\/div>\n<\/div>\n<\/div>\n<\/div>\n<div class=\"forminator-row\">\n<div id=\"upload-2\" class=\"forminator-field-upload forminator-col forminator-col-6 \">\n<div class=\"forminator-field\"><label for=\"forminator-field-upload-2_69e49e4db2d76\" id=\"forminator-field-upload-2_69e49e4db2d76-label\" class=\"forminator-label\">R\u00e8glement <span class=\"forminator-required\">*<\/span><\/label><\/p>\n<div class=\"forminator-file-upload \" data-element=\"upload-2_69e49e4db2d76\"><input type=\"file\" name=\"upload-2\" id=\"forminator-field-upload-2_69e49e4db2d76\" class=\"forminator-input-file-required do-validate\" accept=\".jpg,.jpeg,.jpe,.gif,.png,.bmp,.tiff,.tif,.webp,.ico,.heic,.asf,.asx,.wmv,.wmx,.wm,.avi,.divx,.flv,.mov,.qt,.mpeg,.mpg,.mpe,.mp4,.m4v,.ogv,.webm,.mkv,.3gp,.3gpp,.3g2,.3gp2,.txt,.asc,.c,.cc,.h,.srt,.csv,.tsv,.ics,.rtx,.vtt,.mp3,.m4a,.m4b,.aac,.ra,.ram,.wav,.ogg,.oga,.flac,.mid,.midi,.wma,.wax,.mka,.rtf,.pdf,.class,.tar,.zip,.gz,.gzip,.7z,.psd,.xcf,.doc,.pot,.pps,.ppt,.wri,.xla,.xls,.xlt,.xlw,.mdb,.mpp,.docx,.docm,.dotx,.dotm,.xlsx,.xlsm,.xlsb,.xltx,.xltm,.xlam,.pptx,.pptm,.ppsx,.ppsm,.potx,.potm,.ppam,.sldx,.sldm,.onetoc,.onetoc2,.onetmp,.onepkg,.oxps,.xps,.odt,.odp,.ods,.odg,.odc,.odb,.odf,.wp,.wpd,.key,.numbers,.pages\" tabindex=\"-1\"><button id=\"forminator-field-upload-2_69e49e4db2d76_button\" class=\"forminator-button forminator-button-upload\" data-id=\"forminator-field-upload-2_69e49e4db2d76\">Choisissez un fichier<\/button><span data-empty-text=\"Aucun fichier s\u00e9lectionn\u00e9\">Aucun fichier s\u00e9lectionn\u00e9<\/span><button class=\"forminator-button-delete\" style=\"display: none;\"><i class=\"forminator-icon-close\" aria-hidden=\"true\"><\/i><span class=\"forminator-screen-reader-only\">Supprimer le fichier t\u00e9l\u00e9vers\u00e9<\/span><\/button><\/div>\n<\/div>\n<\/div>\n<div id=\"upload-1\" class=\"forminator-field-upload forminator-col forminator-col-6 \">\n<div class=\"forminator-field\"><label for=\"forminator-field-upload-1_69e49e4db2d76\" id=\"forminator-field-upload-1_69e49e4db2d76-label\" class=\"forminator-label\">Budget pr\u00e9visionnel <span class=\"forminator-required\">*<\/span><\/label><\/p>\n<div class=\"forminator-file-upload \" data-element=\"upload-1_69e49e4db2d76\"><input type=\"file\" name=\"upload-1\" id=\"forminator-field-upload-1_69e49e4db2d76\" class=\"forminator-input-file-required do-validate\" accept=\".jpg,.jpeg,.jpe,.gif,.png,.bmp,.tiff,.tif,.webp,.ico,.heic,.asf,.asx,.wmv,.wmx,.wm,.avi,.divx,.flv,.mov,.qt,.mpeg,.mpg,.mpe,.mp4,.m4v,.ogv,.webm,.mkv,.3gp,.3gpp,.3g2,.3gp2,.txt,.asc,.c,.cc,.h,.srt,.csv,.tsv,.ics,.rtx,.vtt,.mp3,.m4a,.m4b,.aac,.ra,.ram,.wav,.ogg,.oga,.flac,.mid,.midi,.wma,.wax,.mka,.rtf,.pdf,.class,.tar,.zip,.gz,.gzip,.7z,.psd,.xcf,.doc,.pot,.pps,.ppt,.wri,.xla,.xls,.xlt,.xlw,.mdb,.mpp,.docx,.docm,.dotx,.dotm,.xlsx,.xlsm,.xlsb,.xltx,.xltm,.xlam,.pptx,.pptm,.ppsx,.ppsm,.potx,.potm,.ppam,.sldx,.sldm,.onetoc,.onetoc2,.onetmp,.onepkg,.oxps,.xps,.odt,.odp,.ods,.odg,.odc,.odb,.odf,.wp,.wpd,.key,.numbers,.pages\" tabindex=\"-1\"><button id=\"forminator-field-upload-1_69e49e4db2d76_button\" class=\"forminator-button forminator-button-upload\" data-id=\"forminator-field-upload-1_69e49e4db2d76\">Choisissez un fichier<\/button><span data-empty-text=\"Aucun fichier s\u00e9lectionn\u00e9\">Aucun fichier s\u00e9lectionn\u00e9<\/span><button class=\"forminator-button-delete\" style=\"display: none;\"><i class=\"forminator-icon-close\" aria-hidden=\"true\"><\/i><span class=\"forminator-screen-reader-only\">Supprimer le fichier t\u00e9l\u00e9vers\u00e9<\/span><\/button><\/div>\n<\/div>\n<\/div>\n<\/div>\n<div class=\"forminator-row\" style=\"margin: 0;\">\n<div id=\"captcha-1\" class=\"forminator-field-captcha  forminator-col-12 \">\n<div class=\"forminator-captcha-left forminator-g-recaptcha recaptcha-invisible\" data-theme=\"light\" data-badge=\"bottomright\" data-sitekey=\"6LcPBoooAAAAAJW5q-XldDckoJzTcU7U6uz9zanU\" data-size=\"invisible\"><\/div>\n<\/p><\/div>\n<\/div>\n<p><input type=\"hidden\" name=\"referer_url\" value=\"\" \/><\/p>\n<div class=\"forminator-row forminator-row-last\">\n<div class=\"forminator-col\">\n<div class=\"forminator-field\"><button class=\"forminator-button forminator-button-submit\"><span>Envoyer<\/span><span aria-hidden=\"true\"><\/span><\/button><\/div>\n<\/div>\n<\/div>\n<p><input type=\"hidden\" id=\"forminator_nonce\" name=\"forminator_nonce\" value=\"364a68b1e5\" \/><input type=\"hidden\" name=\"_wp_http_referer\" value=\"\/index.php?rest_route=%2Fwp%2Fv2%2Fpages%2F2644\" \/><input type=\"hidden\" name=\"form_id\" value=\"6571\"><input type=\"hidden\" name=\"page_id\" value=\"2644\"><input type=\"hidden\" name=\"form_type\" value=\"default\"><input type=\"hidden\" name=\"current_url\" value=\"https:\/\/www.francecricket.com\/?page_id=2644\"><input type=\"hidden\" name=\"render_id\" value=\"0\"><input type=\"hidden\" name=\"action\" value=\"forminator_submit_form_custom-forms\"><\/form>\n","protected":false},"excerpt":{"rendered":"","protected":false},"author":1,"featured_media":0,"parent":2059,"menu_order":0,"comment_status":"closed","ping_status":"closed","template":"page-templates\/full-width.php","meta":{"cybocfi_hide_featured_image":"","footnotes":""},"tags":[],"class_list":["post-2644","page","type-page","status-publish","hentry"],"_links":{"self":[{"href":"https:\/\/www.francecricket.com\/index.php?rest_route=\/wp\/v2\/pages\/2644","targetHints":{"allow":["GET"]}}],"collection":[{"href":"https:\/\/www.francecricket.com\/index.php?rest_route=\/wp\/v2\/pages"}],"about":[{"href":"https:\/\/www.francecricket.com\/index.php?rest_route=\/wp\/v2\/types\/page"}],"author":[{"embeddable":true,"href":"https:\/\/www.francecricket.com\/index.php?rest_route=\/wp\/v2\/users\/1"}],"replies":[{"embeddable":true,"href":"https:\/\/www.francecricket.com\/index.php?rest_route=%2Fwp%2Fv2%2Fcomments&post=2644"}],"version-history":[{"count":1,"href":"https:\/\/www.francecricket.com\/index.php?rest_route=\/wp\/v2\/pages\/2644\/revisions"}],"predecessor-version":[{"id":6572,"href":"https:\/\/www.francecricket.com\/index.php?rest_route=\/wp\/v2\/pages\/2644\/revisions\/6572"}],"up":[{"embeddable":true,"href":"https:\/\/www.francecricket.com\/index.php?rest_route=\/wp\/v2\/pages\/2059"}],"wp:attachment":[{"href":"https:\/\/www.francecricket.com\/index.php?rest_route=%2Fwp%2Fv2%2Fmedia&parent=2644"}],"wp:term":[{"taxonomy":"post_tag","embeddable":true,"href":"https:\/\/www.francecricket.com\/index.php?rest_route=%2Fwp%2Fv2%2Ftags&post=2644"}],"curies":[{"name":"wp","href":"https:\/\/api.w.org\/{rel}","templated":true}]}}