{"id":2498,"date":"2020-04-22T15:29:08","date_gmt":"2020-04-22T14:29:08","guid":{"rendered":"https:\/\/www.francecricket.com\/?page_id=2498"},"modified":"2021-01-08T20:20:10","modified_gmt":"2021-01-08T19:20:10","slug":"galerie","status":"publish","type":"page","link":"https:\/\/www.francecricket.com\/?page_id=2498","title":{"rendered":"Galeries"},"content":{"rendered":"\r\n\t\t<style>\r\n\t\t\t.divGalerie {\r\n\t\t\t\twidth:195px;\r\n\t\t\t\tdisplay:inline-block;\r\n\t\t\t\ttext-align:center;\r\n\t\t\t}\r\n\t\t\t\r\n\t\t\t.divGalerie img {\r\n  \t\t\t\tborder: 1px solid #ddd;\r\n  \t\t\t\tborder-radius: 4px;\r\n  \t\t\t\tpadding: 5px;\r\n  \t\t\t\twidth: 185px;\r\n\t\t\t\theight: 150px;\r\n\t\t\t}\r\n\t\t\t\r\n\t\t\t.divGalerie img:hover {\r\n  \t\t\t\tbox-shadow: 0 0 2px 1px rgba(0, 140, 186, 0.5);\r\n\t\t\t}\r\n\t\t\t\r\n\t\t\t\r\n\t\t<\/style>\r\n\t<br><br><h1>2020<\/h1>\r\n\t\t\t\t\t<div class='divGalerie'>\r\n\t\t\t\t\t\t<a href='https:\/\/photos.app.goo.gl\/BK9bNjuLUcJ44FET9' target='_blank'>\r\n\t\t\t\t\t\t\t<img src='\/include\/doc\/galerie\/20200920-Finale_Division_4-BK9bNjuLUcJ44FET9.jpg'><br>\r\n\t\t\t\t\t\t\t<center><font color='#377ad3'>Finale Division 4<br>20\/09\/2020<\/font><\/center>\r\n\t\t\t\t\t\t<\/a>\r\n\t\t\t\t\t<\/div>\r\n\t\t\t\t\r\n\t\t\t\t\t<div class='divGalerie'>\r\n\t\t\t\t\t\t<a href='https:\/\/photos.app.goo.gl\/wdECN6MEwaGqLtj29' target='_blank'>\r\n\t\t\t\t\t\t\t<img src='\/include\/doc\/galerie\/20200920-Finale_Division_3-wdECN6MEwaGqLtj29.jpg'><br>\r\n\t\t\t\t\t\t\t<center><font color='#377ad3'>Finale Division 3<br>20\/09\/2020<\/font><\/center>\r\n\t\t\t\t\t\t<\/a>\r\n\t\t\t\t\t<\/div>\r\n\t\t\t\t\r\n\t\t\t\t\t<div class='divGalerie'>\r\n\t\t\t\t\t\t<a href='https:\/\/photos.app.goo.gl\/eZaLUiSRiBMWmfuX6' target='_blank'>\r\n\t\t\t\t\t\t\t<img src='\/include\/doc\/galerie\/20200920-Finale_Division_2-eZaLUiSRiBMWmfuX6.jpg'><br>\r\n\t\t\t\t\t\t\t<center><font color='#377ad3'>Finale Division 2<br>20\/09\/2020<\/font><\/center>\r\n\t\t\t\t\t\t<\/a>\r\n\t\t\t\t\t<\/div>\r\n\t\t\t\t\r\n\t\t\t\t\t<div class='divGalerie'>\r\n\t\t\t\t\t\t<a href='https:\/\/photos.app.goo.gl\/WWUyvbM9h4EnHs787' target='_blank'>\r\n\t\t\t\t\t\t\t<img src='\/include\/doc\/galerie\/20200920-Finale_Division_1-WWUyvbM9h4EnHs787.jpg'><br>\r\n\t\t\t\t\t\t\t<center><font color='#377ad3'>Finale Division 1<br>20\/09\/2020<\/font><\/center>\r\n\t\t\t\t\t\t<\/a>\r\n\t\t\t\t\t<\/div>\r\n\t\t\t\t\r\n\t\t\t\t\t<div class='divGalerie'>\r\n\t\t\t\t\t\t<a href='https:\/\/photos.app.goo.gl\/6SUALdKFaNe9Kgps7' target='_blank'>\r\n\t\t\t\t\t\t\t<img src='\/include\/doc\/galerie\/20200920-C\u00e9r\u00e9monie_Cl\u00f4ture-6SUALdKFaNe9Kgps7.jpg'><br>\r\n\t\t\t\t\t\t\t<center><font color='#377ad3'>C\u00e9r\u00e9monie Cl\u00f4ture<br>20\/09\/2020<\/font><\/center>\r\n\t\t\t\t\t\t<\/a>\r\n\t\t\t\t\t<\/div>\r\n\t\t\t\t<br><br><h1>2019<\/h1>\r\n\t\t\t\t\t<div class='divGalerie'>\r\n\t\t\t\t\t\t<a href='https:\/\/photos.app.goo.gl\/PCCmzHMc43VF2Z5t5' target='_blank'>\r\n\t\t\t\t\t\t\t<img src='\/include\/doc\/galerie\/20190929-Finale_Jinaah_Trophy-PCCmzHMc43VF2Z5t5.jpg'><br>\r\n\t\t\t\t\t\t\t<center><font color='#377ad3'>Finale Jinaah Trophy<br>29\/09\/2019<\/font><\/center>\r\n\t\t\t\t\t\t<\/a>\r\n\t\t\t\t\t<\/div>\r\n\t\t\t\t\r\n\t\t\t\t\t<div class='divGalerie'>\r\n\t\t\t\t\t\t<a href='https:\/\/photos.app.goo.gl\/9HtidUkCftdaa4WW7' target='_blank'>\r\n\t\t\t\t\t\t\t<img src='\/include\/doc\/galerie\/20190929-Finale_Division_1-9HtidUkCftdaa4WW7.jpg'><br>\r\n\t\t\t\t\t\t\t<center><font color='#377ad3'>Finale Division 1<br>29\/09\/2019<\/font><\/center>\r\n\t\t\t\t\t\t<\/a>\r\n\t\t\t\t\t<\/div>\r\n\t\t\t\t\r\n\t\t\t\t\t<div class='divGalerie'>\r\n\t\t\t\t\t\t<a href='https:\/\/photos.app.goo.gl\/wtDZLZE8ZtkaffpG6' target='_blank'>\r\n\t\t\t\t\t\t\t<img src='\/include\/doc\/galerie\/20190929-Finale_CDF_15U_F\u00e9minine-wtDZLZE8ZtkaffpG6.jpg'><br>\r\n\t\t\t\t\t\t\t<center><font color='#377ad3'>Finale CDF 15U F\u00e9minine<br>29\/09\/2019<\/font><\/center>\r\n\t\t\t\t\t\t<\/a>\r\n\t\t\t\t\t<\/div>\r\n\t\t\t\t\r\n\t\t\t\t\t<div class='divGalerie'>\r\n\t\t\t\t\t\t<a href='https:\/\/photos.app.goo.gl\/bAtPptZ9NojuEffJ9' target='_blank'>\r\n\t\t\t\t\t\t\t<img src='\/include\/doc\/galerie\/20190929-C\u00e9r\u00e9monie_Cl\u00f4ture-bAtPptZ9NojuEffJ9.jpg'><br>\r\n\t\t\t\t\t\t\t<center><font color='#377ad3'>C\u00e9r\u00e9monie Cl\u00f4ture<br>29\/09\/2019<\/font><\/center>\r\n\t\t\t\t\t\t<\/a>\r\n\t\t\t\t\t<\/div>\r\n\t\t\t\t<br><br><h1>2017<\/h1>\r\n\t\t\t\t\t<div class='divGalerie'>\r\n\t\t\t\t\t\t<a href='https:\/\/photos.app.goo.gl\/sqQRsygnv5QPz5NR9' target='_blank'>\r\n\t\t\t\t\t\t\t<img src='\/include\/doc\/galerie\/20170924-Finales_S\u00e9nior-sqQRsygnv5QPz5NR9.jpg'><br>\r\n\t\t\t\t\t\t\t<center><font color='#377ad3'>Finales S\u00e9nior<br>24\/09\/2017<\/font><\/center>\r\n\t\t\t\t\t\t<\/a>\r\n\t\t\t\t\t<\/div>\r\n\t\t\t\t<br><br><h1>2016<\/h1>\r\n\t\t\t\t\t<div class='divGalerie'>\r\n\t\t\t\t\t\t<a href='https:\/\/photos.app.goo.gl\/dbXB7yAkz8dueFzi9' target='_blank'>\r\n\t\t\t\t\t\t\t<img src='\/include\/doc\/galerie\/20160925-Finales_S\u00e9nior-dbXB7yAkz8dueFzi9.jpg'><br>\r\n\t\t\t\t\t\t\t<center><font color='#377ad3'>Finales S\u00e9nior<br>25\/09\/2016<\/font><\/center>\r\n\t\t\t\t\t\t<\/a>\r\n\t\t\t\t\t<\/div>\r\n\t\t\t\t\r\n\t\t\t\t\t<div class='divGalerie'>\r\n\t\t\t\t\t\t<a href='https:\/\/photos.app.goo.gl\/cFGQuxWooKMtLigW8' target='_blank'>\r\n\t\t\t\t\t\t\t<img src='\/include\/doc\/galerie\/20160312-Street_Cricket_F\u00e9minin-cFGQuxWooKMtLigW8.jpg'><br>\r\n\t\t\t\t\t\t\t<center><font color='#377ad3'>Street Cricket F\u00e9minin<br>12\/03\/2016<\/font><\/center>\r\n\t\t\t\t\t\t<\/a>\r\n\t\t\t\t\t<\/div>\r\n\t\t\t\t<br><br><h1>2015<\/h1>\r\n\t\t\t\t\t<div class='divGalerie'>\r\n\t\t\t\t\t\t<a href='https:\/\/photos.app.goo.gl\/1qH4F7ZcC3HWqtzJ7' target='_blank'>\r\n\t\t\t\t\t\t\t<img src='\/include\/doc\/galerie\/20150929-Finale_CDF-1qH4F7ZcC3HWqtzJ7.jpg'><br>\r\n\t\t\t\t\t\t\t<center><font color='#377ad3'>Finale CDF<br>29\/09\/2015<\/font><\/center>\r\n\t\t\t\t\t\t<\/a>\r\n\t\t\t\t\t<\/div>\r\n\t\t\t\t\r\n\t\t\t\t\t<div class='divGalerie'>\r\n\t\t\t\t\t\t<a href='https:\/\/photos.app.goo.gl\/Gg56xaBiyp45EnMg6' target='_blank'>\r\n\t\t\t\t\t\t\t<img src='\/include\/doc\/galerie\/20150927-Prix_Sp\u00e9ciale-Gg56xaBiyp45EnMg6.jpg'><br>\r\n\t\t\t\t\t\t\t<center><font color='#377ad3'>Prix Sp\u00e9ciale<br>27\/09\/2015<\/font><\/center>\r\n\t\t\t\t\t\t<\/a>\r\n\t\t\t\t\t<\/div>\r\n\t\t\t\t\r\n\t\t\t\t\t<div class='divGalerie'>\r\n\t\t\t\t\t\t<a href='https:\/\/photos.app.goo.gl\/T7s5bb8P4ThDbxK56' target='_blank'>\r\n\t\t\t\t\t\t\t<img src='\/include\/doc\/galerie\/20150927-Finale_Jinnah_Trophy-T7s5bb8P4ThDbxK56.jpg'><br>\r\n\t\t\t\t\t\t\t<center><font color='#377ad3'>Finale Jinnah Trophy<br>27\/09\/2015<\/font><\/center>\r\n\t\t\t\t\t\t<\/a>\r\n\t\t\t\t\t<\/div>\r\n\t\t\t\t\r\n\t\t\t\t\t<div class='divGalerie'>\r\n\t\t\t\t\t\t<a href='https:\/\/photos.app.goo.gl\/QtW679fepqBbPYie9' target='_blank'>\r\n\t\t\t\t\t\t\t<img src='\/include\/doc\/galerie\/20150927-Finale_Division_1-QtW679fepqBbPYie9.jpg'><br>\r\n\t\t\t\t\t\t\t<center><font color='#377ad3'>Finale Division 1<br>27\/09\/2015<\/font><\/center>\r\n\t\t\t\t\t\t<\/a>\r\n\t\t\t\t\t<\/div>\r\n\t\t\t\t\r\n\t\t\t\t\t<div class='divGalerie'>\r\n\t\t\t\t\t\t<a href='https:\/\/photos.app.goo.gl\/gSmYc4jWdtodYa5dA' target='_blank'>\r\n\t\t\t\t\t\t\t<img src='\/include\/doc\/galerie\/20150927-Finale_CDF_15U-gSmYc4jWdtodYa5dA.jpg'><br>\r\n\t\t\t\t\t\t\t<center><font color='#377ad3'>Finale CDF 15U<br>27\/09\/2015<\/font><\/center>\r\n\t\t\t\t\t\t<\/a>\r\n\t\t\t\t\t<\/div>\r\n\t\t\t\t\r\n\t\t\t\t\t<div class='divGalerie'>\r\n\t\t\t\t\t\t<a href='https:\/\/photos.app.goo.gl\/4n4UpdpAvVfzsKmaA' target='_blank'>\r\n\t\t\t\t\t\t\t<img src='\/include\/doc\/galerie\/20150927-C\u00e9r\u00e9monie_Cl\u00f4ture-4n4UpdpAvVfzsKmaA.jpg'><br>\r\n\t\t\t\t\t\t\t<center><font color='#377ad3'>C\u00e9r\u00e9monie Cl\u00f4ture<br>27\/09\/2015<\/font><\/center>\r\n\t\t\t\t\t\t<\/a>\r\n\t\t\t\t\t<\/div>\r\n\t\t\t\t\r\n\t\t\t\t\t<div class='divGalerie'>\r\n\t\t\t\t\t\t<a href='https:\/\/photos.app.goo.gl\/DzjZAM2juf44CpPX9' target='_blank'>\r\n\t\t\t\t\t\t\t<img src='\/include\/doc\/galerie\/20150926-Finale_Division_3-DzjZAM2juf44CpPX9.jpg'><br>\r\n\t\t\t\t\t\t\t<center><font color='#377ad3'>Finale Division 3<br>26\/09\/2015<\/font><\/center>\r\n\t\t\t\t\t\t<\/a>\r\n\t\t\t\t\t<\/div>\r\n\t\t\t\t\r\n\t\t\t\t\t<div class='divGalerie'>\r\n\t\t\t\t\t\t<a href='https:\/\/photos.app.goo.gl\/uGK5F1zVqU8MByvm6' target='_blank'>\r\n\t\t\t\t\t\t\t<img src='\/include\/doc\/galerie\/20150926-Finale_Division_2-uGK5F1zVqU8MByvm6.jpg'><br>\r\n\t\t\t\t\t\t\t<center><font color='#377ad3'>Finale Division 2<br>26\/09\/2015<\/font><\/center>\r\n\t\t\t\t\t\t<\/a>\r\n\t\t\t\t\t<\/div>\r\n\t\t\t\t\r\n\t\t\t\t\t<div class='divGalerie'>\r\n\t\t\t\t\t\t<a href='https:\/\/photos.app.goo.gl\/yf47hnddbdrxRN9q8' target='_blank'>\r\n\t\t\t\t\t\t\t<img src='\/include\/doc\/galerie\/20150920-Street_Cricket_Essonne-yf47hnddbdrxRN9q8.jpg'><br>\r\n\t\t\t\t\t\t\t<center><font color='#377ad3'>Street Cricket Essonne<br>20\/09\/2015<\/font><\/center>\r\n\t\t\t\t\t\t<\/a>\r\n\t\t\t\t\t<\/div>\r\n\t\t\t\t\r\n\t\t\t\t\t<div class='divGalerie'>\r\n\t\t\t\t\t\t<a href='https:\/\/photos.app.goo.gl\/kMPAv7UkBWRYvJf18' target='_blank'>\r\n\t\t\t\t\t\t\t<img src='\/include\/doc\/galerie\/20150918-Finale_CDF_19U-kMPAv7UkBWRYvJf18.jpg'><br>\r\n\t\t\t\t\t\t\t<center><font color='#377ad3'>Finale CDF 19U<br>18\/09\/2015<\/font><\/center>\r\n\t\t\t\t\t\t<\/a>\r\n\t\t\t\t\t<\/div>\r\n\t\t\t\t\r\n\t\t\t\t\t<div class='divGalerie'>\r\n\t\t\t\t\t\t<a href='https:\/\/photos.app.goo.gl\/Y5zKjfj8si8FxfvZ8' target='_blank'>\r\n\t\t\t\t\t\t\t<img src='\/include\/doc\/galerie\/20150625-Cricket_Entreprise-Y5zKjfj8si8FxfvZ8.jpg'><br>\r\n\t\t\t\t\t\t\t<center><font color='#377ad3'>Cricket Entreprise<br>25\/06\/2015<\/font><\/center>\r\n\t\t\t\t\t\t<\/a>\r\n\t\t\t\t\t<\/div>\r\n\t\t\t\t\r\n\t\t\t\t\t<div class='divGalerie'>\r\n\t\t\t\t\t\t<a href='https:\/\/photos.app.goo.gl\/S4ihB6YApVyjWUPH8' target='_blank'>\r\n\t\t\t\t\t\t\t<img src='\/include\/doc\/galerie\/20150604-USEP_Essonne-S4ihB6YApVyjWUPH8.jpg'><br>\r\n\t\t\t\t\t\t\t<center><font color='#377ad3'>USEP Essonne<br>04\/06\/2015<\/font><\/center>\r\n\t\t\t\t\t\t<\/a>\r\n\t\t\t\t\t<\/div>\r\n\t\t\t\t\r\n\t\t\t\t\t<div class='divGalerie'>\r\n\t\t\t\t\t\t<a href='https:\/\/photos.app.goo.gl\/TBouP6WSd1HDzWLc8' target='_blank'>\r\n\t\t\t\t\t\t\t<img src='\/include\/doc\/galerie\/20150603-UNSS_Essonne-TBouP6WSd1HDzWLc8.jpg'><br>\r\n\t\t\t\t\t\t\t<center><font color='#377ad3'>UNSS Essonne<br>03\/06\/2015<\/font><\/center>\r\n\t\t\t\t\t\t<\/a>\r\n\t\t\t\t\t<\/div>\r\n\t\t\t\t\r\n\t\t\t\t\t<div class='divGalerie'>\r\n\t\t\t\t\t\t<a href='https:\/\/photos.app.goo.gl\/2J8uSBfVLbZVGSTd6' target='_blank'>\r\n\t\t\t\t\t\t\t<img src='\/include\/doc\/galerie\/20150530-Finale_R\u00e9gionale_15U-2J8uSBfVLbZVGSTd6.jpg'><br>\r\n\t\t\t\t\t\t\t<center><font color='#377ad3'>Finale R\u00e9gionale 15U<br>30\/05\/2015<\/font><\/center>\r\n\t\t\t\t\t\t<\/a>\r\n\t\t\t\t\t<\/div>\r\n\t\t\t\t\r\n\t\t\t\t\t<div class='divGalerie'>\r\n\t\t\t\t\t\t<a href='https:\/\/photos.app.goo.gl\/LNxyNRTkCb1cf4E4A' target='_blank'>\r\n\t\t\t\t\t\t\t<img src='\/include\/doc\/galerie\/20150510-Street_Cricket_F\u00e9minin-LNxyNRTkCb1cf4E4A.jpg'><br>\r\n\t\t\t\t\t\t\t<center><font color='#377ad3'>Street Cricket F\u00e9minin<br>10\/05\/2015<\/font><\/center>\r\n\t\t\t\t\t\t<\/a>\r\n\t\t\t\t\t<\/div>\r\n\t\t\t\t\r\n\t\t\t\t\t<div class='divGalerie'>\r\n\t\t\t\t\t\t<a href='https:\/\/photos.app.goo.gl\/SGWJNnsGcsgnNabt9' target='_blank'>\r\n\t\t\t\t\t\t\t<img src='\/include\/doc\/galerie\/20150321-EDF_S\u00e9nior_Entra\u00eenement-SGWJNnsGcsgnNabt9.jpg'><br>\r\n\t\t\t\t\t\t\t<center><font color='#377ad3'>EDF S\u00e9nior Entra\u00eenement<br>21\/03\/2015<\/font><\/center>\r\n\t\t\t\t\t\t<\/a>\r\n\t\t\t\t\t<\/div>\r\n\t\t\t\t\r\n\t\t\t\t\t<div class='divGalerie'>\r\n\t\t\t\t\t\t<a href='https:\/\/photos.app.goo.gl\/CMdbhbEiarGStWyHA' target='_blank'>\r\n\t\t\t\t\t\t\t<img src='\/include\/doc\/galerie\/20150320-Coupe_Esssonne_F\u00e9minine-CMdbhbEiarGStWyHA.jpg'><br>\r\n\t\t\t\t\t\t\t<center><font color='#377ad3'>Coupe Esssonne F\u00e9minine<br>20\/03\/2015<\/font><\/center>\r\n\t\t\t\t\t\t<\/a>\r\n\t\t\t\t\t<\/div>\r\n\t\t\t\t\r\n\t\t\t\t\t<div class='divGalerie'>\r\n\t\t\t\t\t\t<a href='https:\/\/photos.app.goo.gl\/NDkFDJGjQTELi9WT8' target='_blank'>\r\n\t\t\t\t\t\t\t<img src='\/include\/doc\/galerie\/20150320-Coupe_Esssonne_15U-NDkFDJGjQTELi9WT8.jpg'><br>\r\n\t\t\t\t\t\t\t<center><font color='#377ad3'>Coupe Esssonne 15U<br>20\/03\/2015<\/font><\/center>\r\n\t\t\t\t\t\t<\/a>\r\n\t\t\t\t\t<\/div>\r\n\t\t\t\t\r\n\t\t\t\t\t<div class='divGalerie'>\r\n\t\t\t\t\t\t<a href='https:\/\/photos.app.goo.gl\/RfuasAee7u1QeYrC7' target='_blank'>\r\n\t\t\t\t\t\t\t<img src='\/include\/doc\/galerie\/20150215-Street_Cricket_Jeunes-RfuasAee7u1QeYrC7.jpg'><br>\r\n\t\t\t\t\t\t\t<center><font color='#377ad3'>Street Cricket Jeunes<br>15\/02\/2015<\/font><\/center>\r\n\t\t\t\t\t\t<\/a>\r\n\t\t\t\t\t<\/div>\r\n\t\t\t\t<br><br><h1>2014<\/h1>\r\n\t\t\t\t\t<div class='divGalerie'>\r\n\t\t\t\t\t\t<a href='https:\/\/photos.app.goo.gl\/DV811ZmZY1axetrGA' target='_blank'>\r\n\t\t\t\t\t\t\t<img src='\/include\/doc\/galerie\/20140928-Finales_SL_et_LN-DV811ZmZY1axetrGA.jpg'><br>\r\n\t\t\t\t\t\t\t<center><font color='#377ad3'>Finales SL et LN<br>28\/09\/2014<\/font><\/center>\r\n\t\t\t\t\t\t<\/a>\r\n\t\t\t\t\t<\/div>\r\n\t\t\t\t\r\n\t\t\t\t\t<div class='divGalerie'>\r\n\t\t\t\t\t\t<a href='https:\/\/photos.app.goo.gl\/2ubCxaYQ5MmEjTuXA' target='_blank'>\r\n\t\t\t\t\t\t\t<img src='\/include\/doc\/galerie\/20140816-Finale_France_Belgique-2ubCxaYQ5MmEjTuXA.jpg'><br>\r\n\t\t\t\t\t\t\t<center><font color='#377ad3'>Finale France Belgique<br>16\/08\/2014<\/font><\/center>\r\n\t\t\t\t\t\t<\/a>\r\n\t\t\t\t\t<\/div>\r\n\t\t\t\t\r\n\t\t\t\t\t<div class='divGalerie'>\r\n\t\t\t\t\t\t<a href='https:\/\/photos.app.goo.gl\/9fDTykAbULG1JVtMA' target='_blank'>\r\n\t\t\t\t\t\t\t<img src='\/include\/doc\/galerie\/20140504-EDF_S\u00e9nior_Stage-9fDTykAbULG1JVtMA.jpg'><br>\r\n\t\t\t\t\t\t\t<center><font color='#377ad3'>EDF S\u00e9nior Stage<br>04\/05\/2014<\/font><\/center>\r\n\t\t\t\t\t\t<\/a>\r\n\t\t\t\t\t<\/div>\r\n\t\t\t\t\r\n\t\t\t\t\t<div class='divGalerie'>\r\n\t\t\t\t\t\t<a href='https:\/\/photos.app.goo.gl\/a76SXK8bKiWBpzCr8' target='_blank'>\r\n\t\t\t\t\t\t\t<img src='\/include\/doc\/galerie\/20140503-EDF_Junior_Stage-a76SXK8bKiWBpzCr8.jpg'><br>\r\n\t\t\t\t\t\t\t<center><font color='#377ad3'>EDF Junior Stage<br>03\/05\/2014<\/font><\/center>\r\n\t\t\t\t\t\t<\/a>\r\n\t\t\t\t\t<\/div>\r\n\t\t\t\t<br><br><h1>2013<\/h1>\r\n\t\t\t\t\t<div class='divGalerie'>\r\n\t\t\t\t\t\t<a href='https:\/\/photos.app.goo.gl\/Gwh45VPfmLaAm7x49' target='_blank'>\r\n\t\t\t\t\t\t\t<img src='\/include\/doc\/galerie\/20130922-Finale_Super_Ligue-Gwh45VPfmLaAm7x49.jpg'><br>\r\n\t\t\t\t\t\t\t<center><font color='#377ad3'>Finale Super Ligue<br>22\/09\/2013<\/font><\/center>\r\n\t\t\t\t\t\t<\/a>\r\n\t\t\t\t\t<\/div>\r\n\t\t\t\t\r\n\t\t\t\t\t<div class='divGalerie'>\r\n\t\t\t\t\t\t<a href='https:\/\/photos.app.goo.gl\/jYUZJ6y88YefaR7L9' target='_blank'>\r\n\t\t\t\t\t\t\t<img src='\/include\/doc\/galerie\/20130922-Finale_Ligue_Nationale-jYUZJ6y88YefaR7L9.jpg'><br>\r\n\t\t\t\t\t\t\t<center><font color='#377ad3'>Finale Ligue Nationale<br>22\/09\/2013<\/font><\/center>\r\n\t\t\t\t\t\t<\/a>\r\n\t\t\t\t\t<\/div>\r\n\t\t\t\t\r\n\t\t\t\t\t<div class='divGalerie'>\r\n\t\t\t\t\t\t<a href='https:\/\/photos.app.goo.gl\/8Uk9AcneZWndNXBG7' target='_blank'>\r\n\t\t\t\t\t\t\t<img src='\/include\/doc\/galerie\/20130224-Street_Cricket_Jeunes-8Uk9AcneZWndNXBG7.jpg'><br>\r\n\t\t\t\t\t\t\t<center><font color='#377ad3'>Street Cricket Jeunes<br>24\/02\/2013<\/font><\/center>\r\n\t\t\t\t\t\t<\/a>\r\n\t\t\t\t\t<\/div>\r\n\t\t\t\t<br><br>\n","protected":false},"excerpt":{"rendered":"","protected":false},"author":1,"featured_media":0,"parent":0,"menu_order":0,"comment_status":"closed","ping_status":"closed","template":"page-templates\/full-width.php","meta":{"cybocfi_hide_featured_image":"","footnotes":""},"tags":[],"class_list":["post-2498","page","type-page","status-publish","hentry"],"_links":{"self":[{"href":"https:\/\/www.francecricket.com\/index.php?rest_route=\/wp\/v2\/pages\/2498","targetHints":{"allow":["GET"]}}],"collection":[{"href":"https:\/\/www.francecricket.com\/index.php?rest_route=\/wp\/v2\/pages"}],"about":[{"href":"https:\/\/www.francecricket.com\/index.php?rest_route=\/wp\/v2\/types\/page"}],"author":[{"embeddable":true,"href":"https:\/\/www.francecricket.com\/index.php?rest_route=\/wp\/v2\/users\/1"}],"replies":[{"embeddable":true,"href":"https:\/\/www.francecricket.com\/index.php?rest_route=%2Fwp%2Fv2%2Fcomments&post=2498"}],"version-history":[{"count":0,"href":"https:\/\/www.francecricket.com\/index.php?rest_route=\/wp\/v2\/pages\/2498\/revisions"}],"wp:attachment":[{"href":"https:\/\/www.francecricket.com\/index.php?rest_route=%2Fwp%2Fv2%2Fmedia&parent=2498"}],"wp:term":[{"taxonomy":"post_tag","embeddable":true,"href":"https:\/\/www.francecricket.com\/index.php?rest_route=%2Fwp%2Fv2%2Ftags&post=2498"}],"curies":[{"name":"wp","href":"https:\/\/api.w.org\/{rel}","templated":true}]}}