{"id":2059,"date":"2020-04-20T13:27:18","date_gmt":"2020-04-20T12:27:18","guid":{"rendered":"https:\/\/www.francecricket.com\/?page_id=2059"},"modified":"2026-03-25T07:37:16","modified_gmt":"2026-03-25T06:37:16","slug":"competitions","status":"publish","type":"page","link":"https:\/\/www.francecricket.com\/?page_id=2059","title":{"rendered":"Comp\u00e9titions"},"content":{"rendered":"<div id=\"pl-2059\"  class=\"panel-layout\" ><div id=\"pg-2059-0\"  class=\"panel-grid panel-no-style\" ><div id=\"pgc-2059-0-0\"  class=\"panel-grid-cell\" ><div id=\"panel-2059-0-0-0\" class=\"widget_text so-panel widget widget_custom_html panel-first-child panel-last-child\" data-index=\"0\" ><div class=\"textwidget custom-html-widget\"><a href=\"\/?page_id=7549\">\n\t<div class=\"tg-service-widget tg-service-layout-2\">\n\t\t<div class=\"service-wrapper\">\n\t\t\t<div class=\"service-icon-title-wrapper clearfix\">\n\t\t\t\t<div class=\"service-icon-wrap\"><i class=\"far fa-calendar-alt\"><\/i><\/div>\n\t\t\t\t<h3 class=\"service-title-wrap\"><font color=\"#377ad3\">Calendrier 2026<\/font><\/h3>\n\t\t\t<\/div>\n\t\t<\/div>\n\t<\/div>\n<\/a><\/div><\/div><\/div><div id=\"pgc-2059-0-1\"  class=\"panel-grid-cell\" ><div id=\"panel-2059-0-1-0\" class=\"widget_text so-panel widget widget_custom_html panel-first-child panel-last-child\" data-index=\"1\" ><div class=\"textwidget custom-html-widget\"><a href=\"\/?page_id=2071\">\n\t<div class=\"tg-service-widget tg-service-layout-2\">\n\t\t<div class=\"service-wrapper\">\n\t\t\t<div class=\"service-icon-title-wrapper clearfix\">\n\t\t\t\t<div class=\"service-icon-wrap\"><i class=\"fas fa-poll\"><\/i><\/div>\n\t\t\t\t<h3 class=\"service-title-wrap\"><font color=\"#377ad3\">R\u00e9sultats<\/font><\/h3>\n\t\t\t<\/div>\n\t\t<\/div>\n\t<\/div>\n<\/a><\/div><\/div><\/div><div id=\"pgc-2059-0-2\"  class=\"panel-grid-cell\" ><div id=\"panel-2059-0-2-0\" class=\"widget_text so-panel widget widget_custom_html panel-first-child panel-last-child\" data-index=\"2\" ><div class=\"textwidget custom-html-widget\"><a href=\"\/?page_id=2081\">\n\t<div class=\"tg-service-widget tg-service-layout-2\">\n\t\t<div class=\"service-wrapper\">\n\t\t\t<div class=\"service-icon-title-wrapper clearfix\">\n\t\t\t\t<div class=\"service-icon-wrap\"><i class=\"fa fa-file-pdf\"><\/i><\/div>\n\t\t\t\t<h3 class=\"service-title-wrap\"><font color=\"#377ad3\">Feuille de match\/score<\/font><\/h3>\n\t\t\t<\/div>\n\t\t<\/div>\n\t<\/div>\n<\/a><\/div><\/div><\/div><div id=\"pgc-2059-0-3\"  class=\"panel-grid-cell\" ><div id=\"panel-2059-0-3-0\" class=\"widget_text so-panel widget widget_custom_html panel-first-child panel-last-child\" data-index=\"3\" ><div class=\"textwidget custom-html-widget\"><a href=\"\/include\/doc\/competition\/2026\/Pr\u00e9sentation des comp\u00e9titions et \u00e9quipes 2026.pdf\">\n\t<div class=\"tg-service-widget tg-service-layout-2\">\n\t\t<div class=\"service-wrapper\">\n\t\t\t<div class=\"service-icon-title-wrapper clearfix\">\n\t\t\t\t<div class=\"service-icon-wrap\"><i class=\"fa fa-file-pdf\"><\/i><\/div>\n\t\t\t\t<h3 class=\"service-title-wrap\"><font color=\"#377ad3\">Comp\u00e9titions FC<br>2026<\/font><\/h3>\n\t\t\t<\/div>\n\t\t<\/div>\n\t<\/div>\n<\/a><\/div><\/div><\/div><div id=\"pgc-2059-0-4\"  class=\"panel-grid-cell\" ><div id=\"panel-2059-0-4-0\" class=\"widget_text so-panel widget widget_custom_html panel-first-child panel-last-child\" data-index=\"4\" ><div class=\"textwidget custom-html-widget\"><a href=\"\/?page_id=2083\">\n\t<div class=\"tg-service-widget tg-service-layout-2\">\n\t\t<div class=\"service-wrapper\">\n\t\t\t<div class=\"service-icon-title-wrapper clearfix\">\n\t\t\t\t<div class=\"service-icon-wrap\"><i class=\"fas fa-gavel\"><\/i><\/div>\n\t\t\t\t<h3 class=\"service-title-wrap\"><font color=\"#377ad3\">R\u00e8glements<\/font><\/h3>\n\t\t\t<\/div>\n\t\t<\/div>\n\t<\/div>\n<\/a><\/div><\/div><\/div><\/div><div id=\"pg-2059-1\"  class=\"panel-grid panel-no-style\" ><div id=\"pgc-2059-1-0\"  class=\"panel-grid-cell\" ><div id=\"panel-2059-1-0-0\" class=\"widget_text so-panel widget widget_custom_html panel-first-child panel-last-child\" data-index=\"5\" ><div class=\"textwidget custom-html-widget\"><a href=\"\/include\/doc\/competition\/2022\/FRANCE CRICKET-Proc\u00e9dure-saison 2022.pdf\">\n\t<div class=\"tg-service-widget tg-service-layout-2\">\n\t\t<div class=\"service-wrapper\">\n\t\t\t<div class=\"service-icon-title-wrapper clearfix\">\n\t\t\t\t<div class=\"service-icon-wrap\"><i class=\"fas fa-clipboard-check\"><\/i><\/div>\n\t\t\t\t<h3 class=\"service-title-wrap\"><font color=\"#377ad3\">Proc\u00e9dure d'homologation<\/font><\/h3>\n\t\t\t<\/div>\n\t\t<\/div>\n\t<\/div>\n<\/a><\/div><\/div><\/div><div id=\"pgc-2059-1-1\"  class=\"panel-grid-cell\" ><div id=\"panel-2059-1-1-0\" class=\"widget_text so-panel widget widget_custom_html panel-first-child panel-last-child\" data-index=\"6\" ><div class=\"textwidget custom-html-widget\"><a href=\"\/?page_id=2644\">\n\t<div class=\"tg-service-widget tg-service-layout-2\">\n\t\t<div class=\"service-wrapper\">\n\t\t\t<div class=\"service-icon-title-wrapper clearfix\">\n\t\t\t\t<div class=\"service-icon-wrap\"><i class=\"fas fa-clipboard-check\"><\/i><\/div>\n\t\t\t\t<h3 class=\"service-title-wrap\"><font color=\"#377ad3\">Demande d'homologation<\/font><\/h3>\n\t\t\t<\/div>\n\t\t<\/div>\n\t<\/div>\n<\/a><\/div><\/div><\/div><div id=\"pgc-2059-1-2\"  class=\"panel-grid-cell\" ><div id=\"panel-2059-1-2-0\" class=\"widget_text so-panel widget widget_custom_html panel-first-child panel-last-child\" data-index=\"7\" ><div class=\"textwidget custom-html-widget\"><a href=\"\/?page_id=4827\">\n\t<div class=\"tg-service-widget tg-service-layout-2\">\n\t\t<div class=\"service-wrapper\">\n\t\t\t<div class=\"service-icon-title-wrapper clearfix\">\n\t\t\t\t<div class=\"service-icon-wrap\"><i class=\"fas fa-clipboard-check\"><\/i><\/div>\n\t\t\t\t<h3 class=\"service-title-wrap\"><font color=\"#377ad3\">Proc\u00e9dure Match amical<\/font><\/h3>\n\t\t\t<\/div>\n\t\t<\/div>\n\t<\/div>\n<\/a><\/div><\/div><\/div><div id=\"pgc-2059-1-3\"  class=\"panel-grid-cell\" ><div id=\"panel-2059-1-3-0\" class=\"widget_text so-panel widget widget_custom_html panel-first-child panel-last-child\" data-index=\"8\" ><div class=\"textwidget custom-html-widget\"><a href=\"\/?page_id=2322\">\n\t<div class=\"tg-service-widget tg-service-layout-2\">\n\t\t<div class=\"service-wrapper\">\n\t\t\t<div class=\"service-icon-title-wrapper clearfix\">\n\t\t\t\t<div class=\"service-icon-wrap\"><i class=\"fas fa-trophy\"><\/i><\/div>\n\t\t\t\t<h3 class=\"service-title-wrap\"><font color=\"#377ad3\">Palmar\u00e8s<\/font><\/h3>\n\t\t\t<\/div>\n\t\t<\/div>\n\t<\/div>\n<\/a><\/div><\/div><\/div><div id=\"pgc-2059-1-4\"  class=\"panel-grid-cell\" ><div id=\"panel-2059-1-4-0\" class=\"widget_text so-panel widget widget_custom_html panel-first-child panel-last-child\" data-index=\"9\" ><div class=\"textwidget custom-html-widget\"><a href=\"\/include\/doc\/competition\/Formulaire_Entente.pdf\">\n\t<div class=\"tg-service-widget tg-service-layout-2\">\n\t\t<div class=\"service-wrapper\">\n\t\t\t<div class=\"service-icon-title-wrapper clearfix\">\n\t\t\t\t<div class=\"service-icon-wrap\"><i class=\"fa fa-file-pdf\"><\/i><\/div>\n\t\t\t\t<h3 class=\"service-title-wrap\"><font color=\"#377ad3\">Formulaire d'entente<\/font><\/h3>\n\t\t\t<\/div>\n\t\t<\/div>\n\t<\/div>\n<\/a><\/div><\/div><\/div><\/div><div id=\"pg-2059-2\"  class=\"panel-grid panel-no-style\" ><div id=\"pgc-2059-2-0\"  class=\"panel-grid-cell\" ><div id=\"panel-2059-2-0-0\" class=\"widget_text so-panel widget widget_custom_html panel-first-child panel-last-child\" data-index=\"10\" ><div class=\"textwidget custom-html-widget\"><a href=\"\/include\/doc\/e-licence\/Formulaire_Derogation.pdf\">\n\t<div class=\"tg-service-widget tg-service-layout-2\">\n\t\t<div class=\"service-wrapper\">\n\t\t\t<div class=\"service-icon-title-wrapper clearfix\">\n\t\t\t\t<div class=\"service-icon-wrap\"><i class=\"fa fa-file-pdf\"><\/i><\/div>\n\t\t\t\t<h3 class=\"service-title-wrap\"><font color=\"#377ad3\">Demande de d\u00e9rogation<\/font><\/h3>\n\t\t\t<\/div>\n\t\t<\/div>\n\t<\/div>\n<\/a><\/div><\/div><\/div><div id=\"pgc-2059-2-1\"  class=\"panel-grid-cell\" ><div id=\"panel-2059-2-1-0\" class=\"widget_text so-panel widget widget_custom_html panel-first-child panel-last-child\" data-index=\"11\" ><div class=\"textwidget custom-html-widget\"><a href=\"\/include\/doc\/e-licence\/Fiche_de_demande_de_mutation.pdf\">\n\t<div class=\"tg-service-widget tg-service-layout-2\">\n\t\t<div class=\"service-wrapper\">\n\t\t\t<div class=\"service-icon-title-wrapper clearfix\">\n\t\t\t\t<div class=\"service-icon-wrap\"><i class=\"fa fa-file-pdf\"><\/i><\/div>\n\t\t\t\t<h3 class=\"service-title-wrap\"><font color=\"#377ad3\">Demande de Mutation<\/font><\/h3>\n\t\t\t<\/div>\n\t\t<\/div>\n\t<\/div>\n<\/a><\/div><\/div><\/div><div id=\"pgc-2059-2-2\"  class=\"panel-grid-cell\" ><div id=\"panel-2059-2-2-0\" class=\"widget_text so-panel widget widget_custom_html panel-first-child panel-last-child\" data-index=\"12\" ><div class=\"textwidget custom-html-widget\"><a href=\"\/include\/doc\/e-licence\/Guide%20Rosters.pdf\">\n\t<div class=\"tg-service-widget tg-service-layout-2\">\n\t\t<div class=\"service-wrapper\">\n\t\t\t<div class=\"service-icon-title-wrapper clearfix\">\n\t\t\t\t<div class=\"service-icon-wrap\"><i class=\"fa fa-file-pdf\"><\/i><\/div>\n\t\t\t\t<h3 class=\"service-title-wrap\"><font color=\"#377ad3\">Proc\u00e9dure eRoster<\/font><\/h3>\n\t\t\t<\/div>\n\t\t<\/div>\n\t<\/div>\n<\/a><\/div><\/div><\/div><div id=\"pgc-2059-2-3\"  class=\"panel-grid-cell\" ><div id=\"panel-2059-2-3-0\" class=\"widget_text so-panel widget widget_custom_html panel-first-child panel-last-child\" data-index=\"13\" ><div class=\"textwidget custom-html-widget\"><a href=\"\/include\/doc\/competition\/How to use France Cricket App.pdf\">\n\t<div class=\"tg-service-widget tg-service-layout-2\">\n\t\t<div class=\"service-wrapper\">\n\t\t\t<div class=\"service-icon-title-wrapper clearfix\">\n\t\t\t\t<div class=\"service-icon-wrap\"><i class=\"fa fa-file-pdf\"><\/i><\/div>\n\t\t\t\t<h3 class=\"service-title-wrap\"><font color=\"#377ad3\">Scoring<br>France Cricket App<\/font><\/h3>\n\t\t\t<\/div>\n\t\t<\/div>\n\t<\/div>\n<\/a><\/div><\/div><\/div><div id=\"pgc-2059-2-4\"  class=\"panel-grid-cell\" ><div id=\"panel-2059-2-4-0\" class=\"widget_text so-panel widget widget_custom_html panel-first-child panel-last-child\" data-index=\"14\" ><div class=\"textwidget custom-html-widget\"><a href=\"\/include\/doc\/competition\/Glossaire.pdf\">\n\t<div class=\"tg-service-widget tg-service-layout-2\">\n\t\t<div class=\"service-wrapper\">\n\t\t\t<div class=\"service-icon-title-wrapper clearfix\">\n\t\t\t\t<div class=\"service-icon-wrap\"><i class=\"fa fa-file-pdf\"><\/i><\/div>\n\t\t\t\t<h3 class=\"service-title-wrap\"><font color=\"#377ad3\">Glossaire English\/Fran\u00e7ais<\/font><\/h3>\n\t\t\t<\/div>\n\t\t<\/div>\n\t<\/div>\n<\/a><\/div><\/div><\/div><\/div><div id=\"pg-2059-3\"  class=\"panel-grid panel-no-style\" ><div id=\"pgc-2059-3-0\"  class=\"panel-grid-cell\" ><div id=\"panel-2059-3-0-0\" class=\"widget_text so-panel widget widget_custom_html panel-first-child panel-last-child\" data-index=\"15\" ><div class=\"textwidget custom-html-widget\"><a href=\"\/?page_id=1483\">\n\t<div class=\"tg-service-widget tg-service-layout-2\">\n\t\t<div class=\"service-wrapper\">\n\t\t\t<div class=\"service-icon-title-wrapper clearfix\">\n\t\t\t\t<div class=\"service-icon-wrap\"><i class=\"fa fa-file-pdf\"><\/i><\/div>\n\t\t\t\t<h3 class=\"service-title-wrap\"><font color=\"#377ad3\">Compte rendu CSNC<\/font><\/h3>\n\t\t\t<\/div>\n\t\t<\/div>\n\t<\/div>\n<\/a><\/div><\/div><\/div><div id=\"pgc-2059-3-1\"  class=\"panel-grid-cell\" ><div id=\"panel-2059-3-1-0\" class=\"widget_text so-panel widget widget_custom_html panel-first-child panel-last-child\" data-index=\"16\" ><div class=\"textwidget custom-html-widget\"><a href=\"\/?page_id=2085\">\n\t<div class=\"tg-service-widget tg-service-layout-2\">\n\t\t<div class=\"service-wrapper\">\n\t\t\t<div class=\"service-icon-title-wrapper clearfix\">\n\t\t\t\t<div class=\"service-icon-wrap\"><i class=\"fas fa-map-marked-alt\"><\/i><\/div>\n\t\t\t\t<h3 class=\"service-title-wrap\"><font color=\"#377ad3\">Adresses des terrains<\/font><\/h3>\n\t\t\t<\/div>\n\t\t<\/div>\n\t<\/div>\n<\/a><\/div><\/div><\/div><div id=\"pgc-2059-3-2\"  class=\"panel-grid-cell\" ><div id=\"panel-2059-3-2-0\" class=\"widget_text so-panel widget widget_custom_html panel-first-child panel-last-child\" data-index=\"17\" ><div class=\"textwidget custom-html-widget\"><a href=\"\/include\/doc\/global\/Comment se connecter \u00e0 la bo\u00eete mail de France Cricket.pdf\">\n\t<div class=\"tg-service-widget tg-service-layout-2\">\n\t\t<div class=\"service-wrapper\">\n\t\t\t<div class=\"service-icon-title-wrapper clearfix\">\n\t\t\t\t<div class=\"service-icon-wrap\"><i class=\"fa fa-file-pdf\"><\/i><\/div>\n\t\t\t\t<h3 class=\"service-title-wrap\"><font color=\"#377ad3\">Connexion Mail<br>France Cricket<\/font><\/h3>\n\t\t\t<\/div>\n\t\t<\/div>\n\t<\/div>\n<\/a><\/div><\/div><\/div><div id=\"pgc-2059-3-3\"  class=\"panel-grid-cell panel-grid-cell-empty panel-grid-cell-mobile-last\" ><\/div><div id=\"pgc-2059-3-4\"  class=\"panel-grid-cell panel-grid-cell-empty\" ><\/div><\/div><\/div>","protected":false},"excerpt":{"rendered":"<p>Calendrier 2026 R\u00e9sultats Feuille de match\/score Comp\u00e9titions FC2026 R\u00e8glements Proc\u00e9dure d&rsquo;homologation Demande d&rsquo;homologation Proc\u00e9dure Match amical Palmar\u00e8s Formulaire d&rsquo;entente Demande [&hellip;]<\/p>\n","protected":false},"author":1,"featured_media":0,"parent":0,"menu_order":0,"comment_status":"closed","ping_status":"closed","template":"page-templates\/full-width.php","meta":{"cybocfi_hide_featured_image":"","footnotes":""},"tags":[],"class_list":["post-2059","page","type-page","status-publish","hentry"],"_links":{"self":[{"href":"https:\/\/www.francecricket.com\/index.php?rest_route=\/wp\/v2\/pages\/2059","targetHints":{"allow":["GET"]}}],"collection":[{"href":"https:\/\/www.francecricket.com\/index.php?rest_route=\/wp\/v2\/pages"}],"about":[{"href":"https:\/\/www.francecricket.com\/index.php?rest_route=\/wp\/v2\/types\/page"}],"author":[{"embeddable":true,"href":"https:\/\/www.francecricket.com\/index.php?rest_route=\/wp\/v2\/users\/1"}],"replies":[{"embeddable":true,"href":"https:\/\/www.francecricket.com\/index.php?rest_route=%2Fwp%2Fv2%2Fcomments&post=2059"}],"version-history":[{"count":9,"href":"https:\/\/www.francecricket.com\/index.php?rest_route=\/wp\/v2\/pages\/2059\/revisions"}],"predecessor-version":[{"id":7566,"href":"https:\/\/www.francecricket.com\/index.php?rest_route=\/wp\/v2\/pages\/2059\/revisions\/7566"}],"wp:attachment":[{"href":"https:\/\/www.francecricket.com\/index.php?rest_route=%2Fwp%2Fv2%2Fmedia&parent=2059"}],"wp:term":[{"taxonomy":"post_tag","embeddable":true,"href":"https:\/\/www.francecricket.com\/index.php?rest_route=%2Fwp%2Fv2%2Ftags&post=2059"}],"curies":[{"name":"wp","href":"https:\/\/api.w.org\/{rel}","templated":true}]}}