{"id":1977,"date":"2020-04-19T18:39:57","date_gmt":"2020-04-19T17:39:57","guid":{"rendered":"https:\/\/www.francecricket.com\/?page_id=1977"},"modified":"2026-03-27T11:22:15","modified_gmt":"2026-03-27T10:22:15","slug":"equipes-de-france","status":"publish","type":"page","link":"https:\/\/www.francecricket.com\/?page_id=1977","title":{"rendered":"International Cricket Team"},"content":{"rendered":"<div id=\"pl-1977\"  class=\"panel-layout\" ><div id=\"pg-1977-0\"  class=\"panel-grid panel-no-style\" ><div id=\"pgc-1977-0-0\"  class=\"panel-grid-cell\" ><div id=\"panel-1977-0-0-0\" class=\"widget_text so-panel widget widget_custom_html panel-first-child panel-last-child\" data-index=\"0\" ><div class=\"textwidget custom-html-widget\"><a href=\"\/?page_id=1982\">\n\t<div class=\"tg-service-widget tg-service-layout-2\">\n\t\t<div class=\"service-wrapper\">\n\t\t\t<div class=\"service-icon-title-wrapper clearfix\">\n\t\t\t\t<div class=\"service-icon-wrap\"><i class=\"fa fa-male\"><\/i><\/div>\n\t\t\t\t<h3 class=\"service-title-wrap\"><font color=\"#377ad3\">S\u00e9nior Masculine<\/font><\/h3>\n\t\t\t<\/div>\n\t\t<\/div>\n\t<\/div>\n<\/a><\/div><\/div><\/div><div id=\"pgc-1977-0-1\"  class=\"panel-grid-cell\" ><div id=\"panel-1977-0-1-0\" class=\"widget_text so-panel widget widget_custom_html panel-first-child panel-last-child\" data-index=\"1\" ><div class=\"textwidget custom-html-widget\"><a href=\"\/?page_id=1984\">\n\t<div class=\"tg-service-widget tg-service-layout-2\">\n\t\t<div class=\"service-wrapper\">\n\t\t\t<div class=\"service-icon-title-wrapper clearfix\">\n\t\t\t\t<div class=\"service-icon-wrap\"><i class=\"fa fa-female\"><\/i><\/div>\n\t\t\t\t<h3 class=\"service-title-wrap\"><font color=\"#377ad3\">S\u00e9nior F\u00e9minine<\/font><\/h3>\n\t\t\t<\/div>\n\t\t<\/div>\n\t<\/div>\n<\/a><\/div><\/div><\/div><div id=\"pgc-1977-0-2\"  class=\"panel-grid-cell\" ><div id=\"panel-1977-0-2-0\" class=\"widget_text so-panel widget widget_custom_html panel-first-child panel-last-child\" data-index=\"2\" ><div class=\"textwidget custom-html-widget\"><a href=\"\/?page_id=1986\">\n\t<div class=\"tg-service-widget tg-service-layout-2\">\n\t\t<div class=\"service-wrapper\">\n\t\t\t<div class=\"service-icon-title-wrapper clearfix\">\n\t\t\t\t<div class=\"service-icon-wrap\"><i class=\"fa fa-child\"><\/i><\/div>\n\t\t\t\t<h3 class=\"service-title-wrap\"><font color=\"#377ad3\">19U<\/font><\/h3>\n\t\t\t<\/div>\n\t\t<\/div>\n\t<\/div>\n<\/a><\/div><\/div><\/div><\/div><\/div>","protected":false},"excerpt":{"rendered":"<p>S\u00e9nior Masculine S\u00e9nior F\u00e9minine 19U<\/p>\n","protected":false},"author":1,"featured_media":0,"parent":0,"menu_order":0,"comment_status":"closed","ping_status":"closed","template":"page-templates\/full-width.php","meta":{"cybocfi_hide_featured_image":"","footnotes":""},"tags":[],"class_list":["post-1977","page","type-page","status-publish","hentry"],"_links":{"self":[{"href":"https:\/\/www.francecricket.com\/index.php?rest_route=\/wp\/v2\/pages\/1977","targetHints":{"allow":["GET"]}}],"collection":[{"href":"https:\/\/www.francecricket.com\/index.php?rest_route=\/wp\/v2\/pages"}],"about":[{"href":"https:\/\/www.francecricket.com\/index.php?rest_route=\/wp\/v2\/types\/page"}],"author":[{"embeddable":true,"href":"https:\/\/www.francecricket.com\/index.php?rest_route=\/wp\/v2\/users\/1"}],"replies":[{"embeddable":true,"href":"https:\/\/www.francecricket.com\/index.php?rest_route=%2Fwp%2Fv2%2Fcomments&post=1977"}],"version-history":[{"count":2,"href":"https:\/\/www.francecricket.com\/index.php?rest_route=\/wp\/v2\/pages\/1977\/revisions"}],"predecessor-version":[{"id":7568,"href":"https:\/\/www.francecricket.com\/index.php?rest_route=\/wp\/v2\/pages\/1977\/revisions\/7568"}],"wp:attachment":[{"href":"https:\/\/www.francecricket.com\/index.php?rest_route=%2Fwp%2Fv2%2Fmedia&parent=1977"}],"wp:term":[{"taxonomy":"post_tag","embeddable":true,"href":"https:\/\/www.francecricket.com\/index.php?rest_route=%2Fwp%2Fv2%2Ftags&post=1977"}],"curies":[{"name":"wp","href":"https:\/\/api.w.org\/{rel}","templated":true}]}}