{"id":1633,"date":"2020-04-18T13:25:21","date_gmt":"2020-04-18T12:25:21","guid":{"rendered":"https:\/\/www.francecricket.com\/?page_id=1633"},"modified":"2023-01-04T14:31:01","modified_gmt":"2023-01-04T13:31:01","slug":"creer-un-club-2","status":"publish","type":"page","link":"https:\/\/www.francecricket.com\/?page_id=1633","title":{"rendered":"Cr\u00e9er un club"},"content":{"rendered":"<p>Si vous ne trouvez pas de club pr\u00e8s de chez vous et c\u2019est souvent le cas en France, o\u00f9 le d\u00e9veloppement du cricket n\u2019est est qu\u2019\u00e0 ses d\u00e9buts, vous pouvez cr\u00e9er votre propre club, en commen\u00e7ant par une association loi 1901 \u00e0 but non-lucratif, et suivre toutes les diff\u00e9rentes \u00e9tapes administratives qui vous m\u00e8neront \u00e0 l\u2019existence d\u2019un club officiel, affili\u00e9 \u00e0 France Cricket.<br \/>\n<a href=\"\/include\/doc\/global\/Dossier-Accueil.pdf\"><img decoding=\"async\" src=\"\/include\/images\/pdf.png\" width=\"50\">Dossier Accueil France Cricket<\/a><\/p>\n","protected":false},"excerpt":{"rendered":"<p>Si vous ne trouvez pas de club pr\u00e8s de chez vous et c\u2019est souvent le cas en France, o\u00f9 le [&hellip;]<\/p>\n","protected":false},"author":1,"featured_media":0,"parent":1594,"menu_order":0,"comment_status":"closed","ping_status":"closed","template":"page-templates\/full-width.php","meta":{"cybocfi_hide_featured_image":"","footnotes":""},"tags":[],"class_list":["post-1633","page","type-page","status-publish","hentry"],"_links":{"self":[{"href":"https:\/\/www.francecricket.com\/index.php?rest_route=\/wp\/v2\/pages\/1633","targetHints":{"allow":["GET"]}}],"collection":[{"href":"https:\/\/www.francecricket.com\/index.php?rest_route=\/wp\/v2\/pages"}],"about":[{"href":"https:\/\/www.francecricket.com\/index.php?rest_route=\/wp\/v2\/types\/page"}],"author":[{"embeddable":true,"href":"https:\/\/www.francecricket.com\/index.php?rest_route=\/wp\/v2\/users\/1"}],"replies":[{"embeddable":true,"href":"https:\/\/www.francecricket.com\/index.php?rest_route=%2Fwp%2Fv2%2Fcomments&post=1633"}],"version-history":[{"count":0,"href":"https:\/\/www.francecricket.com\/index.php?rest_route=\/wp\/v2\/pages\/1633\/revisions"}],"up":[{"embeddable":true,"href":"https:\/\/www.francecricket.com\/index.php?rest_route=\/wp\/v2\/pages\/1594"}],"wp:attachment":[{"href":"https:\/\/www.francecricket.com\/index.php?rest_route=%2Fwp%2Fv2%2Fmedia&parent=1633"}],"wp:term":[{"taxonomy":"post_tag","embeddable":true,"href":"https:\/\/www.francecricket.com\/index.php?rest_route=%2Fwp%2Fv2%2Ftags&post=1633"}],"curies":[{"name":"wp","href":"https:\/\/api.w.org\/{rel}","templated":true}]}}