{"id":1587,"date":"2020-04-18T11:08:29","date_gmt":"2020-04-18T10:08:29","guid":{"rendered":"https:\/\/www.francecricket.com\/?page_id=1587"},"modified":"2025-04-14T17:17:32","modified_gmt":"2025-04-14T16:17:32","slug":"france-cricket","status":"publish","type":"page","link":"https:\/\/www.francecricket.com\/?page_id=1587","title":{"rendered":"France Cricket"},"content":{"rendered":"<div id=\"pl-1587\"  class=\"panel-layout\" ><div id=\"pg-1587-0\"  class=\"panel-grid panel-no-style\" ><div id=\"pgc-1587-0-0\"  class=\"panel-grid-cell\" ><div id=\"panel-1587-0-0-0\" class=\"widget_text so-panel widget widget_custom_html panel-first-child panel-last-child\" data-index=\"0\" ><div class=\"textwidget custom-html-widget\"><a href=\"\/?page_id=2183\">\n\t<div class=\"tg-service-widget tg-service-layout-2\">\n\t\t<div class=\"service-wrapper\">\n\t\t\t<div class=\"service-icon-title-wrapper clearfix\">\n\t\t\t\t<div class=\"service-icon-wrap\"><i class=\"fa fa-newspaper\"><\/i><\/div>\n\t\t\t\t<h3 class=\"service-title-wrap\"><font color=\"#377ad3\">Nous conna\u00eetre<\/font><\/h3>\n\t\t\t<\/div>\n\t\t<\/div>\n\t<\/div>\n<\/a><\/div><\/div><\/div><div id=\"pgc-1587-0-1\"  class=\"panel-grid-cell\" ><div id=\"panel-1587-0-1-0\" class=\"widget_text so-panel widget widget_custom_html panel-first-child panel-last-child\" data-index=\"1\" ><div class=\"textwidget custom-html-widget\"><a href=\"\/?page_id=1177\">\n\t<div class=\"tg-service-widget tg-service-layout-2\">\n\t\t<div class=\"service-wrapper\">\n\t\t\t<div class=\"service-icon-title-wrapper clearfix\">\n\t\t\t\t<div class=\"service-icon-wrap\"><i class=\"fa fa-file-pdf\"><\/i><\/div>\n\t\t\t\t<h3 class=\"service-title-wrap\"><font color=\"#377ad3\">Textes Officiels<\/font><\/h3>\n\t\t\t<\/div>\n\t\t<\/div>\n\t<\/div>\n<\/a><\/div><\/div><\/div><div id=\"pgc-1587-0-2\"  class=\"panel-grid-cell\" ><div id=\"panel-1587-0-2-0\" class=\"widget_text so-panel widget widget_custom_html panel-first-child panel-last-child\" data-index=\"2\" ><div class=\"textwidget custom-html-widget\"><a href=\"\/?page_id=1555\">\n\t<div class=\"tg-service-widget tg-service-layout-2\">\n\t\t<div class=\"service-wrapper\">\n\t\t\t<div class=\"service-icon-title-wrapper clearfix\">\n\t\t\t\t<div class=\"service-icon-wrap\"><i class=\"fa fa-group\"><\/i><\/div>\n\t\t\t\t<h3 class=\"service-title-wrap\"><font color=\"#377ad3\">Assembl\u00e9e G\u00e9n\u00e9rale<\/font><\/h3>\n\t\t\t<\/div>\n\t\t<\/div>\n\t<\/div>\n<\/a><\/div><\/div><\/div><div id=\"pgc-1587-0-3\"  class=\"panel-grid-cell\" ><div id=\"panel-1587-0-3-0\" class=\"widget_text so-panel widget widget_custom_html panel-first-child panel-last-child\" data-index=\"3\" ><div class=\"textwidget custom-html-widget\"><a href=\"\/?page_id=1552\">\n\t<div class=\"tg-service-widget tg-service-layout-2\">\n\t\t<div class=\"service-wrapper\">\n\t\t\t<div class=\"service-icon-title-wrapper clearfix\">\n\t\t\t\t<div class=\"service-icon-wrap\"><i class=\"fa fa-group\"><\/i><\/div>\n\t\t\t\t<h3 class=\"service-title-wrap\"><font color=\"#377ad3\">Comit\u00e9 Directeur<\/font><\/h3>\n\t\t\t<\/div>\n\t\t<\/div>\n\t<\/div>\n<\/a><\/div><\/div><\/div><div id=\"pgc-1587-0-4\"  class=\"panel-grid-cell\" ><div id=\"panel-1587-0-4-0\" class=\"widget_text so-panel widget widget_custom_html panel-first-child panel-last-child\" data-index=\"4\" ><div class=\"textwidget custom-html-widget\"><!--<a href=\"\/?page_id=1466\">-->\n<a href=\"#\">\n\t<div class=\"tg-service-widget tg-service-layout-2\">\n\t\t<div class=\"service-wrapper\">\n\t\t\t<div class=\"service-icon-title-wrapper clearfix\">\n\t\t\t\t<div class=\"service-icon-wrap\"><i class=\"fa fa-group\"><\/i><\/div>\n\t\t\t\t<h3 class=\"service-title-wrap\"><font color=\"#377ad3\">Commissions<\/font><\/h3>\n\t\t\t<\/div>\n\t\t<\/div>\n\t<\/div>\n<\/a><\/div><\/div><\/div><div id=\"pgc-1587-0-5\"  class=\"panel-grid-cell\" ><div id=\"panel-1587-0-5-0\" class=\"widget_text so-panel widget widget_custom_html panel-first-child panel-last-child\" data-index=\"5\" ><div class=\"textwidget custom-html-widget\"><a href=\"\/?page_id=924\">\n\t<div class=\"tg-service-widget tg-service-layout-2\">\n\t\t<div class=\"service-wrapper\">\n\t\t\t<div class=\"service-icon-title-wrapper clearfix\">\n\t\t\t\t<div class=\"service-icon-wrap\"><i class=\"fas fa-project-diagram\"><\/i><\/div>\n\t\t\t\t<h3 class=\"service-title-wrap\"><font color=\"#377ad3\">Organigramme<\/font><\/h3>\n\t\t\t<\/div>\n\t\t<\/div>\n\t<\/div>\n<\/a><\/div><\/div><\/div><\/div><div id=\"pg-1587-1\"  class=\"panel-grid panel-no-style\" ><div id=\"pgc-1587-1-0\"  class=\"panel-grid-cell panel-grid-cell-empty\" ><\/div><div id=\"pgc-1587-1-1\"  class=\"panel-grid-cell\" ><div id=\"panel-1587-1-1-0\" class=\"widget_text so-panel widget widget_custom_html panel-first-child panel-last-child\" data-index=\"6\" ><div class=\"textwidget custom-html-widget\"><a href=\"\/?page_id=3823\">\n\t<div class=\"tg-service-widget tg-service-layout-2\">\n\t\t<div class=\"service-wrapper\">\n\t\t\t<div class=\"service-icon-title-wrapper clearfix\">\n\t\t\t\t<div class=\"service-icon-wrap\"><i class=\"fa fa-newspaper\"><\/i><\/div>\n\t\t\t\t<h3 class=\"service-title-wrap\"><font color=\"#377ad3\">Personnel<\/font><\/h3>\n\t\t\t<\/div>\n\t\t<\/div>\n\t<\/div>\n<\/a><\/div><\/div><\/div><div id=\"pgc-1587-1-2\"  class=\"panel-grid-cell\" ><div id=\"panel-1587-1-2-0\" class=\"widget_text so-panel widget widget_custom_html panel-first-child panel-last-child\" data-index=\"7\" ><div class=\"textwidget custom-html-widget\"><a href=\"https:\/\/www.francecricket.com\/wp-content\/uploads\/France-Cricket-Anti-Corruption-Code.pdf>\n\t<div class=\"tg-service-widget tg-service-layout-2\">\n\t\t<div class=\"service-wrapper\">\n\t\t\t<div class=\"service-icon-title-wrapper clearfix\">\n\t\t\t\t<div class=\"service-icon-wrap\"><i class=\"fa fa-file-pdf\"><\/i><\/div>\n\t\t\t\t<h3 class=\"service-title-wrap\"><font color=\"#377ad3\">Code Anticorruption<\/font><\/h3>\n\t\t\t<\/div>\n\t\t<\/div>\n\t<\/div>\n<\/a><\/div><\/div><\/div><div id=\"pgc-1587-1-3\"  class=\"panel-grid-cell\" ><div id=\"panel-1587-1-3-0\" class=\"widget_text so-panel widget widget_custom_html panel-first-child panel-last-child\" data-index=\"8\" ><div class=\"textwidget custom-html-widget\"><a href=\"https:\/\/www.francecricket.com\/wp-content\/uploads\/France-Cricket-Anti-Doping-Code.pdf\">\n\t<div class=\"tg-service-widget tg-service-layout-2\">\n\t\t<div class=\"service-wrapper\">\n\t\t\t<div class=\"service-icon-title-wrapper clearfix\">\n\t\t\t\t<div class=\"service-icon-wrap\"><i class=\"fa fa-group\"><\/i><\/div>\n\t\t\t\t<h3 class=\"service-title-wrap\"><font color=\"#377ad3\">Code Antidopage<\/font><\/h3>\n\t\t\t<\/div>\n\t\t<\/div>\n\t<\/div>\n<\/a><\/div><\/div><\/div><div id=\"pgc-1587-1-4\"  class=\"panel-grid-cell panel-grid-cell-mobile-last\" ><div id=\"panel-1587-1-4-0\" class=\"widget_text so-panel widget widget_custom_html panel-first-child panel-last-child\" data-index=\"9\" ><div class=\"textwidget custom-html-widget\"><a href=\"https:\/\/www.francecricket.com\/wp-content\/uploads\/France-Cricket-Ethics-Code.pdf\">\n\t<div class=\"tg-service-widget tg-service-layout-2\">\n\t\t<div class=\"service-wrapper\">\n\t\t\t<div class=\"service-icon-title-wrapper clearfix\">\n\t\t\t\t<div class=\"service-icon-wrap\"><i class=\"fa fa-group\"><\/i><\/div>\n\t\t\t\t<h3 class=\"service-title-wrap\"><font color=\"#377ad3\">Code de d\u00e9ontologie<\/font><\/h3>\n\t\t\t<\/div>\n\t\t<\/div>\n\t<\/div>\n<\/a><\/div><\/div><\/div><div id=\"pgc-1587-1-5\"  class=\"panel-grid-cell panel-grid-cell-empty\" ><\/div><\/div><\/div>","protected":false},"excerpt":{"rendered":"<p>Nous conna\u00eetre Textes Officiels Assembl\u00e9e G\u00e9n\u00e9rale Comit\u00e9 Directeur Commissions Organigramme Personnel<\/p>\n","protected":false},"author":1,"featured_media":0,"parent":0,"menu_order":0,"comment_status":"closed","ping_status":"closed","template":"page-templates\/full-width.php","meta":{"cybocfi_hide_featured_image":"","footnotes":""},"tags":[],"class_list":["post-1587","page","type-page","status-publish","hentry"],"_links":{"self":[{"href":"https:\/\/www.francecricket.com\/index.php?rest_route=\/wp\/v2\/pages\/1587","targetHints":{"allow":["GET"]}}],"collection":[{"href":"https:\/\/www.francecricket.com\/index.php?rest_route=\/wp\/v2\/pages"}],"about":[{"href":"https:\/\/www.francecricket.com\/index.php?rest_route=\/wp\/v2\/types\/page"}],"author":[{"embeddable":true,"href":"https:\/\/www.francecricket.com\/index.php?rest_route=\/wp\/v2\/users\/1"}],"replies":[{"embeddable":true,"href":"https:\/\/www.francecricket.com\/index.php?rest_route=%2Fwp%2Fv2%2Fcomments&post=1587"}],"version-history":[{"count":3,"href":"https:\/\/www.francecricket.com\/index.php?rest_route=\/wp\/v2\/pages\/1587\/revisions"}],"predecessor-version":[{"id":7095,"href":"https:\/\/www.francecricket.com\/index.php?rest_route=\/wp\/v2\/pages\/1587\/revisions\/7095"}],"wp:attachment":[{"href":"https:\/\/www.francecricket.com\/index.php?rest_route=%2Fwp%2Fv2%2Fmedia&parent=1587"}],"wp:term":[{"taxonomy":"post_tag","embeddable":true,"href":"https:\/\/www.francecricket.com\/index.php?rest_route=%2Fwp%2Fv2%2Ftags&post=1587"}],"curies":[{"name":"wp","href":"https:\/\/api.w.org\/{rel}","templated":true}]}}