{"id":1580,"date":"2020-04-18T10:50:04","date_gmt":"2020-04-18T09:50:04","guid":{"rendered":"https:\/\/www.francecricket.com\/?page_id=1580"},"modified":"2021-01-08T20:20:25","modified_gmt":"2021-01-08T19:20:25","slug":"decouvrir-le-cricket","status":"publish","type":"page","link":"https:\/\/www.francecricket.com\/?page_id=1580","title":{"rendered":"D\u00e9couvrir le cricket"},"content":{"rendered":"<p><strong>Vous voulez :<\/strong><\/p>\n<ul>\n<li>Apprendre les principes de jeu avec un support ludique ?<br \/>\nVoici une <a href=\"\/include\/doc\/global\/principes.pdf\" target=\"_blank\" rel=\"noopener noreferrer\">explication rapide des principes et r\u00e8gles \u00e9l\u00e9mentaires<\/a>, en bande dessin\u00e9e.<br \/>\nUne autre plaquette, sur les <a href=\"\/include\/doc\/global\/role.pdf\" target=\"_blank\" rel=\"noopener noreferrer\">r\u00f4les de chacun<\/a> sur et autour du terrain.<br \/>\nPour commencer \u00e0 initier les plus jeunes, <a href=\"\/include\/doc\/global\/timetoplay.pdf\" target=\"_blank\" rel=\"noopener noreferrer\">le fascicule \u00ab Time to Play \u00bb<\/a> vous permet de pr\u00e9parer une progression raisonn\u00e9e.<\/li>\n<\/ul>\n<ul>\n<li>Participer \u00e0 une sensibilisation lors d\u2019un \u00e9v\u00e9nement ?<br \/>\nNotre agenda est \u00e0 votre disposition : tous les \u00e9v\u00e9nements \u00e0 venir y sont r\u00e9pertori\u00e9s.<\/li>\n<\/ul>\n<ul>\n<li>Participer \u00e0 une initiation\/entra\u00eenement au sein d\u2019un club ?<br \/>\nNous vous recommandons de prendre contact avec un club pr\u00e8s de chez vous afin de conna\u00eetre les horaires et modalit\u00e9s pour prendre part \u00e0 une s\u00e9ance d\u2019initiation ou d\u2019entra\u00eenement \u2013 Consultez notre annuaire des clubs !<\/li>\n<\/ul>\n<p>Si par malchance il n\u2019y a pas de club dans votre d\u00e9partement ou votre r\u00e9gion, laissez nous un message et nous essaierons d\u2019intervenir directement.<\/p>\n<p><strong>Le cricket en vid\u00e9o :<\/strong><\/p>\n<div class=\"responsive-video\"><iframe loading=\"lazy\" width=\"560\" height=\"315\" src=\"https:\/\/www.youtube.com\/embed\/videoseries?list=PL-dnbdVi50IGJofvb0ORARhYMuW8Zwt1m\" frameborder=\"0\" allow=\"autoplay; encrypted-media\" allowfullscreen><\/iframe><\/div>\n","protected":false},"excerpt":{"rendered":"<p>Vous voulez : Apprendre les principes de jeu avec un support ludique ? Voici une explication rapide des principes et [&hellip;]<\/p>\n","protected":false},"author":1,"featured_media":0,"parent":1594,"menu_order":0,"comment_status":"closed","ping_status":"closed","template":"page-templates\/full-width.php","meta":{"cybocfi_hide_featured_image":"","footnotes":""},"tags":[],"class_list":["post-1580","page","type-page","status-publish","hentry"],"_links":{"self":[{"href":"https:\/\/www.francecricket.com\/index.php?rest_route=\/wp\/v2\/pages\/1580","targetHints":{"allow":["GET"]}}],"collection":[{"href":"https:\/\/www.francecricket.com\/index.php?rest_route=\/wp\/v2\/pages"}],"about":[{"href":"https:\/\/www.francecricket.com\/index.php?rest_route=\/wp\/v2\/types\/page"}],"author":[{"embeddable":true,"href":"https:\/\/www.francecricket.com\/index.php?rest_route=\/wp\/v2\/users\/1"}],"replies":[{"embeddable":true,"href":"https:\/\/www.francecricket.com\/index.php?rest_route=%2Fwp%2Fv2%2Fcomments&post=1580"}],"version-history":[{"count":0,"href":"https:\/\/www.francecricket.com\/index.php?rest_route=\/wp\/v2\/pages\/1580\/revisions"}],"up":[{"embeddable":true,"href":"https:\/\/www.francecricket.com\/index.php?rest_route=\/wp\/v2\/pages\/1594"}],"wp:attachment":[{"href":"https:\/\/www.francecricket.com\/index.php?rest_route=%2Fwp%2Fv2%2Fmedia&parent=1580"}],"wp:term":[{"taxonomy":"post_tag","embeddable":true,"href":"https:\/\/www.francecricket.com\/index.php?rest_route=%2Fwp%2Fv2%2Ftags&post=1580"}],"curies":[{"name":"wp","href":"https:\/\/api.w.org\/{rel}","templated":true}]}}