{"id":1555,"date":"2020-04-17T22:07:56","date_gmt":"2020-04-17T21:07:56","guid":{"rendered":"https:\/\/www.francecricket.com\/?page_id=1555"},"modified":"2026-03-31T18:40:39","modified_gmt":"2026-03-31T17:40:39","slug":"compte-rendu-de-lassemblee-generale-2","status":"publish","type":"page","link":"https:\/\/www.francecricket.com\/?page_id=1555","title":{"rendered":"Assembl\u00e9e G\u00e9n\u00e9rale"},"content":{"rendered":"<p>L&rsquo;Assembl\u00e9e G\u00e9n\u00e9rale se compose des repr\u00e9sentants des clubs affili\u00e9s \u00e0 <span data-olk-copy-source=\"MessageBody\">France Cricket.<\/span><\/p>\n<p>Ces repr\u00e9sentants doivent \u00eatre membres d\u2019un club ayant le droit de voter \u00e0 l\u2019Assembl\u00e9e G\u00e9n\u00e9rale et licenci\u00e9s \u00e0 France Cricket.<\/p>\n<p>Clubs: Seuls les clubs affili\u00e9s b\u00e9n\u00e9ficient d&rsquo;un droit de vote, le nombre de voix est d\u00e9termin\u00e9 en fonction du nombre de licences d\u00e9livr\u00e9es dans le club, selon le bar\u00e8me suivant:<\/p>\n<table style=\"width: 630px;\" align=\"left\">\n<tbody>\n<tr>\n<th style=\"width: 50%; text-align: center !important;\">D\u00e9comptes des Licences<\/th>\n<th style=\"width: 50%; text-align: center !important;\">Voix<\/th>\n<\/tr>\n<tr>\n<th style=\"text-align: center !important;\" colspan=\"2\">Licences de pratiquant en comp\u00e9titions officielles Cricket et non pratiquant<\/th>\n<\/tr>\n<tr>\n<td>12 \u00e0 20 licences<\/td>\n<td>1 Voix<\/td>\n<\/tr>\n<tr>\n<td>21 \u00e0 50 licences<\/td>\n<td>1 Voix suppl\u00e9mentaire<\/td>\n<\/tr>\n<tr>\n<td>51 \u00e0 100 licences<\/td>\n<td>1 Voix suppl\u00e9mentaire<\/td>\n<\/tr>\n<tr>\n<td>Plus de 101 licences<\/td>\n<td>1 Voix suppl\u00e9mentaire par tranche de 100<\/td>\n<\/tr>\n<tr>\n<th style=\"text-align: center !important;\" colspan=\"2\">Cartes et Licences de pratique non comp\u00e9titive : (Loisir, D\u00e9couverte)<\/th>\n<\/tr>\n<tr>\n<td>20 \u00e0 100 licences<\/td>\n<td>1 Voix<\/td>\n<\/tr>\n<tr>\n<td>Au del\u00e0 de 101 licences<\/td>\n<td>1 Voix suppl\u00e9mentaire par tranche de 100<\/td>\n<\/tr>\n<\/tbody>\n<\/table>\n<p>Peuvent assister \u00e0 l&rsquo;Assembl\u00e9e G\u00e9n\u00e9rale, avec voix consultative et sous r\u00e9serve de l&rsquo;autorisation du Pr\u00e9sident et les salari\u00e9s de l&rsquo;Association.<\/p>\n<p>Tous les votes de l&rsquo;Assembl\u00e9e G\u00e9n\u00e9rale portant sur des personnes ont lieu \u00e0 bulletins secrets.<\/p>\n<p>L&rsquo;Assembl\u00e9e G\u00e9n\u00e9rale est convoqu\u00e9e par le pr\u00e9sident de France Cricket. Elle se r\u00e9unit au moins une fois par an, \u00e0 la date et au lieu fix\u00e9s par le Comit\u00e9 Directeur. Elle se r\u00e9unit \u00e9galement chaque fois que sa convocation est demand\u00e9e par le Comit\u00e9 Directeur ou par le tiers des membres de l&rsquo;assembl\u00e9e repr\u00e9sentant le tiers des voix.<\/p>\n<p>L&rsquo;ordre du jour est fix\u00e9 par le Comit\u00e9 Directeur.<\/p>\n<p>L&rsquo;Assembl\u00e9e G\u00e9n\u00e9rale d\u00e9finit, oriente et contr\u00f4le la politique g\u00e9n\u00e9rale de France Cricket.<\/p>\n<p>Elle entend chaque ann\u00e9e les rapports sur la gestion du Comit\u00e9 Directeur et sur la situation morale et financi\u00e8re de France Cricket.<\/p>\n<p>Elle approuve les comptes de l&rsquo;exercice clos et vote le budget de l&rsquo;exercice suivant.<\/p>\n<p>Les proc\u00e8s verbaux de l&rsquo;Assembl\u00e9e G\u00e9n\u00e9rale sont publi\u00e9s sur le site Web de France Cricket.<\/p>\n<strong>Compte rendu de l'assembl\u00e9e g\u00e9n\u00e9rale :<\/strong><br>\r\n\t\t\t\t<div class='divFile'>\r\n\t\t\t\t\t<a href='include\/doc\/ag\/CR_AG-20250808.pdf'>\r\n\t\t\t\t\t\t<div class='tg-service-widget tg-service-layout-2'>\r\n\t\t\t\t\t\t\t<div class='service-wrapper'>\r\n\t\t\t\t\t\t\t\t<div class='service-icon-title-wrapper clearfix'>\r\n\t\t\t\t\t\t\t\t\t<div class='service-icon-wrap'><i class='fa fa-file-pdf'><\/i><\/div><br>\r\n\t\t\t\t\t\t\t\t\t<font color='#377ad3'>CR AG<br>08\/08\/2025<\/font>\r\n\t\t\t\t\t\t\t\t<\/div>\r\n\t\t\t\t\t\t\t<\/div>\r\n\t\t\t\t\t\t<\/div>\r\n\t\t\t\t\t<\/a>\r\n\t\t\t\t<\/div>\r\n\t\t\t\r\n\t\t\t\t<div class='divFile'>\r\n\t\t\t\t\t<a href='include\/doc\/ag\/CR_AG-20250725.pdf'>\r\n\t\t\t\t\t\t<div class='tg-service-widget tg-service-layout-2'>\r\n\t\t\t\t\t\t\t<div class='service-wrapper'>\r\n\t\t\t\t\t\t\t\t<div class='service-icon-title-wrapper clearfix'>\r\n\t\t\t\t\t\t\t\t\t<div class='service-icon-wrap'><i class='fa fa-file-pdf'><\/i><\/div><br>\r\n\t\t\t\t\t\t\t\t\t<font color='#377ad3'>CR AG<br>25\/07\/2025<\/font>\r\n\t\t\t\t\t\t\t\t<\/div>\r\n\t\t\t\t\t\t\t<\/div>\r\n\t\t\t\t\t\t<\/div>\r\n\t\t\t\t\t<\/a>\r\n\t\t\t\t<\/div>\r\n\t\t\t\r\n\t\t\t\t<div class='divFile'>\r\n\t\t\t\t\t<a href='include\/doc\/ag\/CR_AG-20250405.pdf'>\r\n\t\t\t\t\t\t<div class='tg-service-widget tg-service-layout-2'>\r\n\t\t\t\t\t\t\t<div class='service-wrapper'>\r\n\t\t\t\t\t\t\t\t<div class='service-icon-title-wrapper clearfix'>\r\n\t\t\t\t\t\t\t\t\t<div class='service-icon-wrap'><i class='fa fa-file-pdf'><\/i><\/div><br>\r\n\t\t\t\t\t\t\t\t\t<font color='#377ad3'>CR AG<br>05\/04\/2025<\/font>\r\n\t\t\t\t\t\t\t\t<\/div>\r\n\t\t\t\t\t\t\t<\/div>\r\n\t\t\t\t\t\t<\/div>\r\n\t\t\t\t\t<\/a>\r\n\t\t\t\t<\/div>\r\n\t\t\t\r\n\t\t\t\t<div class='divFile'>\r\n\t\t\t\t\t<a href='include\/doc\/ag\/CR_AG-20240330.pdf'>\r\n\t\t\t\t\t\t<div class='tg-service-widget tg-service-layout-2'>\r\n\t\t\t\t\t\t\t<div class='service-wrapper'>\r\n\t\t\t\t\t\t\t\t<div class='service-icon-title-wrapper clearfix'>\r\n\t\t\t\t\t\t\t\t\t<div class='service-icon-wrap'><i class='fa fa-file-pdf'><\/i><\/div><br>\r\n\t\t\t\t\t\t\t\t\t<font color='#377ad3'>CR AG<br>30\/03\/2024<\/font>\r\n\t\t\t\t\t\t\t\t<\/div>\r\n\t\t\t\t\t\t\t<\/div>\r\n\t\t\t\t\t\t<\/div>\r\n\t\t\t\t\t<\/a>\r\n\t\t\t\t<\/div>\r\n\t\t\t\r\n\t\t\t\t<div class='divFile'>\r\n\t\t\t\t\t<a href='include\/doc\/ag\/CR_AG-20230319.pdf'>\r\n\t\t\t\t\t\t<div class='tg-service-widget tg-service-layout-2'>\r\n\t\t\t\t\t\t\t<div class='service-wrapper'>\r\n\t\t\t\t\t\t\t\t<div class='service-icon-title-wrapper clearfix'>\r\n\t\t\t\t\t\t\t\t\t<div class='service-icon-wrap'><i class='fa fa-file-pdf'><\/i><\/div><br>\r\n\t\t\t\t\t\t\t\t\t<font color='#377ad3'>CR AG<br>19\/03\/2023<\/font>\r\n\t\t\t\t\t\t\t\t<\/div>\r\n\t\t\t\t\t\t\t<\/div>\r\n\t\t\t\t\t\t<\/div>\r\n\t\t\t\t\t<\/a>\r\n\t\t\t\t<\/div>\r\n\t\t\t\r\n\t\t\t\t<div class='divFile'>\r\n\t\t\t\t\t<a href='include\/doc\/ag\/CR_AG-20221217.pdf'>\r\n\t\t\t\t\t\t<div class='tg-service-widget tg-service-layout-2'>\r\n\t\t\t\t\t\t\t<div class='service-wrapper'>\r\n\t\t\t\t\t\t\t\t<div class='service-icon-title-wrapper clearfix'>\r\n\t\t\t\t\t\t\t\t\t<div class='service-icon-wrap'><i class='fa fa-file-pdf'><\/i><\/div><br>\r\n\t\t\t\t\t\t\t\t\t<font color='#377ad3'>CR AG<br>17\/12\/2022<\/font>\r\n\t\t\t\t\t\t\t\t<\/div>\r\n\t\t\t\t\t\t\t<\/div>\r\n\t\t\t\t\t\t<\/div>\r\n\t\t\t\t\t<\/a>\r\n\t\t\t\t<\/div>\r\n\t\t\t\r\n\t\t\t\t<div class='divFile'>\r\n\t\t\t\t\t<a href='include\/doc\/ag\/CR_AG-20220921.pdf'>\r\n\t\t\t\t\t\t<div class='tg-service-widget tg-service-layout-2'>\r\n\t\t\t\t\t\t\t<div class='service-wrapper'>\r\n\t\t\t\t\t\t\t\t<div class='service-icon-title-wrapper clearfix'>\r\n\t\t\t\t\t\t\t\t\t<div class='service-icon-wrap'><i class='fa fa-file-pdf'><\/i><\/div><br>\r\n\t\t\t\t\t\t\t\t\t<font color='#377ad3'>CR AG<br>21\/09\/2022<\/font>\r\n\t\t\t\t\t\t\t\t<\/div>\r\n\t\t\t\t\t\t\t<\/div>\r\n\t\t\t\t\t\t<\/div>\r\n\t\t\t\t\t<\/a>\r\n\t\t\t\t<\/div>\r\n\t\t\t\r\n\t\t\t\t<div class='divFile'>\r\n\t\t\t\t\t<a href='include\/doc\/ag\/CR_AG-20220326.pdf'>\r\n\t\t\t\t\t\t<div class='tg-service-widget tg-service-layout-2'>\r\n\t\t\t\t\t\t\t<div class='service-wrapper'>\r\n\t\t\t\t\t\t\t\t<div class='service-icon-title-wrapper clearfix'>\r\n\t\t\t\t\t\t\t\t\t<div class='service-icon-wrap'><i class='fa fa-file-pdf'><\/i><\/div><br>\r\n\t\t\t\t\t\t\t\t\t<font color='#377ad3'>CR AG<br>26\/03\/2022<\/font>\r\n\t\t\t\t\t\t\t\t<\/div>\r\n\t\t\t\t\t\t\t<\/div>\r\n\t\t\t\t\t\t<\/div>\r\n\t\t\t\t\t<\/a>\r\n\t\t\t\t<\/div>\r\n\t\t\t\r\n\t\t\t\t<div class='divFile'>\r\n\t\t\t\t\t<a href='include\/doc\/ag\/CR_AG-20210619.pdf'>\r\n\t\t\t\t\t\t<div class='tg-service-widget tg-service-layout-2'>\r\n\t\t\t\t\t\t\t<div class='service-wrapper'>\r\n\t\t\t\t\t\t\t\t<div class='service-icon-title-wrapper clearfix'>\r\n\t\t\t\t\t\t\t\t\t<div class='service-icon-wrap'><i class='fa fa-file-pdf'><\/i><\/div><br>\r\n\t\t\t\t\t\t\t\t\t<font color='#377ad3'>CR AG<br>19\/06\/2021<\/font>\r\n\t\t\t\t\t\t\t\t<\/div>\r\n\t\t\t\t\t\t\t<\/div>\r\n\t\t\t\t\t\t<\/div>\r\n\t\t\t\t\t<\/a>\r\n\t\t\t\t<\/div>\r\n\t\t\t\r\n\t\t\t\t<div class='divFile'>\r\n\t\t\t\t\t<a href='include\/doc\/ag\/CR_AG-20200620.pdf'>\r\n\t\t\t\t\t\t<div class='tg-service-widget tg-service-layout-2'>\r\n\t\t\t\t\t\t\t<div class='service-wrapper'>\r\n\t\t\t\t\t\t\t\t<div class='service-icon-title-wrapper clearfix'>\r\n\t\t\t\t\t\t\t\t\t<div class='service-icon-wrap'><i class='fa fa-file-pdf'><\/i><\/div><br>\r\n\t\t\t\t\t\t\t\t\t<font color='#377ad3'>CR AG<br>20\/06\/2020<\/font>\r\n\t\t\t\t\t\t\t\t<\/div>\r\n\t\t\t\t\t\t\t<\/div>\r\n\t\t\t\t\t\t<\/div>\r\n\t\t\t\t\t<\/a>\r\n\t\t\t\t<\/div>\r\n\t\t\t\r\n\t\t\t\t<div class='divFile'>\r\n\t\t\t\t\t<a href='include\/doc\/ag\/CR_AG-20190309.pdf'>\r\n\t\t\t\t\t\t<div class='tg-service-widget tg-service-layout-2'>\r\n\t\t\t\t\t\t\t<div class='service-wrapper'>\r\n\t\t\t\t\t\t\t\t<div class='service-icon-title-wrapper clearfix'>\r\n\t\t\t\t\t\t\t\t\t<div class='service-icon-wrap'><i class='fa fa-file-pdf'><\/i><\/div><br>\r\n\t\t\t\t\t\t\t\t\t<font color='#377ad3'>CR AG<br>09\/03\/2019<\/font>\r\n\t\t\t\t\t\t\t\t<\/div>\r\n\t\t\t\t\t\t\t<\/div>\r\n\t\t\t\t\t\t<\/div>\r\n\t\t\t\t\t<\/a>\r\n\t\t\t\t<\/div>\r\n\t\t\t\r\n\t\t\t\t<div class='divFile'>\r\n\t\t\t\t\t<a href='include\/doc\/ag\/CR_AG-20180317.pdf'>\r\n\t\t\t\t\t\t<div class='tg-service-widget tg-service-layout-2'>\r\n\t\t\t\t\t\t\t<div class='service-wrapper'>\r\n\t\t\t\t\t\t\t\t<div class='service-icon-title-wrapper clearfix'>\r\n\t\t\t\t\t\t\t\t\t<div class='service-icon-wrap'><i class='fa fa-file-pdf'><\/i><\/div><br>\r\n\t\t\t\t\t\t\t\t\t<font color='#377ad3'>CR AG<br>17\/03\/2018<\/font>\r\n\t\t\t\t\t\t\t\t<\/div>\r\n\t\t\t\t\t\t\t<\/div>\r\n\t\t\t\t\t\t<\/div>\r\n\t\t\t\t\t<\/a>\r\n\t\t\t\t<\/div>\r\n\t\t\t\r\n\t\t\t\t<div class='divFile'>\r\n\t\t\t\t\t<a href='include\/doc\/ag\/CR_AG-20170304.pdf'>\r\n\t\t\t\t\t\t<div class='tg-service-widget tg-service-layout-2'>\r\n\t\t\t\t\t\t\t<div class='service-wrapper'>\r\n\t\t\t\t\t\t\t\t<div class='service-icon-title-wrapper clearfix'>\r\n\t\t\t\t\t\t\t\t\t<div class='service-icon-wrap'><i class='fa fa-file-pdf'><\/i><\/div><br>\r\n\t\t\t\t\t\t\t\t\t<font color='#377ad3'>CR AG<br>04\/03\/2017<\/font>\r\n\t\t\t\t\t\t\t\t<\/div>\r\n\t\t\t\t\t\t\t<\/div>\r\n\t\t\t\t\t\t<\/div>\r\n\t\t\t\t\t<\/a>\r\n\t\t\t\t<\/div>\r\n\t\t\t\r\n\t\t\t\t<div class='divFile'>\r\n\t\t\t\t\t<a href='include\/doc\/ag\/CR_AG-20160305.pdf'>\r\n\t\t\t\t\t\t<div class='tg-service-widget tg-service-layout-2'>\r\n\t\t\t\t\t\t\t<div class='service-wrapper'>\r\n\t\t\t\t\t\t\t\t<div class='service-icon-title-wrapper clearfix'>\r\n\t\t\t\t\t\t\t\t\t<div class='service-icon-wrap'><i class='fa fa-file-pdf'><\/i><\/div><br>\r\n\t\t\t\t\t\t\t\t\t<font color='#377ad3'>CR AG<br>05\/03\/2016<\/font>\r\n\t\t\t\t\t\t\t\t<\/div>\r\n\t\t\t\t\t\t\t<\/div>\r\n\t\t\t\t\t\t<\/div>\r\n\t\t\t\t\t<\/a>\r\n\t\t\t\t<\/div>\r\n\t\t\t\r\n\t\t\t\t<div class='divFile'>\r\n\t\t\t\t\t<a href='include\/doc\/ag\/CR_AG-20150228.pdf'>\r\n\t\t\t\t\t\t<div class='tg-service-widget tg-service-layout-2'>\r\n\t\t\t\t\t\t\t<div class='service-wrapper'>\r\n\t\t\t\t\t\t\t\t<div class='service-icon-title-wrapper clearfix'>\r\n\t\t\t\t\t\t\t\t\t<div class='service-icon-wrap'><i class='fa fa-file-pdf'><\/i><\/div><br>\r\n\t\t\t\t\t\t\t\t\t<font color='#377ad3'>CR AG<br>28\/02\/2015<\/font>\r\n\t\t\t\t\t\t\t\t<\/div>\r\n\t\t\t\t\t\t\t<\/div>\r\n\t\t\t\t\t\t<\/div>\r\n\t\t\t\t\t<\/a>\r\n\t\t\t\t<\/div>\r\n\t\t\t\r\n\t\t\t\t<div class='divFile'>\r\n\t\t\t\t\t<a href='include\/doc\/ag\/CR_AG-20140301.pdf'>\r\n\t\t\t\t\t\t<div class='tg-service-widget tg-service-layout-2'>\r\n\t\t\t\t\t\t\t<div class='service-wrapper'>\r\n\t\t\t\t\t\t\t\t<div class='service-icon-title-wrapper clearfix'>\r\n\t\t\t\t\t\t\t\t\t<div class='service-icon-wrap'><i class='fa fa-file-pdf'><\/i><\/div><br>\r\n\t\t\t\t\t\t\t\t\t<font color='#377ad3'>CR AG<br>01\/03\/2014<\/font>\r\n\t\t\t\t\t\t\t\t<\/div>\r\n\t\t\t\t\t\t\t<\/div>\r\n\t\t\t\t\t\t<\/div>\r\n\t\t\t\t\t<\/a>\r\n\t\t\t\t<\/div>\r\n\t\t\t\r\n\t\t\t\t<div class='divFile'>\r\n\t\t\t\t\t<a href='include\/doc\/ag\/CR_AG-20130525.pdf'>\r\n\t\t\t\t\t\t<div class='tg-service-widget tg-service-layout-2'>\r\n\t\t\t\t\t\t\t<div class='service-wrapper'>\r\n\t\t\t\t\t\t\t\t<div class='service-icon-title-wrapper clearfix'>\r\n\t\t\t\t\t\t\t\t\t<div class='service-icon-wrap'><i class='fa fa-file-pdf'><\/i><\/div><br>\r\n\t\t\t\t\t\t\t\t\t<font color='#377ad3'>CR AG<br>25\/05\/2013<\/font>\r\n\t\t\t\t\t\t\t\t<\/div>\r\n\t\t\t\t\t\t\t<\/div>\r\n\t\t\t\t\t\t<\/div>\r\n\t\t\t\t\t<\/a>\r\n\t\t\t\t<\/div>\r\n\t\t\t\r\n\t\t\t\t<div class='divFile'>\r\n\t\t\t\t\t<a href='include\/doc\/ag\/CR_AG-20130309.pdf'>\r\n\t\t\t\t\t\t<div class='tg-service-widget tg-service-layout-2'>\r\n\t\t\t\t\t\t\t<div class='service-wrapper'>\r\n\t\t\t\t\t\t\t\t<div class='service-icon-title-wrapper clearfix'>\r\n\t\t\t\t\t\t\t\t\t<div class='service-icon-wrap'><i class='fa fa-file-pdf'><\/i><\/div><br>\r\n\t\t\t\t\t\t\t\t\t<font color='#377ad3'>CR AG<br>09\/03\/2013<\/font>\r\n\t\t\t\t\t\t\t\t<\/div>\r\n\t\t\t\t\t\t\t<\/div>\r\n\t\t\t\t\t\t<\/div>\r\n\t\t\t\t\t<\/a>\r\n\t\t\t\t<\/div>\r\n\t\t\t\r\n\t\t\t\t<div class='divFile'>\r\n\t\t\t\t\t<a href='include\/doc\/ag\/CR_AG-20120303.pdf'>\r\n\t\t\t\t\t\t<div class='tg-service-widget tg-service-layout-2'>\r\n\t\t\t\t\t\t\t<div class='service-wrapper'>\r\n\t\t\t\t\t\t\t\t<div class='service-icon-title-wrapper clearfix'>\r\n\t\t\t\t\t\t\t\t\t<div class='service-icon-wrap'><i class='fa fa-file-pdf'><\/i><\/div><br>\r\n\t\t\t\t\t\t\t\t\t<font color='#377ad3'>CR AG<br>03\/03\/2012<\/font>\r\n\t\t\t\t\t\t\t\t<\/div>\r\n\t\t\t\t\t\t\t<\/div>\r\n\t\t\t\t\t\t<\/div>\r\n\t\t\t\t\t<\/a>\r\n\t\t\t\t<\/div>\r\n\t\t\t\r\n\t\t\t\t<div class='divFile'>\r\n\t\t\t\t\t<a href='include\/doc\/ag\/CR_AG-20110312.pdf'>\r\n\t\t\t\t\t\t<div class='tg-service-widget tg-service-layout-2'>\r\n\t\t\t\t\t\t\t<div class='service-wrapper'>\r\n\t\t\t\t\t\t\t\t<div class='service-icon-title-wrapper clearfix'>\r\n\t\t\t\t\t\t\t\t\t<div class='service-icon-wrap'><i class='fa fa-file-pdf'><\/i><\/div><br>\r\n\t\t\t\t\t\t\t\t\t<font color='#377ad3'>CR AG<br>12\/03\/2011<\/font>\r\n\t\t\t\t\t\t\t\t<\/div>\r\n\t\t\t\t\t\t\t<\/div>\r\n\t\t\t\t\t\t<\/div>\r\n\t\t\t\t\t<\/a>\r\n\t\t\t\t<\/div>\r\n\t\t\t\r\n\t\t\t\t<div class='divFile'>\r\n\t\t\t\t\t<a href='include\/doc\/ag\/CR_AG-20100313.pdf'>\r\n\t\t\t\t\t\t<div class='tg-service-widget tg-service-layout-2'>\r\n\t\t\t\t\t\t\t<div class='service-wrapper'>\r\n\t\t\t\t\t\t\t\t<div class='service-icon-title-wrapper clearfix'>\r\n\t\t\t\t\t\t\t\t\t<div class='service-icon-wrap'><i class='fa fa-file-pdf'><\/i><\/div><br>\r\n\t\t\t\t\t\t\t\t\t<font color='#377ad3'>CR AG<br>13\/03\/2010<\/font>\r\n\t\t\t\t\t\t\t\t<\/div>\r\n\t\t\t\t\t\t\t<\/div>\r\n\t\t\t\t\t\t<\/div>\r\n\t\t\t\t\t<\/a>\r\n\t\t\t\t<\/div>\r\n\t\t\t\r\n\t\t\t\t<div class='divFile'>\r\n\t\t\t\t\t<a href='include\/doc\/ag\/CR_AG-20090315.pdf'>\r\n\t\t\t\t\t\t<div class='tg-service-widget tg-service-layout-2'>\r\n\t\t\t\t\t\t\t<div class='service-wrapper'>\r\n\t\t\t\t\t\t\t\t<div class='service-icon-title-wrapper clearfix'>\r\n\t\t\t\t\t\t\t\t\t<div class='service-icon-wrap'><i class='fa fa-file-pdf'><\/i><\/div><br>\r\n\t\t\t\t\t\t\t\t\t<font color='#377ad3'>CR AG<br>15\/03\/2009<\/font>\r\n\t\t\t\t\t\t\t\t<\/div>\r\n\t\t\t\t\t\t\t<\/div>\r\n\t\t\t\t\t\t<\/div>\r\n\t\t\t\t\t<\/a>\r\n\t\t\t\t<\/div>\r\n\t\t\t\n","protected":false},"excerpt":{"rendered":"<p>L&rsquo;Assembl\u00e9e G\u00e9n\u00e9rale se compose des repr\u00e9sentants des clubs affili\u00e9s \u00e0 France Cricket. Ces repr\u00e9sentants doivent \u00eatre membres d\u2019un club ayant [&hellip;]<\/p>\n","protected":false},"author":1,"featured_media":0,"parent":1587,"menu_order":0,"comment_status":"closed","ping_status":"closed","template":"page-templates\/full-width.php","meta":{"cybocfi_hide_featured_image":"","footnotes":""},"tags":[],"class_list":["post-1555","page","type-page","status-publish","hentry"],"_links":{"self":[{"href":"https:\/\/www.francecricket.com\/index.php?rest_route=\/wp\/v2\/pages\/1555","targetHints":{"allow":["GET"]}}],"collection":[{"href":"https:\/\/www.francecricket.com\/index.php?rest_route=\/wp\/v2\/pages"}],"about":[{"href":"https:\/\/www.francecricket.com\/index.php?rest_route=\/wp\/v2\/types\/page"}],"author":[{"embeddable":true,"href":"https:\/\/www.francecricket.com\/index.php?rest_route=\/wp\/v2\/users\/1"}],"replies":[{"embeddable":true,"href":"https:\/\/www.francecricket.com\/index.php?rest_route=%2Fwp%2Fv2%2Fcomments&post=1555"}],"version-history":[{"count":5,"href":"https:\/\/www.francecricket.com\/index.php?rest_route=\/wp\/v2\/pages\/1555\/revisions"}],"predecessor-version":[{"id":7576,"href":"https:\/\/www.francecricket.com\/index.php?rest_route=\/wp\/v2\/pages\/1555\/revisions\/7576"}],"up":[{"embeddable":true,"href":"https:\/\/www.francecricket.com\/index.php?rest_route=\/wp\/v2\/pages\/1587"}],"wp:attachment":[{"href":"https:\/\/www.francecricket.com\/index.php?rest_route=%2Fwp%2Fv2%2Fmedia&parent=1555"}],"wp:term":[{"taxonomy":"post_tag","embeddable":true,"href":"https:\/\/www.francecricket.com\/index.php?rest_route=%2Fwp%2Fv2%2Ftags&post=1555"}],"curies":[{"name":"wp","href":"https:\/\/api.w.org\/{rel}","templated":true}]}}