{"id":1509,"date":"2020-04-17T20:48:36","date_gmt":"2020-04-17T19:48:36","guid":{"rendered":"https:\/\/www.francecricket.com\/?page_id=1509"},"modified":"2025-08-29T13:48:48","modified_gmt":"2025-08-29T12:48:48","slug":"commission-financiere","status":"publish","type":"page","link":"https:\/\/www.francecricket.com\/?page_id=1509","title":{"rendered":"Commission financi\u00e8re"},"content":{"rendered":"<p><strong>Pr\u00e9sident :<\/strong> Jubaid Ahamed @ <a href=\"mailto:Jubaid.Ahamed@francecricket.com\">Jubaid.Ahamed@francecricket.com<\/a><\/p>\n<p><strong>Vice-pr\u00e9sident :<\/strong>  Prethevechand Thiyagarajan @ <a href=\"mailto:Prethevechand.Thiyagarajan@francecricket.com\">Prethevechand.Thiyagarajan@francecricket.com<\/a><br \/>\n<strong>Secr\u00e9taire :<\/strong> Preethy Navaneetharaju @ <a href=\"mailto:Preethy.Navaneetharaju@francecricket.com\">Preethy.Navaneetharaju@francecricket.com<\/a><\/p>\n<p><a href=\"https:\/\/www.francecricket.com\/include\/doc\/commission\/R%C3%A8glements%20et%20attributions%20commission%20Financi%C3%A8re.pdf\"><strong>R\u00e8glements et attributions de la commission<\/strong><\/a><\/p>\n<strong>Compte rendu :<\/strong><br><br><h1>2018<\/h1>\r\n\t\t\t\t\t<div class='divFile'>\r\n\t\t\t\t\t\t<a href='include\/doc\/financiere\/CR_FIN-20180131.pdf'>\r\n\t\t\t\t\t\t\t<div class='tg-service-widget tg-service-layout-2'>\r\n\t\t\t\t\t\t\t\t<div class='service-wrapper'>\r\n\t\t\t\t\t\t\t\t\t<div class='service-icon-title-wrapper clearfix'>\r\n\t\t\t\t\t\t\t\t\t\t<div class='service-icon-wrap'><i class='fa fa-file-pdf'><\/i><\/div><br>\r\n\t\t\t\t\t\t\t\t\t\t<font color='#377ad3'>CR FIN<br>31\/01\/2018<\/font>\r\n\t\t\t\t\t\t\t\t\t<\/div>\r\n\t\t\t\t\t\t\t\t<\/div>\r\n\t\t\t\t\t\t\t<\/div>\r\n\t\t\t\t\t\t<\/a>\r\n\t\t\t\t\t<\/div>\r\n\t\t\t\t<br><br><h1>2017<\/h1>\r\n\t\t\t\t\t<div class='divFile'>\r\n\t\t\t\t\t\t<a href='include\/doc\/financiere\/CR_FIN-20170201.pdf'>\r\n\t\t\t\t\t\t\t<div class='tg-service-widget tg-service-layout-2'>\r\n\t\t\t\t\t\t\t\t<div class='service-wrapper'>\r\n\t\t\t\t\t\t\t\t\t<div class='service-icon-title-wrapper clearfix'>\r\n\t\t\t\t\t\t\t\t\t\t<div class='service-icon-wrap'><i class='fa fa-file-pdf'><\/i><\/div><br>\r\n\t\t\t\t\t\t\t\t\t\t<font color='#377ad3'>CR FIN<br>01\/02\/2017<\/font>\r\n\t\t\t\t\t\t\t\t\t<\/div>\r\n\t\t\t\t\t\t\t\t<\/div>\r\n\t\t\t\t\t\t\t<\/div>\r\n\t\t\t\t\t\t<\/a>\r\n\t\t\t\t\t<\/div>\r\n\t\t\t\t<br><br><h1>2016<\/h1>\r\n\t\t\t\t\t<div class='divFile'>\r\n\t\t\t\t\t\t<a href='include\/doc\/financiere\/CR_FIN-20160219.pdf'>\r\n\t\t\t\t\t\t\t<div class='tg-service-widget tg-service-layout-2'>\r\n\t\t\t\t\t\t\t\t<div class='service-wrapper'>\r\n\t\t\t\t\t\t\t\t\t<div class='service-icon-title-wrapper clearfix'>\r\n\t\t\t\t\t\t\t\t\t\t<div class='service-icon-wrap'><i class='fa fa-file-pdf'><\/i><\/div><br>\r\n\t\t\t\t\t\t\t\t\t\t<font color='#377ad3'>CR FIN<br>19\/02\/2016<\/font>\r\n\t\t\t\t\t\t\t\t\t<\/div>\r\n\t\t\t\t\t\t\t\t<\/div>\r\n\t\t\t\t\t\t\t<\/div>\r\n\t\t\t\t\t\t<\/a>\r\n\t\t\t\t\t<\/div>\r\n\t\t\t\t\n","protected":false},"excerpt":{"rendered":"<p>Pr\u00e9sident : Jubaid Ahamed @ Jubaid.Ahamed@francecricket.com Vice-pr\u00e9sident : Prethevechand Thiyagarajan @ Prethevechand.Thiyagarajan@francecricket.com Secr\u00e9taire : Preethy Navaneetharaju @ Preethy.Navaneetharaju@francecricket.com R\u00e8glements et [&hellip;]<\/p>\n","protected":false},"author":1,"featured_media":0,"parent":1466,"menu_order":0,"comment_status":"closed","ping_status":"closed","template":"page-templates\/full-width.php","meta":{"cybocfi_hide_featured_image":"","footnotes":""},"tags":[],"class_list":["post-1509","page","type-page","status-publish","hentry"],"_links":{"self":[{"href":"https:\/\/www.francecricket.com\/index.php?rest_route=\/wp\/v2\/pages\/1509","targetHints":{"allow":["GET"]}}],"collection":[{"href":"https:\/\/www.francecricket.com\/index.php?rest_route=\/wp\/v2\/pages"}],"about":[{"href":"https:\/\/www.francecricket.com\/index.php?rest_route=\/wp\/v2\/types\/page"}],"author":[{"embeddable":true,"href":"https:\/\/www.francecricket.com\/index.php?rest_route=\/wp\/v2\/users\/1"}],"replies":[{"embeddable":true,"href":"https:\/\/www.francecricket.com\/index.php?rest_route=%2Fwp%2Fv2%2Fcomments&post=1509"}],"version-history":[{"count":5,"href":"https:\/\/www.francecricket.com\/index.php?rest_route=\/wp\/v2\/pages\/1509\/revisions"}],"predecessor-version":[{"id":7285,"href":"https:\/\/www.francecricket.com\/index.php?rest_route=\/wp\/v2\/pages\/1509\/revisions\/7285"}],"up":[{"embeddable":true,"href":"https:\/\/www.francecricket.com\/index.php?rest_route=\/wp\/v2\/pages\/1466"}],"wp:attachment":[{"href":"https:\/\/www.francecricket.com\/index.php?rest_route=%2Fwp%2Fv2%2Fmedia&parent=1509"}],"wp:term":[{"taxonomy":"post_tag","embeddable":true,"href":"https:\/\/www.francecricket.com\/index.php?rest_route=%2Fwp%2Fv2%2Ftags&post=1509"}],"curies":[{"name":"wp","href":"https:\/\/api.w.org\/{rel}","templated":true}]}}