{"id":1503,"date":"2020-04-17T20:32:48","date_gmt":"2020-04-17T19:32:48","guid":{"rendered":"https:\/\/www.francecricket.com\/?page_id=1503"},"modified":"2021-07-28T19:54:03","modified_gmt":"2021-07-28T18:54:03","slug":"commission-de-lequipe-de-france","status":"publish","type":"page","link":"https:\/\/www.francecricket.com\/?page_id=1503","title":{"rendered":"\u00c9quipes de France"},"content":{"rendered":"<p><strong>Responsable :<\/strong> Asif Zahir @ <a href=\"mailto:Asif.Zahir@francecricket.com\">Asif.Zahir@francecricket.com<\/a><\/p>\n<p><b>R\u00f4le : <a href=\"https:\/\/www.francecricket.com\/include\/doc\/global\/FC-RI.pdf\">cf r\u00e8glement int\u00e9rieur<\/a><\/b><\/p>\n<strong>Compte rendu :<\/strong><br><br><h1>2025<\/h1>\r\n\t\t\t\t\t<div class='divFile'>\r\n\t\t\t\t\t\t<a href='include\/doc\/edf\/CR_EDF-20251003.pdf'>\r\n\t\t\t\t\t\t\t<div class='tg-service-widget tg-service-layout-2'>\r\n\t\t\t\t\t\t\t\t<div class='service-wrapper'>\r\n\t\t\t\t\t\t\t\t\t<div class='service-icon-title-wrapper clearfix'>\r\n\t\t\t\t\t\t\t\t\t\t<div class='service-icon-wrap'><i class='fa fa-file-pdf'><\/i><\/div><br>\r\n\t\t\t\t\t\t\t\t\t\t<font color='#377ad3'>CR EDF<br>03\/10\/2025<\/font>\r\n\t\t\t\t\t\t\t\t\t<\/div>\r\n\t\t\t\t\t\t\t\t<\/div>\r\n\t\t\t\t\t\t\t<\/div>\r\n\t\t\t\t\t\t<\/a>\r\n\t\t\t\t\t<\/div>\r\n\t\t\t\t<br><br><h1>2020<\/h1>\r\n\t\t\t\t\t<div class='divFile'>\r\n\t\t\t\t\t\t<a href='include\/doc\/edf\/CR_EDF-20200327.pdf'>\r\n\t\t\t\t\t\t\t<div class='tg-service-widget tg-service-layout-2'>\r\n\t\t\t\t\t\t\t\t<div class='service-wrapper'>\r\n\t\t\t\t\t\t\t\t\t<div class='service-icon-title-wrapper clearfix'>\r\n\t\t\t\t\t\t\t\t\t\t<div class='service-icon-wrap'><i class='fa fa-file-pdf'><\/i><\/div><br>\r\n\t\t\t\t\t\t\t\t\t\t<font color='#377ad3'>CR EDF<br>27\/03\/2020<\/font>\r\n\t\t\t\t\t\t\t\t\t<\/div>\r\n\t\t\t\t\t\t\t\t<\/div>\r\n\t\t\t\t\t\t\t<\/div>\r\n\t\t\t\t\t\t<\/a>\r\n\t\t\t\t\t<\/div>\r\n\t\t\t\t<br><br><h1>2019<\/h1>\r\n\t\t\t\t\t<div class='divFile'>\r\n\t\t\t\t\t\t<a href='include\/doc\/edf\/CR_EDF-20190802.pdf'>\r\n\t\t\t\t\t\t\t<div class='tg-service-widget tg-service-layout-2'>\r\n\t\t\t\t\t\t\t\t<div class='service-wrapper'>\r\n\t\t\t\t\t\t\t\t\t<div class='service-icon-title-wrapper clearfix'>\r\n\t\t\t\t\t\t\t\t\t\t<div class='service-icon-wrap'><i class='fa fa-file-pdf'><\/i><\/div><br>\r\n\t\t\t\t\t\t\t\t\t\t<font color='#377ad3'>CR EDF<br>02\/08\/2019<\/font>\r\n\t\t\t\t\t\t\t\t\t<\/div>\r\n\t\t\t\t\t\t\t\t<\/div>\r\n\t\t\t\t\t\t\t<\/div>\r\n\t\t\t\t\t\t<\/a>\r\n\t\t\t\t\t<\/div>\r\n\t\t\t\t<br><br><h1>2018<\/h1>\r\n\t\t\t\t\t<div class='divFile'>\r\n\t\t\t\t\t\t<a href='include\/doc\/edf\/CR_EDF-20180226.pdf'>\r\n\t\t\t\t\t\t\t<div class='tg-service-widget tg-service-layout-2'>\r\n\t\t\t\t\t\t\t\t<div class='service-wrapper'>\r\n\t\t\t\t\t\t\t\t\t<div class='service-icon-title-wrapper clearfix'>\r\n\t\t\t\t\t\t\t\t\t\t<div class='service-icon-wrap'><i class='fa fa-file-pdf'><\/i><\/div><br>\r\n\t\t\t\t\t\t\t\t\t\t<font color='#377ad3'>CR EDF<br>26\/02\/2018<\/font>\r\n\t\t\t\t\t\t\t\t\t<\/div>\r\n\t\t\t\t\t\t\t\t<\/div>\r\n\t\t\t\t\t\t\t<\/div>\r\n\t\t\t\t\t\t<\/a>\r\n\t\t\t\t\t<\/div>\r\n\t\t\t\t<br><br><h1>2016<\/h1>\r\n\t\t\t\t\t<div class='divFile'>\r\n\t\t\t\t\t\t<a href='include\/doc\/edf\/CR_EDF-20160212.pdf'>\r\n\t\t\t\t\t\t\t<div class='tg-service-widget tg-service-layout-2'>\r\n\t\t\t\t\t\t\t\t<div class='service-wrapper'>\r\n\t\t\t\t\t\t\t\t\t<div class='service-icon-title-wrapper clearfix'>\r\n\t\t\t\t\t\t\t\t\t\t<div class='service-icon-wrap'><i class='fa fa-file-pdf'><\/i><\/div><br>\r\n\t\t\t\t\t\t\t\t\t\t<font color='#377ad3'>CR EDF<br>12\/02\/2016<\/font>\r\n\t\t\t\t\t\t\t\t\t<\/div>\r\n\t\t\t\t\t\t\t\t<\/div>\r\n\t\t\t\t\t\t\t<\/div>\r\n\t\t\t\t\t\t<\/a>\r\n\t\t\t\t\t<\/div>\r\n\t\t\t\t\n","protected":false},"excerpt":{"rendered":"<p>Responsable : Asif Zahir @ Asif.Zahir@francecricket.com R\u00f4le : cf r\u00e8glement int\u00e9rieur<\/p>\n","protected":false},"author":1,"featured_media":0,"parent":4890,"menu_order":0,"comment_status":"closed","ping_status":"closed","template":"page-templates\/full-width.php","meta":{"cybocfi_hide_featured_image":"","footnotes":""},"tags":[],"class_list":["post-1503","page","type-page","status-publish","hentry"],"_links":{"self":[{"href":"https:\/\/www.francecricket.com\/index.php?rest_route=\/wp\/v2\/pages\/1503","targetHints":{"allow":["GET"]}}],"collection":[{"href":"https:\/\/www.francecricket.com\/index.php?rest_route=\/wp\/v2\/pages"}],"about":[{"href":"https:\/\/www.francecricket.com\/index.php?rest_route=\/wp\/v2\/types\/page"}],"author":[{"embeddable":true,"href":"https:\/\/www.francecricket.com\/index.php?rest_route=\/wp\/v2\/users\/1"}],"replies":[{"embeddable":true,"href":"https:\/\/www.francecricket.com\/index.php?rest_route=%2Fwp%2Fv2%2Fcomments&post=1503"}],"version-history":[{"count":0,"href":"https:\/\/www.francecricket.com\/index.php?rest_route=\/wp\/v2\/pages\/1503\/revisions"}],"up":[{"embeddable":true,"href":"https:\/\/www.francecricket.com\/index.php?rest_route=\/wp\/v2\/pages\/4890"}],"wp:attachment":[{"href":"https:\/\/www.francecricket.com\/index.php?rest_route=%2Fwp%2Fv2%2Fmedia&parent=1503"}],"wp:term":[{"taxonomy":"post_tag","embeddable":true,"href":"https:\/\/www.francecricket.com\/index.php?rest_route=%2Fwp%2Fv2%2Ftags&post=1503"}],"curies":[{"name":"wp","href":"https:\/\/api.w.org\/{rel}","templated":true}]}}