{"id":1177,"date":"2020-03-17T13:41:07","date_gmt":"2020-03-17T12:41:07","guid":{"rendered":"https:\/\/www.francecricket.com\/?page_id=1177"},"modified":"2026-01-04T18:10:14","modified_gmt":"2026-01-04T17:10:14","slug":"textes-officiels","status":"publish","type":"page","link":"https:\/\/www.francecricket.com\/?page_id=1177","title":{"rendered":"Textes Officiels"},"content":{"rendered":"<div id=\"pl-1177\"  class=\"panel-layout\" ><div id=\"pg-1177-0\"  class=\"panel-grid panel-no-style\" ><div id=\"pgc-1177-0-0\"  class=\"panel-grid-cell\" ><div id=\"panel-1177-0-0-0\" class=\"widget_text so-panel widget widget_custom_html panel-first-child panel-last-child\" data-index=\"0\" ><div class=\"textwidget custom-html-widget\"><a href=\"\/include\/doc\/global\/Statuts.pdf\">\n\t<div class=\"tg-service-widget tg-service-layout-2\">\n\t\t<div class=\"service-wrapper\">\n\t\t\t<div class=\"service-icon-title-wrapper clearfix\">\n\t\t\t\t<div class=\"service-icon-wrap\"><i class=\"fa fa-file-pdf\"><\/i><\/div>\n\t\t\t\t<h3 class=\"service-title-wrap\"><font color=\"#377ad3\">FC Statuts<br>8 ao\u00fbt 2025<\/font><\/h3>\n\t\t\t<\/div>\n\t\t<\/div>\n\t<\/div>\n<\/a><\/div><\/div><\/div><div id=\"pgc-1177-0-1\"  class=\"panel-grid-cell\" ><div id=\"panel-1177-0-1-0\" class=\"widget_text so-panel widget widget_custom_html panel-first-child panel-last-child\" data-index=\"1\" ><div class=\"textwidget custom-html-widget\"><a href=\"\/include\/doc\/global\/R\u00e8glement Int\u00e9rieur.pdf\">\n\t<div class=\"tg-service-widget tg-service-layout-2\">\n\t\t<div class=\"service-wrapper\">\n\t\t\t<div class=\"service-icon-title-wrapper clearfix\">\n\t\t\t\t<div class=\"service-icon-wrap\"><i class=\"fa fa-file-pdf\"><\/i><\/div>\n\t\t\t\t<h3 class=\"service-title-wrap\"><font color=\"#377ad3\">R\u00e8glement Int\u00e9rieur<br>5 avril 2025<\/font><\/h3>\n\t\t\t<\/div>\n\t\t<\/div>\n\t<\/div>\n<\/a><\/div><\/div><\/div><div id=\"pgc-1177-0-2\"  class=\"panel-grid-cell\" ><div id=\"panel-1177-0-2-0\" class=\"widget_text so-panel widget widget_custom_html panel-first-child panel-last-child\" data-index=\"2\" ><div class=\"textwidget custom-html-widget\"><a href=\"\/include\/doc\/global\/R\u00e8glement Disciplinaire.pdf\">\n\t<div class=\"tg-service-widget tg-service-layout-2\">\n\t\t<div class=\"service-wrapper\">\n\t\t\t<div class=\"service-icon-title-wrapper clearfix\">\n\t\t\t\t<div class=\"service-icon-wrap\"><i class=\"fa fa-file-pdf\"><\/i><\/div>\n\t\t\t\t<h3 class=\"service-title-wrap\"><font color=\"#377ad3\">R\u00e8glement Disciplinaire<br>5 avril 2025<\/font><\/h3>\n\t\t\t<\/div>\n\t\t<\/div>\n\t<\/div>\n<\/a><\/div><\/div><\/div><\/div><\/div>","protected":false},"excerpt":{"rendered":"<p>FC Statuts8 ao\u00fbt 2025 R\u00e8glement Int\u00e9rieur5 avril 2025 R\u00e8glement Disciplinaire5 avril 2025<\/p>\n","protected":false},"author":1,"featured_media":0,"parent":1587,"menu_order":0,"comment_status":"closed","ping_status":"closed","template":"page-templates\/full-width.php","meta":{"cybocfi_hide_featured_image":"","footnotes":""},"tags":[],"class_list":["post-1177","page","type-page","status-publish","hentry"],"_links":{"self":[{"href":"https:\/\/www.francecricket.com\/index.php?rest_route=\/wp\/v2\/pages\/1177","targetHints":{"allow":["GET"]}}],"collection":[{"href":"https:\/\/www.francecricket.com\/index.php?rest_route=\/wp\/v2\/pages"}],"about":[{"href":"https:\/\/www.francecricket.com\/index.php?rest_route=\/wp\/v2\/types\/page"}],"author":[{"embeddable":true,"href":"https:\/\/www.francecricket.com\/index.php?rest_route=\/wp\/v2\/users\/1"}],"replies":[{"embeddable":true,"href":"https:\/\/www.francecricket.com\/index.php?rest_route=%2Fwp%2Fv2%2Fcomments&post=1177"}],"version-history":[{"count":9,"href":"https:\/\/www.francecricket.com\/index.php?rest_route=\/wp\/v2\/pages\/1177\/revisions"}],"predecessor-version":[{"id":7423,"href":"https:\/\/www.francecricket.com\/index.php?rest_route=\/wp\/v2\/pages\/1177\/revisions\/7423"}],"up":[{"embeddable":true,"href":"https:\/\/www.francecricket.com\/index.php?rest_route=\/wp\/v2\/pages\/1587"}],"wp:attachment":[{"href":"https:\/\/www.francecricket.com\/index.php?rest_route=%2Fwp%2Fv2%2Fmedia&parent=1177"}],"wp:term":[{"taxonomy":"post_tag","embeddable":true,"href":"https:\/\/www.francecricket.com\/index.php?rest_route=%2Fwp%2Fv2%2Ftags&post=1177"}],"curies":[{"name":"wp","href":"https:\/\/api.w.org\/{rel}","templated":true}]}}